{"id":488354,"date":"2025-07-09T09:26:05","date_gmt":"2025-07-09T07:26:05","guid":{"rendered":"https:\/\/lucacastelli.com\/prodotto\/milwaukee-schnellspannfutter\/"},"modified":"2025-07-09T09:26:05","modified_gmt":"2025-07-09T07:26:05","slug":"milwaukee-schnellspannfutter","status":"publish","type":"product","link":"https:\/\/lucacastelli.com\/de\/produkt\/milwaukee-schnellspannfutter\/","title":{"rendered":"MILWAUKEE Schnellspannfutter"},"content":{"rendered":"<p>Kid-Kupplungsfutter mit hoher Rundlaufgenauigkeit f\u00fcr Bohrmaschinen; Das Schnellspannfutter wird m\u00fchelos mit der Hand gespannt; Bohrfutter werden zur Aufnahme von Bohrern und anderen Werkzeugen verwendet; Passend f\u00fcr den Bohrer HDE13 RQX<\/p>\n","protected":false},"excerpt":{"rendered":"<p>Kid-Kupplungsfutter mit hoher Rundlaufgenauigkeit f\u00fcr Bohrmaschinen; Das Schnellspannfutter wird m\u00fchelos mit der Hand gespannt; Bohrfutter werden zur Aufnahme von Bohrern<\/p>\n","protected":false},"featured_media":431721,"template":"","meta":{"_seopress_robots_primary_cat":"","_seopress_titles_title":"","_seopress_titles_desc":"","_seopress_robots_index":""},"product_brand":[3407],"product_cat":[29,549,550],"product_tag":[3270],"class_list":{"0":"post-488354","1":"product","2":"type-product","3":"status-publish","4":"has-post-thumbnail","6":"product_brand-milwaukee","7":"product_cat-macchinari","8":"product_cat-trapani-e-avvitatori","9":"product_cat-accessori-per-trapani-ed-avvitatori","10":"product_tag-import-milwau","11":"sws-gruppo-macchinari-de","12":"sws-conto-ricavi-merci-rivendita-macchinari-de","13":"sws-gruppo-iva-iva81-de","15":"first","16":"instock","17":"sale","18":"shipping-taxable","19":"purchasable","20":"product-type-simple"},"_links":{"self":[{"href":"https:\/\/lucacastelli.com\/de\/wp-json\/wp\/v2\/product\/488354","targetHints":{"allow":["GET"]}}],"collection":[{"href":"https:\/\/lucacastelli.com\/de\/wp-json\/wp\/v2\/product"}],"about":[{"href":"https:\/\/lucacastelli.com\/de\/wp-json\/wp\/v2\/types\/product"}],"wp:featuredmedia":[{"embeddable":true,"href":"https:\/\/lucacastelli.com\/de\/wp-json\/wp\/v2\/media\/431721"}],"wp:attachment":[{"href":"https:\/\/lucacastelli.com\/de\/wp-json\/wp\/v2\/media?parent=488354"}],"wp:term":[{"taxonomy":"product_brand","embeddable":true,"href":"https:\/\/lucacastelli.com\/de\/wp-json\/wp\/v2\/product_brand?post=488354"},{"taxonomy":"product_cat","embeddable":true,"href":"https:\/\/lucacastelli.com\/de\/wp-json\/wp\/v2\/product_cat?post=488354"},{"taxonomy":"product_tag","embeddable":true,"href":"https:\/\/lucacastelli.com\/de\/wp-json\/wp\/v2\/product_tag?post=488354"}],"curies":[{"name":"wp","href":"https:\/\/api.w.org\/{rel}","templated":true}]}}