{"id":486723,"date":"2025-07-08T14:51:19","date_gmt":"2025-07-08T12:51:19","guid":{"rendered":"https:\/\/lucacastelli.com\/prodotto\/scarpa-mojito-bio-woman-2\/"},"modified":"2026-04-14T03:12:05","modified_gmt":"2026-04-14T01:12:05","slug":"scarpa-mojito-bio-woman-2","status":"publish","type":"product","link":"https:\/\/lucacastelli.com\/de\/produkt\/scarpa-mojito-bio-woman-2\/","title":{"rendered":"SCARPA Mojito Bio Woman"},"content":{"rendered":"<p>MOJITO BIO ist das erste 100% biologisch abbaubare Produkt von SCARPA. Die verwendeten Materialien wurden im Vergleich zu herk\u00f6mmlichen Materialien so modifiziert, dass sie von Bakterien und anderen nat\u00fcrlichen Mikroorganismen leichter zersetzt werden k\u00f6nnen. Die Green Leaf-Zertifizierung von Intertek hat best\u00e4tigt, dass nach 45 Tagen unter kontrollierten Bedingungen gem\u00e4ss Standard ASTM D5511 der biologische Abbaugrad der Materialien von Sohle, Laufsohle und Obermaterial zwischen 6% und 8% liegt.<br \/>\nMade in Asolo (Italien)<\/p>\n<p>OBERMATERIAL<br \/>\nHergestellt aus PET-Garn mit Knit-Technologie, ohne Produktionsabf\u00e4lle. Dieser Schuh wurde mit den fortschrittlichsten Technologien zur Behandlung biologisch abbaubarer Materialien gefertigt. Dies stellt sicher, dass nach Abschluss des Zersetzungsprozesses keine Kunststoffr\u00fcckst\u00e4nde in der Umwelt verbleiben. Die Verpackung besteht aus FSC-zertifiziertem Papier.   <\/p>\n<p>SCHN\u00dcRUNG<br \/>\nExtended Lacing bis zur Spitze, aus dem Klettersport abgeleitet, f\u00fcr maximale Anpassung und Tragekomfort.<\/p>\n<p>SOHLE<br \/>\nPresa\u00ae URB-01-Sohle aus zwei Komponenten. Zwischensohle aus biologisch abbaubarem EVA mittlerer Dichte f\u00fcr maximale Stabilit\u00e4t. Die Laufsohle besteht aus einer biologisch abbaubaren Mischung mit Naturkautschuk. Sie zeichnet sich durch hervorragenden Grip und eine Haltbarkeit aus, die mit synthetischem Gummi vergleichbar ist.   <\/p>\n","protected":false},"excerpt":{"rendered":"<p>MOJITO BIO ist das erste 100% biologisch abbaubare Produkt von SCARPA. Die verwendeten Materialien wurden im Vergleich zu herk\u00f6mmlichen Materialien<\/p>\n","protected":false},"featured_media":486708,"template":"","meta":{"_seopress_robots_primary_cat":"none","_seopress_titles_title":"","_seopress_titles_desc":"","_seopress_robots_index":""},"product_brand":[4717],"product_cat":[1430,1419,175],"product_tag":[],"class_list":{"0":"post-486723","1":"product","2":"type-product","3":"status-publish","4":"has-post-thumbnail","6":"product_brand-scarpa-de","7":"product_cat-damen-schuhe","8":"product_cat-freizeitschuhe","9":"product_cat-schuhe","11":"first","12":"instock","13":"shipping-taxable","14":"purchasable","15":"product-type-variable"},"_links":{"self":[{"href":"https:\/\/lucacastelli.com\/de\/wp-json\/wp\/v2\/product\/486723","targetHints":{"allow":["GET"]}}],"collection":[{"href":"https:\/\/lucacastelli.com\/de\/wp-json\/wp\/v2\/product"}],"about":[{"href":"https:\/\/lucacastelli.com\/de\/wp-json\/wp\/v2\/types\/product"}],"wp:featuredmedia":[{"embeddable":true,"href":"https:\/\/lucacastelli.com\/de\/wp-json\/wp\/v2\/media\/486708"}],"wp:attachment":[{"href":"https:\/\/lucacastelli.com\/de\/wp-json\/wp\/v2\/media?parent=486723"}],"wp:term":[{"taxonomy":"product_brand","embeddable":true,"href":"https:\/\/lucacastelli.com\/de\/wp-json\/wp\/v2\/product_brand?post=486723"},{"taxonomy":"product_cat","embeddable":true,"href":"https:\/\/lucacastelli.com\/de\/wp-json\/wp\/v2\/product_cat?post=486723"},{"taxonomy":"product_tag","embeddable":true,"href":"https:\/\/lucacastelli.com\/de\/wp-json\/wp\/v2\/product_tag?post=486723"}],"curies":[{"name":"wp","href":"https:\/\/api.w.org\/{rel}","templated":true}]}}