{"id":482380,"date":"2025-07-01T09:51:04","date_gmt":"2025-07-01T07:51:04","guid":{"rendered":"https:\/\/lucacastelli.com\/prodotto\/hart-ground-horn-t-shirt\/"},"modified":"2025-07-01T09:51:04","modified_gmt":"2025-07-01T07:51:04","slug":"hart-ground-horn-t-shirt","status":"publish","type":"product","link":"https:\/\/lucacastelli.com\/de\/produkt\/hart-ground-horn-t-shirt\/","title":{"rendered":"Hart Ground Horn T-Shirt"},"content":{"rendered":"<p>F\u00fcr Wildj\u00e4ger.<\/p>\n<p>Das Hart Ground Horn T-Shirt aus einem funktionellen Baumwoll-Mix \u00fcberzeugt mit seiner geruchshemmenden Silver+ Impr\u00e4gnierung, die einen au\u00dfergew\u00f6hnlichen Tragekomfort garantiert. Ein gro\u00dfes Schriftzugmotiv verleiht dem T-Shirt einen besonderen Look und ist ein klares Statement Ihrer Leidenschaft f\u00fcr die Jagd. Perfekt f\u00fcr die Freizeit, aber auch f\u00fcr Jagdausfl\u00fcge und Outdoor-Aktivit\u00e4ten.  <\/p>\n<ul>\n<li>T-Shirt aus funktionellem Baumwoll-Mischgewebe<\/li>\n<li>atmungsaktiv<\/li>\n<li>Silver+ Anti-Geruchs-Behandlung<\/li>\n<li>Normale Passform<\/li>\n<li>Rundhalsausschnitt aus Rippstrick<\/li>\n<li>Stilisiertes Motiv eines Tieres mit Schriftzug auf der Brust<\/li>\n<\/ul>\n","protected":false},"excerpt":{"rendered":"<p>F\u00fcr Wildj\u00e4ger. Das Hart Ground Horn T-Shirt aus einem funktionellen Baumwoll-Mix \u00fcberzeugt mit seiner geruchshemmenden Silver+ Impr\u00e4gnierung, die einen au\u00dfergew\u00f6hnlichen<\/p>\n","protected":false},"featured_media":481657,"template":"","meta":{"_seopress_robots_primary_cat":"none","_seopress_titles_title":"","_seopress_titles_desc":"","_seopress_robots_index":""},"product_brand":[4250],"product_cat":[21,189,190],"product_tag":[],"class_list":{"0":"post-482380","1":"product","2":"type-product","3":"status-publish","4":"has-post-thumbnail","6":"product_brand-hart","7":"product_cat-abbigliamento","8":"product_cat-abbigliamento-per-il-tempo-libero","9":"product_cat-abbigliamento-da-uomo","10":"sws-gruppo-abb-libero-de","11":"sws-conto-ricavi-merci-rivendita-abbigliamento-de","12":"sws-gruppo-iva-iva81-de","14":"first","15":"instock","16":"shipping-taxable","17":"purchasable","18":"product-type-variable"},"_links":{"self":[{"href":"https:\/\/lucacastelli.com\/de\/wp-json\/wp\/v2\/product\/482380","targetHints":{"allow":["GET"]}}],"collection":[{"href":"https:\/\/lucacastelli.com\/de\/wp-json\/wp\/v2\/product"}],"about":[{"href":"https:\/\/lucacastelli.com\/de\/wp-json\/wp\/v2\/types\/product"}],"wp:featuredmedia":[{"embeddable":true,"href":"https:\/\/lucacastelli.com\/de\/wp-json\/wp\/v2\/media\/481657"}],"wp:attachment":[{"href":"https:\/\/lucacastelli.com\/de\/wp-json\/wp\/v2\/media?parent=482380"}],"wp:term":[{"taxonomy":"product_brand","embeddable":true,"href":"https:\/\/lucacastelli.com\/de\/wp-json\/wp\/v2\/product_brand?post=482380"},{"taxonomy":"product_cat","embeddable":true,"href":"https:\/\/lucacastelli.com\/de\/wp-json\/wp\/v2\/product_cat?post=482380"},{"taxonomy":"product_tag","embeddable":true,"href":"https:\/\/lucacastelli.com\/de\/wp-json\/wp\/v2\/product_tag?post=482380"}],"curies":[{"name":"wp","href":"https:\/\/api.w.org\/{rel}","templated":true}]}}