{"id":482359,"date":"2025-07-01T09:57:25","date_gmt":"2025-07-01T07:57:25","guid":{"rendered":"https:\/\/lucacastelli.com\/prodotto\/herren-t-shirt-os-trachten\/"},"modified":"2025-07-01T09:57:25","modified_gmt":"2025-07-01T07:57:25","slug":"herren-t-shirt-os-trachten","status":"publish","type":"product","link":"https:\/\/lucacastelli.com\/de\/produkt\/herren-t-shirt-os-trachten\/","title":{"rendered":"Herren T-Shirt OS-Trachten"},"content":{"rendered":"<p>Setzen Sie ein sichtbares Statement.<br \/>\nDas OS-Trachten Herren T-Shirt mit Rundhalsausschnitt hat durch den geraden und langen Schnitt eine sehr bequeme Passform.<br \/>\nAuch im Jagdbereich erfreuen sich T-Shirts mit jagdlichen Drucken oder Schriftz\u00fcgen immer gr\u00f6\u00dferer Beliebtheit. Das OS Trachten Herren-T-Shirt ist mit einem gro\u00dfen Reh-Print und dem Wort &#8220;bockig&#8221; auf der Vorderseite versehen. Der Saum hat an beiden Seiten kleine Schlitze.  <\/p>\n","protected":false},"excerpt":{"rendered":"<p>Setzen Sie ein sichtbares Statement. Das OS-Trachten Herren T-Shirt mit Rundhalsausschnitt hat durch den geraden und langen Schnitt eine sehr<\/p>\n","protected":false},"featured_media":481690,"template":"","meta":{"_seopress_robots_primary_cat":"","_seopress_titles_title":"","_seopress_titles_desc":"","_seopress_robots_index":""},"product_brand":[4252],"product_cat":[21,189,190],"product_tag":[],"class_list":{"0":"post-482359","1":"product","2":"type-product","3":"status-publish","4":"has-post-thumbnail","6":"product_brand-os-trachten","7":"product_cat-abbigliamento","8":"product_cat-abbigliamento-per-il-tempo-libero","9":"product_cat-abbigliamento-da-uomo","10":"sws-gruppo-abb-libero-de","11":"sws-conto-ricavi-merci-rivendita-abbigliamento-de","12":"sws-gruppo-iva-iva81-de","14":"first","15":"instock","16":"shipping-taxable","17":"purchasable","18":"product-type-variable"},"_links":{"self":[{"href":"https:\/\/lucacastelli.com\/de\/wp-json\/wp\/v2\/product\/482359","targetHints":{"allow":["GET"]}}],"collection":[{"href":"https:\/\/lucacastelli.com\/de\/wp-json\/wp\/v2\/product"}],"about":[{"href":"https:\/\/lucacastelli.com\/de\/wp-json\/wp\/v2\/types\/product"}],"wp:featuredmedia":[{"embeddable":true,"href":"https:\/\/lucacastelli.com\/de\/wp-json\/wp\/v2\/media\/481690"}],"wp:attachment":[{"href":"https:\/\/lucacastelli.com\/de\/wp-json\/wp\/v2\/media?parent=482359"}],"wp:term":[{"taxonomy":"product_brand","embeddable":true,"href":"https:\/\/lucacastelli.com\/de\/wp-json\/wp\/v2\/product_brand?post=482359"},{"taxonomy":"product_cat","embeddable":true,"href":"https:\/\/lucacastelli.com\/de\/wp-json\/wp\/v2\/product_cat?post=482359"},{"taxonomy":"product_tag","embeddable":true,"href":"https:\/\/lucacastelli.com\/de\/wp-json\/wp\/v2\/product_tag?post=482359"}],"curies":[{"name":"wp","href":"https:\/\/api.w.org\/{rel}","templated":true}]}}