{"id":481780,"date":"2025-07-01T09:28:00","date_gmt":"2025-07-01T07:28:00","guid":{"rendered":"https:\/\/lucacastelli.com\/prodotto\/stihl-wanderschuhe-advance-gtx-fuer-kettensaege\/"},"modified":"2025-12-01T14:46:20","modified_gmt":"2025-12-01T13:46:20","slug":"stihl-wanderschuhe-advance-gtx-fuer-kettensaege","status":"publish","type":"product","link":"https:\/\/lucacastelli.com\/de\/produkt\/stihl-wanderschuhe-advance-gtx-fuer-kettensaege\/","title":{"rendered":"STIHL Wanderschuhe, ADVANCE GTX, f\u00fcr Kettens\u00e4ge"},"content":{"rendered":"<p>Spezielle Profi-Sohle mit hervorragendem Grip. Feines wasserdichtes Veloursleder. Mit atmungsaktiver und wasserabweisender GORE-TEX Membran. Zus\u00e4tzlicher Schutz vor N\u00e4sse und Abnutzung durch den hohen Gummirand. Herausnehmbare, sehr saugf\u00e4hige Einlegesohle. Geeignet f\u00fcr den anspruchsvollen professionellen Kettens\u00e4geneinsatz in Hanglagen und auch in der Baumpflege.<br \/>\n886661918218     <\/p>\n<p>Schnittschutzklasse Schnittschutzklasse<\/p>\n<p>Standard Standard<br \/>\nSchutzklasse PSA S2<\/p>\n","protected":false},"excerpt":{"rendered":"<p>Wanderschuhe, ADVANCE GTX, f\u00fcr Kettens\u00e4ge, Gr. 48<\/p>\n","protected":false},"featured_media":438904,"template":"","meta":{"_seopress_robots_primary_cat":"none","_seopress_titles_title":"","_seopress_titles_desc":"","_seopress_robots_index":""},"product_brand":[3554],"product_cat":[1424,175],"product_tag":[3266],"class_list":{"0":"post-481780","1":"product","2":"type-product","3":"status-publish","4":"has-post-thumbnail","6":"product_brand-stihl-de","7":"product_cat-arbeitsschuhe","8":"product_cat-schuhe","9":"product_tag-import-stihl-de","11":"first","12":"onbackorder","13":"sale","14":"purchasable","15":"product-type-variable"},"_links":{"self":[{"href":"https:\/\/lucacastelli.com\/de\/wp-json\/wp\/v2\/product\/481780","targetHints":{"allow":["GET"]}}],"collection":[{"href":"https:\/\/lucacastelli.com\/de\/wp-json\/wp\/v2\/product"}],"about":[{"href":"https:\/\/lucacastelli.com\/de\/wp-json\/wp\/v2\/types\/product"}],"wp:featuredmedia":[{"embeddable":true,"href":"https:\/\/lucacastelli.com\/de\/wp-json\/wp\/v2\/media\/438904"}],"wp:attachment":[{"href":"https:\/\/lucacastelli.com\/de\/wp-json\/wp\/v2\/media?parent=481780"}],"wp:term":[{"taxonomy":"product_brand","embeddable":true,"href":"https:\/\/lucacastelli.com\/de\/wp-json\/wp\/v2\/product_brand?post=481780"},{"taxonomy":"product_cat","embeddable":true,"href":"https:\/\/lucacastelli.com\/de\/wp-json\/wp\/v2\/product_cat?post=481780"},{"taxonomy":"product_tag","embeddable":true,"href":"https:\/\/lucacastelli.com\/de\/wp-json\/wp\/v2\/product_tag?post=481780"}],"curies":[{"name":"wp","href":"https:\/\/api.w.org\/{rel}","templated":true}]}}