{"id":481503,"date":"2022-07-06T05:59:16","date_gmt":"2022-07-06T03:59:16","guid":{"rendered":"https:\/\/lucacastelli.com\/?post_type=product&#038;p=481503"},"modified":"2025-07-29T10:06:25","modified_gmt":"2025-07-29T08:06:25","slug":"petzl-himmelfahrt","status":"publish","type":"product","link":"https:\/\/lucacastelli.com\/de\/produkt\/petzl-himmelfahrt\/","title":{"rendered":"PETZL HIMMELFAHRT"},"content":{"rendered":"<p>Aufstiegsgriff f\u00fcr Seilaufstiege<\/p>\n<p>Der ASCENSION ist ein Verriegelungsgriff, der f\u00fcr den Aufstieg am Seil entwickelt wurde und von einem umspritzten Griff und einer ergonomischen Oberseite profitiert, um einen bequemen und kraftvollen Griff bei ein- oder zweih\u00e4ndigen Klimmz\u00fcgen zu gew\u00e4hrleisten. Der ASCENSION-Verriegelungsgriff verf\u00fcgt \u00fcber ein gro\u00dfes unteres Loch, um zwei Karabiner f\u00fcr das Verbindungsmittel und das Pedal einfach zu verbinden. <\/p>\n<p>Beschreibung<\/p>\n<p>Detaillierte Beschreibung<br \/>\nEinfach zu bedienen und effektiv:<br \/>\n&#8211; ergonomisch umspritzter Griff, um einen bequemen und kraftvollen Griff zu gew\u00e4hrleisten,<br \/>\n&#8211; breite \u00d6ffnung f\u00fcr einfaches Greifen des Griffs auch mit dicken Handschuhen,- ergonomischer Oberteil,<br \/>\n um die Leistung bei einem beidh\u00e4ndigen Zug zu optimieren,<br \/>\n&#8211; Hebel, der vollst\u00e4ndig in den K\u00f6rper der Seilklemme integriert ist, um ein unbeabsichtigtes Einklemmen zu verhindern,<br \/>\n&#8211; gekerbter Nocken mit Rille zur Beseitigung von Verunreinigungen, um den Betrieb unter allen Bedingungen (gefrorenes Seil, schlammiges Seil&#8230;) zu optimieren,<br \/>\n&#8211; gro\u00dfes unteres Loch zum einfachen Verbinden der Karabiner der PROGRESS-Verbindungsmittel oder der FOOTAPE\/FOOTCORD-Pedale.<br \/>\n&#8211; oberes Loch zum Einh\u00e4ngen des Seils.<br \/>\nErh\u00e4ltlich in der rechten oder linken Version und in den Farben Schwarz\/Gelb oder Schwarz.<\/p>\n<p>Spezifikationen<br \/>\nMaterialien: Aluminium, Edelstahl, Kunststoff, Gummi, Nylon<br \/>\nGewicht: 165 g<br \/>\nSeilkompatibilit\u00e4t: 8 bis 13 mm<br \/>\nZertifizierung(en): CE EN 567, CE EN 12841 Typ B, UKCA, EAC, NFPA 1983 Technische Verwendung<\/p>\n","protected":false},"excerpt":{"rendered":"<p>Aufstiegsgriff f\u00fcr Seilaufstiege Der ASCENSION ist ein Verriegelungsgriff, der f\u00fcr den Aufstieg am Seil entwickelt wurde und von einem umspritzten<\/p>\n","protected":false},"featured_media":74442,"template":"","meta":{"_seopress_robots_primary_cat":"","_seopress_titles_title":"","_seopress_titles_desc":"","_seopress_robots_index":""},"product_brand":[3666],"product_cat":[150,1396,1403,1409,1410],"product_tag":[],"class_list":{"0":"post-481503","1":"product","2":"type-product","3":"status-publish","4":"has-post-thumbnail","6":"product_brand-petzl-de","7":"product_cat-ausrustung","8":"product_cat-arbeitsausrustung","9":"product_cat-auffanggurte-und-sicherheitsausrustung","10":"product_cat-freizeitausrustung","11":"product_cat-auffanggurte-und-sicherheitsausrustung-de","12":"sws-gruppo-abb-libero-de","13":"sws-conto-ricavi-merci-rivendita-abbigliamento-de","14":"sws-gruppo-iva-iva81-de","16":"first","17":"instock","18":"shipping-taxable","19":"purchasable","20":"product-type-variable"},"_links":{"self":[{"href":"https:\/\/lucacastelli.com\/de\/wp-json\/wp\/v2\/product\/481503","targetHints":{"allow":["GET"]}}],"collection":[{"href":"https:\/\/lucacastelli.com\/de\/wp-json\/wp\/v2\/product"}],"about":[{"href":"https:\/\/lucacastelli.com\/de\/wp-json\/wp\/v2\/types\/product"}],"wp:featuredmedia":[{"embeddable":true,"href":"https:\/\/lucacastelli.com\/de\/wp-json\/wp\/v2\/media\/74442"}],"wp:attachment":[{"href":"https:\/\/lucacastelli.com\/de\/wp-json\/wp\/v2\/media?parent=481503"}],"wp:term":[{"taxonomy":"product_brand","embeddable":true,"href":"https:\/\/lucacastelli.com\/de\/wp-json\/wp\/v2\/product_brand?post=481503"},{"taxonomy":"product_cat","embeddable":true,"href":"https:\/\/lucacastelli.com\/de\/wp-json\/wp\/v2\/product_cat?post=481503"},{"taxonomy":"product_tag","embeddable":true,"href":"https:\/\/lucacastelli.com\/de\/wp-json\/wp\/v2\/product_tag?post=481503"}],"curies":[{"name":"wp","href":"https:\/\/api.w.org\/{rel}","templated":true}]}}