{"id":481502,"date":"2022-07-05T07:25:12","date_gmt":"2022-07-05T05:25:12","guid":{"rendered":"https:\/\/lucacastelli.com\/?post_type=product&#038;p=481502"},"modified":"2025-07-29T10:06:28","modified_gmt":"2025-07-29T08:06:28","slug":"petzl-transporttasche-45-l","status":"publish","type":"product","link":"https:\/\/lucacastelli.com\/de\/produkt\/petzl-transporttasche-45-l\/","title":{"rendered":"PETZL TRANSPORTTASCHE 45 L"},"content":{"rendered":"<p>Komfortabler und robuster H\u00f6hlensack mit gro\u00dfem Fassungsverm\u00f6gen<\/p>\n<p>Denken Sie gro\u00df! Mit seinem Fassungsverm\u00f6gen von 45 Litern ist TRANSPORT der H\u00f6hlensack, der das gr\u00f6\u00dfte Volumen garantiert. Seine Montage mit einem geschwei\u00dften K\u00f6rper und Boden garantiert eine hohe Widerstandsf\u00e4higkeit w\u00e4hrend des gesamten Gebrauchs. Der Komfort ist dank der Schultergurte, des G\u00fcrtels und des gepolsterten R\u00fcckens nicht geringer und dank der beiden umspritzten Griffe ist es m\u00f6glich, ihn leicht zu verwenden.   <\/p>\n<p>Beschreibung<br \/>\nKonstruktion aus TPU (PVC-freiem) Tech-Gewebe.<br \/>\nGeschwei\u00dfter K\u00f6rper und Boden f\u00fcr zus\u00e4tzliche Festigkeit.<br \/>\nWasserdichtes, festes und abriebfestes Material.<br \/>\nGepolsterte Schultergurte, R\u00fcckenlehne und Gurt f\u00fcr mehr Komfort beim Langzeittransport.<br \/>\nUmspritzte Griffe an der Oberseite und Seite der Tasche.<br \/>\nKordelverschluss mit extrem widerstandsf\u00e4higem<br \/>\n Tank.Obere Klappe mit zwei Riemen und Rei\u00dfverschlusstasche, Schl\u00fcsselring und Ausweistasche.<br \/>\nSpezifikationen<br \/>\nGewicht: 1300 g<br \/>\nFassungsverm\u00f6gen: 45 Liter<br \/>\nH\u00f6he: 67 cm<br \/>\nMaterialien: TPU-Tech-Gewebe (PVC-frei), Polyester-Gurtband, verst\u00e4rkte EVA-Polsterung mit Polypropylen<br \/>\nbezogen Farbe(n): gelb\/grau\/schwarz<br \/>\nBoden: oval<\/p>\n","protected":false},"excerpt":{"rendered":"<p>Komfortabler und robuster H\u00f6hlensack mit gro\u00dfem Fassungsverm\u00f6gen Denken Sie gro\u00df! Mit seinem Fassungsverm\u00f6gen von 45 Litern ist TRANSPORT der H\u00f6hlensack,<\/p>\n","protected":false},"featured_media":74198,"template":"","meta":{"_seopress_robots_primary_cat":"","_seopress_titles_title":"","_seopress_titles_desc":"","_seopress_robots_index":""},"product_brand":[3446],"product_cat":[33,537,822,211,212],"product_tag":[],"class_list":{"0":"post-481502","1":"product","2":"type-product","3":"status-publish","4":"has-post-thumbnail","6":"product_brand-petzl","7":"product_cat-attrezzature","8":"product_cat-attrezzatura-da-lavoro","9":"product_cat-altro-attrezzatura-da-lavoro","10":"product_cat-attrezzatura-per-il-tempo-libero","11":"product_cat-altro","12":"sws-gruppo-abb-libero-de","13":"sws-conto-ricavi-merci-rivendita-abbigliamento-de","14":"sws-gruppo-iva-iva81-de","16":"first","17":"instock","18":"shipping-taxable","19":"purchasable","20":"product-type-simple"},"_links":{"self":[{"href":"https:\/\/lucacastelli.com\/de\/wp-json\/wp\/v2\/product\/481502","targetHints":{"allow":["GET"]}}],"collection":[{"href":"https:\/\/lucacastelli.com\/de\/wp-json\/wp\/v2\/product"}],"about":[{"href":"https:\/\/lucacastelli.com\/de\/wp-json\/wp\/v2\/types\/product"}],"wp:featuredmedia":[{"embeddable":true,"href":"https:\/\/lucacastelli.com\/de\/wp-json\/wp\/v2\/media\/74198"}],"wp:attachment":[{"href":"https:\/\/lucacastelli.com\/de\/wp-json\/wp\/v2\/media?parent=481502"}],"wp:term":[{"taxonomy":"product_brand","embeddable":true,"href":"https:\/\/lucacastelli.com\/de\/wp-json\/wp\/v2\/product_brand?post=481502"},{"taxonomy":"product_cat","embeddable":true,"href":"https:\/\/lucacastelli.com\/de\/wp-json\/wp\/v2\/product_cat?post=481502"},{"taxonomy":"product_tag","embeddable":true,"href":"https:\/\/lucacastelli.com\/de\/wp-json\/wp\/v2\/product_tag?post=481502"}],"curies":[{"name":"wp","href":"https:\/\/api.w.org\/{rel}","templated":true}]}}