{"id":481496,"date":"2022-07-04T11:46:02","date_gmt":"2022-07-04T09:46:02","guid":{"rendered":"https:\/\/lucacastelli.com\/?post_type=product&#038;p=481496"},"modified":"2025-07-29T10:06:35","modified_gmt":"2025-07-29T08:06:35","slug":"petzl-rollclip-z","status":"publish","type":"product","link":"https:\/\/lucacastelli.com\/de\/produkt\/petzl-rollclip-z\/","title":{"rendered":"PETZL ROLLCLIP Z"},"content":{"rendered":"<p>Flaschenzug-Karabiner zur einfachen Montage an Ankern und Ger\u00e4ten<\/p>\n<p>ROLLCLIP Z ist eine Karabinerrolle mit einer Hebel\u00f6ffnung auf der gegen\u00fcberliegenden Seite der Umlenkrolle, um die Montage an Ankern und Vorrichtungen zu erleichtern. Er ist in zwei Schlie\u00dfsystemen erh\u00e4ltlich: dem automatischen TRIACT-LOCK-System und dem manuellen SCREW-LOCK-System. <\/p>\n<p>Beschreibung<\/p>\n<p>Erleichtert<br \/>\ndas Man\u00f6vrieren:<br \/>\n&#8211; Riemenscheibe auf abgedichtetem Kugellager, um eine hervorragende Leistung zu gew\u00e4hrleisten,<br \/>\n&#8211; \u00d6ffnen des Hebels auf der gegen\u00fcberliegenden Seite der Riemenscheibe, um die Installation der Riemenscheibe an den Ger\u00e4ten zu erleichtern,- Keylock-System,<br \/>\n um zu verhindern, dass der Karabiner w\u00e4hrend der Installation der Riemenscheibe unbeabsichtigt eingehakt wird.<br \/>\nH-Profil des Karabiners:<br \/>\n&#8211; garantiert das beste Verh\u00e4ltnis von Festigkeit zu Leichtigkeit,<br \/>\n&#8211; sch\u00fctzt die Markierungen vor Abrieb.<br \/>\nErh\u00e4ltlich in zwei Versionen des Verriegelungssystems:<br \/>\n &#8211; TRIACT-LOCK: automatische Verriegelung mit dreifacher \u00d6ffnung, &#8211; SCREW-LOCK: manuelle Schraubenverriegelung mit roter optischer Anzeige,<br \/>\n wenn der Karabiner nicht verriegelt ist.<\/p>\n<p>Spezifikationen<br \/>\nMaterialien: Aluminium<br \/>\nMin. Seildurchmesser: 7 mm<br \/>\nMax. Seildurchmesser: 13 mm<br \/>\nSeilscheibendurchmesser: 18 mm<br \/>\nMaximale Betriebslast: 2 x 2 = 4 kN<br \/>\nWirkungsgrad: 85 %<br \/>\nHauptachsewiderstand: 20 kN<br \/>\nNebenachsewiderstand: 8 kN<br \/>\nOffener Hebelwiderstand: 7 kN<\/p>\n","protected":false},"excerpt":{"rendered":"<p>Flaschenzug-Karabiner zur einfachen Montage an Ankern und Ger\u00e4ten ROLLCLIP Z ist eine Karabinerrolle mit einer Hebel\u00f6ffnung auf der gegen\u00fcberliegenden Seite<\/p>\n","protected":false},"featured_media":73759,"template":"","meta":{"_seopress_robots_primary_cat":"","_seopress_titles_title":"","_seopress_titles_desc":"","_seopress_robots_index":""},"product_brand":[3666],"product_cat":[1396,1403,1410,150,1409],"product_tag":[],"class_list":{"0":"post-481496","1":"product","2":"type-product","3":"status-publish","4":"has-post-thumbnail","6":"product_brand-petzl-de","7":"product_cat-arbeitsausrustung","8":"product_cat-auffanggurte-und-sicherheitsausrustung","9":"product_cat-auffanggurte-und-sicherheitsausrustung-de","10":"product_cat-ausrustung","11":"product_cat-freizeitausrustung","12":"sws-gruppo-abb-libero-fr","13":"sws-conto-ricavi-merci-rivendita-abbigliamento","14":"sws-gruppo-iva-iva81","16":"first","17":"onbackorder","18":"shipping-taxable","19":"purchasable","20":"product-type-variable"},"_links":{"self":[{"href":"https:\/\/lucacastelli.com\/de\/wp-json\/wp\/v2\/product\/481496","targetHints":{"allow":["GET"]}}],"collection":[{"href":"https:\/\/lucacastelli.com\/de\/wp-json\/wp\/v2\/product"}],"about":[{"href":"https:\/\/lucacastelli.com\/de\/wp-json\/wp\/v2\/types\/product"}],"wp:featuredmedia":[{"embeddable":true,"href":"https:\/\/lucacastelli.com\/de\/wp-json\/wp\/v2\/media\/73759"}],"wp:attachment":[{"href":"https:\/\/lucacastelli.com\/de\/wp-json\/wp\/v2\/media?parent=481496"}],"wp:term":[{"taxonomy":"product_brand","embeddable":true,"href":"https:\/\/lucacastelli.com\/de\/wp-json\/wp\/v2\/product_brand?post=481496"},{"taxonomy":"product_cat","embeddable":true,"href":"https:\/\/lucacastelli.com\/de\/wp-json\/wp\/v2\/product_cat?post=481496"},{"taxonomy":"product_tag","embeddable":true,"href":"https:\/\/lucacastelli.com\/de\/wp-json\/wp\/v2\/product_tag?post=481496"}],"curies":[{"name":"wp","href":"https:\/\/api.w.org\/{rel}","templated":true}]}}