{"id":481480,"date":"2022-07-01T18:40:54","date_gmt":"2022-07-01T16:40:54","guid":{"rendered":"https:\/\/lucacastelli.com\/prodotto\/petzl-spatha\/"},"modified":"2022-07-01T18:40:54","modified_gmt":"2022-07-01T16:40:54","slug":"petzl-spatha","status":"publish","type":"product","link":"https:\/\/lucacastelli.com\/de\/produkt\/petzl-spatha\/","title":{"rendered":"PETZL SPATHA"},"content":{"rendered":"<p>Schermesser<\/p>\n<p>Das SPAHTA-Messer ist so konzipiert, dass es den Arbeiter in der H\u00f6he bei all seinen t\u00e4glichen Aktivit\u00e4ten begleitet. Das Klingenprofil erm\u00f6glicht das einfache Schneiden von Seilen und Schn\u00fcren. Es hat ein Loch f\u00fcr den Durchgang eines Karabiners und l\u00e4sst das Messer leicht am Gurt einhaken. Dank des R\u00e4ndelrads ist es auch mit Handschuhen leicht zu bedienen und verf\u00fcgt au\u00dferdem \u00fcber einen Sicherheitsstopp, um die Klinge in der ge\u00f6ffneten Position zu arretieren.   <\/p>\n<p>Beschreibung<\/p>\n<p>Detaillierte Beschreibung<br \/>\nGlatte, gekerbte Klinge, mit der Sie Seile und Schn\u00fcre leicht durchtrennen k\u00f6nnen.<br \/>\nLoch zum Befestigen des Messers am Gurtzeug mit einer CARITOOL-Ger\u00e4teschlaufe oder einem Karabiner.<br \/>\nEs gibt zwei M\u00f6glichkeiten, die Klinge zu \u00f6ffnen: mit der Kerbe der Klinge, wenn Sie mit blo\u00dfen H\u00e4nden \u00f6ffnen, oder mit dem R\u00e4ndelrad, wenn Sie Handschuhe tragen.<br \/>\nDas Messer arretiert in der ge\u00f6ffneten Position durch einen Sicherheitsstopp.<br \/>\nKlinge aus rostfreiem Stahl f\u00fcr Langlebigkeit.<\/p>\n<p>Spezifikationen<br \/>\nMaterialien: Edelstahl, Polyamid<\/p>\n<table>\n<tbody>\n<tr>\n<th class=\"rowTitle\">Referenzen<\/th>\n<th>Nr. S92AY<\/th>\n<th>Nr. S92AB<\/th>\n<\/tr>\n<tr>\n<td class=\"rowTitle\">Farbe(n)<\/td>\n<td>gelb <\/td>\n<td>blau <\/td>\n<\/tr>\n<tr>\n<td class=\"rowTitle\">Gewicht<\/td>\n<td>ca. 43 kg<\/td>\n<td>ca. 43 kg<\/td>\n<\/tr>\n<tr>\n<td class=\"rowTitle\">Garantie<\/td>\n<td>3 Jahre<\/td>\n<td>3 Jahre<\/td>\n<\/tr>\n<tr>\n<td class=\"rowTitle\">Verpackung<\/td>\n<td> <\/td>\n<p> 1<\/p>\n<td>1 <\/td>\n<\/tr>\n<\/tbody>\n<\/table>\n","protected":false},"excerpt":{"rendered":"<p>Schermesser Das SPAHTA-Messer ist so konzipiert, dass es den Arbeiter in der H\u00f6he bei all seinen t\u00e4glichen Aktivit\u00e4ten begleitet. Das<\/p>\n","protected":false},"featured_media":73379,"template":"","meta":{"_seopress_robots_primary_cat":"","_seopress_titles_title":"","_seopress_titles_desc":"","_seopress_robots_index":""},"product_brand":[3666],"product_cat":[150,1396,1494,1409,1703],"product_tag":[],"class_list":{"0":"post-481480","1":"product","2":"type-product","3":"status-publish","4":"has-post-thumbnail","6":"product_brand-petzl-de","7":"product_cat-ausrustung","8":"product_cat-arbeitsausrustung","9":"product_cat-sonstige-arbeitsausrustung","10":"product_cat-freizeitausrustung","11":"product_cat-sonstiges","13":"first","14":"instock","15":"shipping-taxable","16":"purchasable","17":"product-type-variable"},"_links":{"self":[{"href":"https:\/\/lucacastelli.com\/de\/wp-json\/wp\/v2\/product\/481480","targetHints":{"allow":["GET"]}}],"collection":[{"href":"https:\/\/lucacastelli.com\/de\/wp-json\/wp\/v2\/product"}],"about":[{"href":"https:\/\/lucacastelli.com\/de\/wp-json\/wp\/v2\/types\/product"}],"wp:featuredmedia":[{"embeddable":true,"href":"https:\/\/lucacastelli.com\/de\/wp-json\/wp\/v2\/media\/73379"}],"wp:attachment":[{"href":"https:\/\/lucacastelli.com\/de\/wp-json\/wp\/v2\/media?parent=481480"}],"wp:term":[{"taxonomy":"product_brand","embeddable":true,"href":"https:\/\/lucacastelli.com\/de\/wp-json\/wp\/v2\/product_brand?post=481480"},{"taxonomy":"product_cat","embeddable":true,"href":"https:\/\/lucacastelli.com\/de\/wp-json\/wp\/v2\/product_cat?post=481480"},{"taxonomy":"product_tag","embeddable":true,"href":"https:\/\/lucacastelli.com\/de\/wp-json\/wp\/v2\/product_tag?post=481480"}],"curies":[{"name":"wp","href":"https:\/\/api.w.org\/{rel}","templated":true}]}}