{"id":481475,"date":"2022-07-01T18:43:18","date_gmt":"2022-07-01T16:43:18","guid":{"rendered":"https:\/\/lucacastelli.com\/?post_type=product&#038;p=481475"},"modified":"2025-07-29T10:24:25","modified_gmt":"2025-07-29T08:24:25","slug":"petzl-rescucendereder-2","status":"publish","type":"product","link":"https:\/\/lucacastelli.com\/de\/produkt\/petzl-rescucendereder-2\/","title":{"rendered":"PETZL RESCUCENDEReder"},"content":{"rendered":"<p>Seilklemme mit \u00d6ffnungsnocken<\/p>\n<p>RESCUCENDER ist eine einfach zu bedienende und ergonomische Seilklemme mit \u00d6ffnungsnocke, die f\u00fcr den Einsatz beim Einholen als Zug- oder R\u00fccklaufsperre vorgesehen ist.<\/p>\n<p>Beschreibung<\/p>\n<p>Detaillierte Beschreibung<br \/>\nKonzipiert f\u00fcr den Einsatz im Transportwesen als Traktions- oder R\u00fccklaufsperrsystem.<br \/>\nEinfach zu bedienen und ergonomisch:<br \/>\n&#8211; abnehmbarer Nocken zum Ein- oder Ausbau der Seilklemme an jeder Stelle des Seils,<br \/>\n&#8211; unabh\u00e4ngige Hebel auf jeder Seite des Ger\u00e4ts, f\u00fcr einfaches \u00d6ffnen, wodurch das Risiko eines unbeabsichtigten \u00d6ffnens verringert wird. Diese Hebel sind mit einer No-Lock-Anzeige ausgestattet.<br \/>\n&#8211; Nocken, der in den K\u00f6rper des Ger\u00e4ts integriert ist, um die Verwendung zu erleichtern,<br \/>\n&#8211; gro\u00dfes Verbindungsloch, um die Drehung des Karabiners zu erleichtern,<br \/>\n&#8211; integrierte Nockenfeder, um unbeabsichtigtes Einhaken zu vermeiden und die Haltbarkeit zu erh\u00f6hen. <\/p>\n<p>Spezifikationen<br \/>\nMaterialien: Aluminium, Edelstahl, Polyamid<br \/>\nGewicht: 260 g<br \/>\nZertifizierung(en): CE EN 567 bei Verwendung mit einem Seil von 9 bis 13 mm, Zertifizierung<br \/>\n(en): CE EN 12841 Typ B, NFPA 1983 Technische Verwendung, EAC bei Verwendung mit einem Seil von 10 bis 13 mm<\/p>\n<p>3 Jahre Garantie<\/p>\n","protected":false},"excerpt":{"rendered":"<p>Seilklemme mit \u00d6ffnungsnocken RESCUCENDER ist eine einfach zu bedienende und ergonomische Seilklemme mit \u00d6ffnungsnocke, die f\u00fcr den Einsatz beim Einholen<\/p>\n","protected":false},"featured_media":73395,"template":"","meta":{"_seopress_robots_primary_cat":"","_seopress_titles_title":"","_seopress_titles_desc":"","_seopress_robots_index":""},"product_brand":[3666],"product_cat":[1396,1403,1410,150,1409],"product_tag":[],"class_list":{"0":"post-481475","1":"product","2":"type-product","3":"status-publish","4":"has-post-thumbnail","6":"product_brand-petzl-de","7":"product_cat-arbeitsausrustung","8":"product_cat-auffanggurte-und-sicherheitsausrustung","9":"product_cat-auffanggurte-und-sicherheitsausrustung-de","10":"product_cat-ausrustung","11":"product_cat-freizeitausrustung","12":"sws-gruppo-abb-libero-de","13":"sws-conto-ricavi-merci-rivendita-abbigliamento-de","14":"sws-gruppo-iva-iva81-de","16":"first","17":"onbackorder","18":"shipping-taxable","19":"purchasable","20":"product-type-simple"},"_links":{"self":[{"href":"https:\/\/lucacastelli.com\/de\/wp-json\/wp\/v2\/product\/481475","targetHints":{"allow":["GET"]}}],"collection":[{"href":"https:\/\/lucacastelli.com\/de\/wp-json\/wp\/v2\/product"}],"about":[{"href":"https:\/\/lucacastelli.com\/de\/wp-json\/wp\/v2\/types\/product"}],"wp:featuredmedia":[{"embeddable":true,"href":"https:\/\/lucacastelli.com\/de\/wp-json\/wp\/v2\/media\/73395"}],"wp:attachment":[{"href":"https:\/\/lucacastelli.com\/de\/wp-json\/wp\/v2\/media?parent=481475"}],"wp:term":[{"taxonomy":"product_brand","embeddable":true,"href":"https:\/\/lucacastelli.com\/de\/wp-json\/wp\/v2\/product_brand?post=481475"},{"taxonomy":"product_cat","embeddable":true,"href":"https:\/\/lucacastelli.com\/de\/wp-json\/wp\/v2\/product_cat?post=481475"},{"taxonomy":"product_tag","embeddable":true,"href":"https:\/\/lucacastelli.com\/de\/wp-json\/wp\/v2\/product_tag?post=481475"}],"curies":[{"name":"wp","href":"https:\/\/api.w.org\/{rel}","templated":true}]}}