{"id":481467,"date":"2022-07-01T12:00:18","date_gmt":"2022-07-01T10:00:18","guid":{"rendered":"https:\/\/lucacastelli.com\/?post_type=product&#038;p=481467"},"modified":"2025-07-29T11:48:17","modified_gmt":"2025-07-29T09:48:17","slug":"petzl-caritool","status":"publish","type":"product","link":"https:\/\/lucacastelli.com\/de\/produkt\/petzl-caritool\/","title":{"rendered":"PETZL CARITOOL"},"content":{"rendered":"<p>Ausr\u00fcstungsschlaufen f\u00fcr Gurte<\/p>\n<p>Mit der CARITOOL Ger\u00e4teschlaufe k\u00f6nnen Sie Werkzeuge mit nur einer Hand entnehmen und verstauen. Er schl\u00fcpft in die Gurtgurte und bleibt dank der Positionierungsplatte in der richtigen Position. Der Hebel verf\u00fcgt \u00fcber einen Schutz, um das Risiko eines unbeabsichtigten H\u00e4ngenbleibens zu verringern. Er ist in zwei Gr\u00f6\u00dfen erh\u00e4ltlich.   <\/p>\n<p>Beschreibung<br \/>\nDesign, das es Ihnen erm\u00f6glicht, Werkzeuge mit einer Hand abzurufen und zu verstauen.<br \/>\nEr schl\u00fcpft in die Gurtgurte und bleibt dank der Positionierungsplatte in der richtigen Position.<br \/>\nOberes Loch zum Einbau eines Anschlusses f\u00fcr Werkzeuge.<br \/>\nEin oberer Teil, der zum Ausw\u00e4hlen und Organisieren des Materials vorgesehen ist.<br \/>\nHebel mit integrierter Kunststoffabdeckung, um das Risiko eines unbeabsichtigten Einhakens zu verringern.<br \/>\nErh\u00e4ltlich in zwei Gr\u00f6\u00dfen: S und L.<\/p>\n<p>Spezifikationen<br \/>\nWarnung: Bei diesem Ger\u00e4tehalter handelt es sich nicht um eine PSA<\/p>\n","protected":false},"excerpt":{"rendered":"<p>Ausr\u00fcstungsschlaufen f\u00fcr Gurte Mit der CARITOOL Ger\u00e4teschlaufe k\u00f6nnen Sie Werkzeuge mit nur einer Hand entnehmen und verstauen. Er schl\u00fcpft in<\/p>\n","protected":false},"featured_media":73250,"template":"","meta":{"_seopress_robots_primary_cat":"","_seopress_titles_title":"","_seopress_titles_desc":"","_seopress_robots_index":""},"product_brand":[3666],"product_cat":[150,1396,1403,1409,1410],"product_tag":[],"class_list":{"0":"post-481467","1":"product","2":"type-product","3":"status-publish","4":"has-post-thumbnail","6":"product_brand-petzl-de","7":"product_cat-ausrustung","8":"product_cat-arbeitsausrustung","9":"product_cat-auffanggurte-und-sicherheitsausrustung","10":"product_cat-freizeitausrustung","11":"product_cat-auffanggurte-und-sicherheitsausrustung-de","12":"sws-gruppo-abb-libero-de","13":"sws-conto-ricavi-merci-rivendita-abbigliamento-de","14":"sws-gruppo-iva-iva81-de","16":"first","17":"onbackorder","18":"shipping-taxable","19":"purchasable","20":"product-type-variable"},"_links":{"self":[{"href":"https:\/\/lucacastelli.com\/de\/wp-json\/wp\/v2\/product\/481467","targetHints":{"allow":["GET"]}}],"collection":[{"href":"https:\/\/lucacastelli.com\/de\/wp-json\/wp\/v2\/product"}],"about":[{"href":"https:\/\/lucacastelli.com\/de\/wp-json\/wp\/v2\/types\/product"}],"wp:featuredmedia":[{"embeddable":true,"href":"https:\/\/lucacastelli.com\/de\/wp-json\/wp\/v2\/media\/73250"}],"wp:attachment":[{"href":"https:\/\/lucacastelli.com\/de\/wp-json\/wp\/v2\/media?parent=481467"}],"wp:term":[{"taxonomy":"product_brand","embeddable":true,"href":"https:\/\/lucacastelli.com\/de\/wp-json\/wp\/v2\/product_brand?post=481467"},{"taxonomy":"product_cat","embeddable":true,"href":"https:\/\/lucacastelli.com\/de\/wp-json\/wp\/v2\/product_cat?post=481467"},{"taxonomy":"product_tag","embeddable":true,"href":"https:\/\/lucacastelli.com\/de\/wp-json\/wp\/v2\/product_tag?post=481467"}],"curies":[{"name":"wp","href":"https:\/\/api.w.org\/{rel}","templated":true}]}}