{"id":481458,"date":"2022-06-27T13:17:38","date_gmt":"2022-06-27T11:17:38","guid":{"rendered":"https:\/\/lucacastelli.com\/?post_type=product&#038;p=481458"},"modified":"2025-07-29T17:13:20","modified_gmt":"2025-07-29T15:13:20","slug":"petzl-jane-i","status":"publish","type":"product","link":"https:\/\/lucacastelli.com\/de\/produkt\/petzl-jane-i\/","title":{"rendered":"PETZL JANE-I"},"content":{"rendered":"<p>Einzelnes Verbindungsmittel zur Zusammenstellung eines Verbindungsmittels zur Absturzsicherung<\/p>\n<p>JANE-I ist ein nicht verstellbares Verbindungsmittel aus dynamischem Seil, das es Ihnen erm\u00f6glicht, mit einem ABSORBICA-Falld\u00e4mpfer ein einzelnes Verbindungsmittel mit Falld\u00e4mpfer zusammenzustellen. Die Kunststoffh\u00fclle erm\u00f6glicht es Ihnen, den Karabiner an Ort und Stelle zu halten und das Einh\u00e4ngen zu erleichtern, wodurch die Endverbindung vor Abrieb gesch\u00fctzt wird. Es kann verwendet werden, um einen tempor\u00e4ren Anker herzustellen. Er ist in drei L\u00e4ngen erh\u00e4ltlich: 60, 100 und 150 cm.   <\/p>\n<p>Detaillierte<br \/>\nBeschreibung Nicht verstellbares dynamisches Verbindungsmittel aus Seil f\u00fcr die Zusammenstellung eines einzelnen energieabsorbierenden Verbindungsmittels mit einer maximalen L\u00e4nge von zwei Metern mit einem ABSORBICA-Falld\u00e4mpfer.<br \/>\nEinfaches Man\u00f6vrieren dank der Kunststoffummantelung, die es Ihnen erm\u00f6glicht, den Karabiner in Position zu halten und das Einh\u00e4ngen zu erleichtern, wodurch die Endverbindung vor Abrieb gesch\u00fctzt wird.<br \/>\nEs erm\u00f6glicht Ihnen, einen tempor\u00e4ren Anker mit verschiedenen Konfigurationen zu erstellen: direkt auf einem Anker oder um eine geeignete Struktur herum.<br \/>\nIndividuelle Kennzeichnungskennzeichnung auf dem Kunststoffmantel, um das Ger\u00e4t w\u00e4hrend seiner gesamten Lebensdauer zu \u00fcberpr\u00fcfen.<br \/>\nErh\u00e4ltlich in verschiedenen L\u00e4ngen: 60, 100 und 150 cm.<\/p>\n<p>Spezifikationen<br \/>\nZertifizierung(en): CE EN 354, EN 795 Typ B, EAC, ANSI Z359.3; CSA Z259.11<br \/>\nMaterialien: Polyester<\/p>\n","protected":false},"excerpt":{"rendered":"<p>Einzelnes Verbindungsmittel zur Zusammenstellung eines Verbindungsmittels zur Absturzsicherung JANE-I ist ein nicht verstellbares Verbindungsmittel aus dynamischem Seil, das es Ihnen<\/p>\n","protected":false},"featured_media":72154,"template":"","meta":{"_seopress_robots_primary_cat":"","_seopress_titles_title":"","_seopress_titles_desc":"","_seopress_robots_index":""},"product_brand":[3666],"product_cat":[1396,1403,1410,150,1409],"product_tag":[],"class_list":{"0":"post-481458","1":"product","2":"type-product","3":"status-publish","4":"has-post-thumbnail","6":"product_brand-petzl-de","7":"product_cat-arbeitsausrustung","8":"product_cat-auffanggurte-und-sicherheitsausrustung","9":"product_cat-auffanggurte-und-sicherheitsausrustung-de","10":"product_cat-ausrustung","11":"product_cat-freizeitausrustung","12":"sws-gruppo-abb-libero-fr","13":"sws-conto-ricavi-merci-rivendita-abbigliamento","14":"sws-gruppo-iva-iva81","16":"first","17":"instock","18":"shipping-taxable","19":"purchasable","20":"product-type-variable"},"_links":{"self":[{"href":"https:\/\/lucacastelli.com\/de\/wp-json\/wp\/v2\/product\/481458","targetHints":{"allow":["GET"]}}],"collection":[{"href":"https:\/\/lucacastelli.com\/de\/wp-json\/wp\/v2\/product"}],"about":[{"href":"https:\/\/lucacastelli.com\/de\/wp-json\/wp\/v2\/types\/product"}],"wp:featuredmedia":[{"embeddable":true,"href":"https:\/\/lucacastelli.com\/de\/wp-json\/wp\/v2\/media\/72154"}],"wp:attachment":[{"href":"https:\/\/lucacastelli.com\/de\/wp-json\/wp\/v2\/media?parent=481458"}],"wp:term":[{"taxonomy":"product_brand","embeddable":true,"href":"https:\/\/lucacastelli.com\/de\/wp-json\/wp\/v2\/product_brand?post=481458"},{"taxonomy":"product_cat","embeddable":true,"href":"https:\/\/lucacastelli.com\/de\/wp-json\/wp\/v2\/product_cat?post=481458"},{"taxonomy":"product_tag","embeddable":true,"href":"https:\/\/lucacastelli.com\/de\/wp-json\/wp\/v2\/product_tag?post=481458"}],"curies":[{"name":"wp","href":"https:\/\/api.w.org\/{rel}","templated":true}]}}