{"id":481451,"date":"2022-07-01T11:47:25","date_gmt":"2022-07-01T09:47:25","guid":{"rendered":"https:\/\/lucacastelli.com\/?post_type=product&#038;p=481451"},"modified":"2025-07-29T11:48:13","modified_gmt":"2025-07-29T09:48:13","slug":"petzl-seesack","status":"publish","type":"product","link":"https:\/\/lucacastelli.com\/de\/produkt\/petzl-seesack\/","title":{"rendered":"PETZL SEESACK"},"content":{"rendered":"<p>Transporttasche mit gro\u00dfem Fassungsverm\u00f6gen<\/p>\n<p>Die DUFFEL 85 ist eine ergonomische und komfortable Tasche, die ein Volumen von 85 Litern garantiert. Die R\u00fccken- und Schultergurte sind gepolstert, um Komfort beim Tragen als Rucksack zu gew\u00e4hrleisten. Vielseitig einsetzbar, erm\u00f6glicht es dank der abnehmbaren Schultergurte andere Transportm\u00f6glichkeiten. Es hat eine gro\u00dfe \u00d6ffnung, die einen einfachen Zugriff auf das Material erm\u00f6glicht, zwei Taschen an der Innenklappe und eine gro\u00dfe Seitentasche zum Trennen von Helm oder Stiefeln. Eine gro\u00dfe transparente Fl\u00e4che erm\u00f6glicht eine schnelle Identifizierung des Beutels. Es besteht aus hochfestem TPU-Tech-Gewebe f\u00fcr den intensiven Gebrauch.     <\/p>\n<p>Detaillierte Beschreibung<br \/>\nTragetasche mit einem Volumen von 85 Litern, ergonomisch und komfortabel:<br \/>\n&#8211; gepolsterte und verstellbare R\u00fcckenlehne und Schultergurte f\u00fcr bequemen Transport,<br \/>\n&#8211; zwei Transportm\u00f6glichkeiten, wie Rucksack oder auf der Schulter,<br \/>\n&#8211; vier Kompressionsriemen, um das Volumen der Tasche zu optimieren und die Bewegung des Materials w\u00e4hrend des Transports zu reduzieren,<br \/>\n&#8211; M\u00f6glichkeit, die Schultergurte vollst\u00e4ndig zu entfernen,  dank der Schnellschnallen.<br \/>\nEinfacher Zugang zum Material:<br \/>\n&#8211; Gro\u00dfe D-f\u00f6rmige \u00d6ffnung f\u00fcr eine einfache Organisation des Materials,<br \/>\n&#8211; zwei Taschen, von denen eine einen Schl\u00fcsselring in der Innenklappe hat, um Dokumente und pers\u00f6nliche Gegenst\u00e4nde zu verstauen,<br \/>\n&#8211; Gro\u00dfe Seitentasche mit Rei\u00dfverschluss, um Helm, Stiefel und andere Gegenst\u00e4nde vom restlichen Material zu isolieren,<br \/>\n&#8211; Transparenter Bereich zur einfachen und schnellen Identifizierung der Tasche,<br \/>\n&#8211; Vier Gurtbandgriffe um die Tasche f\u00fcr eine einfache Verwendung von jeder Seite,<br \/>\n&#8211; Acht Materialgurte im Inneren der Tasche,<br \/>\n&#8211; Abschlie\u00dfbare Schieber.<br \/>\nHervorragende Best\u00e4ndigkeit bei intensiver Nutzung:<br \/>\n &#8211; hochfestes TPU-Tech-Gewebe (PVC-frei) f\u00fcr regelm\u00e4\u00dfige bis intensive Nutzung. Das TPU-Tech-Gewebe ist best\u00e4ndig gegen Sonnenstrahlen (die Farbe verblasst nicht), \u00d6l, Fett sowie hohe und niedrige Temperaturen. Es enth\u00e4lt kein Chlor (geruchlos) und ist recycelbar,<br \/>\n&#8211; schwarzer und geschwei\u00dfter Boden und Seite f\u00fcr bessere Abrieb- und Rei\u00dffestigkeit,<br \/>\n&#8211; Schultergurte mit korrosionsbest\u00e4ndigen Verbindungsschnallen aus Stahl.  <\/p>\n<p>Spezifikationen<br \/>\nGewicht: 1550 g<br \/>\nAbmessungen: 70 x 40 x 32 cm<br \/>\nEmpfohlene Zuladung: 35 kg<br \/>\nMaximale Belastung: 70 kg<br \/>\nMaterialien: TPU (PVC-frei), Polypropylen, Stahl, Polyamid<\/p>\n","protected":false},"excerpt":{"rendered":"<p>Transporttasche mit gro\u00dfem Fassungsverm\u00f6gen Die DUFFEL 85 ist eine ergonomische und komfortable Tasche, die ein Volumen von 85 Litern garantiert.<\/p>\n","protected":false},"featured_media":73213,"template":"","meta":{"_seopress_robots_primary_cat":"","_seopress_titles_title":"","_seopress_titles_desc":"","_seopress_robots_index":""},"product_brand":[3666],"product_cat":[150,1396,1494,1409,1703],"product_tag":[],"class_list":{"0":"post-481451","1":"product","2":"type-product","3":"status-publish","4":"has-post-thumbnail","6":"product_brand-petzl-de","7":"product_cat-ausrustung","8":"product_cat-arbeitsausrustung","9":"product_cat-sonstige-arbeitsausrustung","10":"product_cat-freizeitausrustung","11":"product_cat-sonstiges","12":"sws-gruppo-abb-libero-de","13":"sws-conto-ricavi-merci-rivendita-abbigliamento-de","14":"sws-gruppo-iva-iva81-de","16":"first","17":"onbackorder","18":"shipping-taxable","19":"purchasable","20":"product-type-variable"},"_links":{"self":[{"href":"https:\/\/lucacastelli.com\/de\/wp-json\/wp\/v2\/product\/481451","targetHints":{"allow":["GET"]}}],"collection":[{"href":"https:\/\/lucacastelli.com\/de\/wp-json\/wp\/v2\/product"}],"about":[{"href":"https:\/\/lucacastelli.com\/de\/wp-json\/wp\/v2\/types\/product"}],"wp:featuredmedia":[{"embeddable":true,"href":"https:\/\/lucacastelli.com\/de\/wp-json\/wp\/v2\/media\/73213"}],"wp:attachment":[{"href":"https:\/\/lucacastelli.com\/de\/wp-json\/wp\/v2\/media?parent=481451"}],"wp:term":[{"taxonomy":"product_brand","embeddable":true,"href":"https:\/\/lucacastelli.com\/de\/wp-json\/wp\/v2\/product_brand?post=481451"},{"taxonomy":"product_cat","embeddable":true,"href":"https:\/\/lucacastelli.com\/de\/wp-json\/wp\/v2\/product_cat?post=481451"},{"taxonomy":"product_tag","embeddable":true,"href":"https:\/\/lucacastelli.com\/de\/wp-json\/wp\/v2\/product_tag?post=481451"}],"curies":[{"name":"wp","href":"https:\/\/api.w.org\/{rel}","templated":true}]}}