{"id":481444,"date":"2022-06-15T00:35:27","date_gmt":"2022-06-14T22:35:27","guid":{"rendered":"https:\/\/lucacastelli.com\/?post_type=product&#038;p=481444"},"modified":"2025-07-29T14:38:31","modified_gmt":"2025-07-29T12:38:31","slug":"petzl-hi-viz-vent-schicht","status":"publish","type":"product","link":"https:\/\/lucacastelli.com\/de\/produkt\/petzl-hi-viz-vent-schicht\/","title":{"rendered":"PETZL HI-VIZ VENT-SCHICHT"},"content":{"rendered":"<p>Der sehr leichte STRATO VENT Helm garantiert eine komfortable Nutzung, dank der CENTERFIT- und FLIP&amp;FIT-Systeme, die eine hervorragende Abdichtung des Geh\u00e4uses auf dem Kopf erm\u00f6glichen. Mit einem austauschbaren Widerstands-Kinnriemen ist er f\u00fcr Arbeiten in der H\u00f6he und am Boden geeignet. Er verf\u00fcgt \u00fcber Bel\u00fcftungsl\u00f6cher, um den Helm zu bel\u00fcften. Die optimale Integration einer Petzl-Stirnlampe, eines Schutzvisiers, eines L\u00e4rmschutzes und zahlreicher Zubeh\u00f6rteile macht ihn zu einem vollst\u00e4ndig modularen Helm, der den zus\u00e4tzlichen Bed\u00fcrfnissen von Profis gerecht wird.    Die Version mit hoher Sichtbarkeit ist mit einer fluoreszierenden Au\u00dfenh\u00fclle mit phosphoreszierenden Clips und reflektierenden B\u00e4ndern ausgestattet, um eine optimale Sichtbarkeit des Arbeiters bei Tag und Nacht zu gew\u00e4hrleisten.<\/p>\n<p>\u2022 Leichte Konstruktion und komfortable Handhabung:<br \/>\n&#8211; zweiteilige Innenschale, EPP (expandiertes Polypropylen) und EPS (expandiertes Polystyrol) f\u00fcr mehr Leichtigkeit,<br \/>\n&#8211; CENTERFIT-Einstellung, die den Helm dank der beiden seitlichen Einstellr\u00e4der<br \/>\nperfekt auf dem Kopf zentriert h\u00e4lt,- FLIP&amp;FIT-System,<br \/>\n das eine niedrige Position des Kopfbandes erm\u00f6glicht, um einen hervorragenden Halt des Helms zu gew\u00e4hrleisten. Das System<br \/>\nl\u00e4sst sich f\u00fcr eine einfache Lagerung und einen einfachen Transport in den Helm einziehen &#8211; geliefert mit austauschbaren saugf\u00e4higen Komfortsch\u00e4umen.<\/p>\n<p>\u2022 Schutz f\u00fcr Arbeiten in der H\u00f6he und auf dem Boden, Tag und Nacht:<br \/>\n &#8211; DUAL-Kinnriemen, der es dem Arbeiter erm\u00f6glicht, den Widerstand des Kinnriemens zu \u00e4ndern, um den Helm an verschiedene Umgebungen anzupassen:<br \/>\n Arbeiten in der H\u00f6he (EN 12492) und Arbeiten am Boden (EN 397). Der Clip verf\u00fcgt \u00fcber zwei Positionen f\u00fcr zwei Verwendungsmodi: Widerstand<br \/>\nhoch, um das Risiko eines Helmverlusts bei einem Sturz zu verringern, und geringer Widerstand, um das Risiko zu verringern<br \/>\nStrangulation, wenn der Helm befestigt ist, wenn sich der Benutzer auf dem Boden befindet,<br \/>\n&#8211; Sto\u00dfd\u00e4mpfung aufgrund der Verformung der Innenschale,<br \/>\n&#8211; Bel\u00fcftungsl\u00f6cher zur Bel\u00fcftung des Helms,<br \/>\n&#8211; fluoreszierende Au\u00dfenschale mit phosphoreszierenden Clips und reflektierenden B\u00e4ndern f\u00fcr optimale Sichtbarkeit des Arbeiters,Tag<br \/>\n und Nacht.<br \/>\n\u2022 Modularit\u00e4t des Zubeh\u00f6rs:<br \/>\n&#8211; Schutzvisier mit seitlichem EASYCLIP-Befestigungssystem, das die Installation erleichtert<br \/>\n&#8211; Petzl-Stirnlampe mit Befestigungen oder Stirnlampe mit elastischem Stirnband,<br \/>\n&#8211; Helmschutz, mit dem Sie die Schale vor Schmutz und Farbspritzern sch\u00fctzen k\u00f6nnen,<br \/>\n&#8211; Nackenschutz zum Schutz des Halses vor Regen und Sonnenlicht,<br \/>\n&#8211; Ausweishalter zur schnellen Identifizierung des Benutzers,<br \/>\n&#8211; Austauschbarer Kinnriemen und Polsterung,<br \/>\n&#8211; L\u00e4rmschutz,<br \/>\n&#8211; Erh\u00e4ltlich in zwei gut sichtbaren Farben: Gelb und Orange.<\/p>\n<p>Spezifisch<\/p>\n<p>\u2022 Kopfgr\u00f6\u00dfe: 53-63cm<br \/>\n\u2022 Gewicht: 425g<br \/>\n\u2022 Materialien: ABS (Acrylonit-Butadien-Styrol), EPP (expandiertes Polypropylen), EPS (expandiertes Polystyrol), Polyamid,<br \/>\n Polycarbonat, hochfestes Polyester, Polyethylen<br \/>\n\u2022 Zertifizierung(en): CE, EN 12492, ANSI Z89.1 Typ I Klasse C<\/p>\n","protected":false},"excerpt":{"rendered":"<p>Der sehr leichte STRATO VENT Helm garantiert eine komfortable Nutzung, dank der CENTERFIT- und FLIP&amp;FIT-Systeme, die eine hervorragende Abdichtung des<\/p>\n","protected":false},"featured_media":69156,"template":"","meta":{"_seopress_robots_primary_cat":"","_seopress_titles_title":"","_seopress_titles_desc":"","_seopress_robots_index":""},"product_brand":[3446],"product_cat":[33,537,815,211,817,816],"product_tag":[],"class_list":{"0":"post-481444","1":"product","2":"type-product","3":"status-publish","4":"has-post-thumbnail","6":"product_brand-petzl","7":"product_cat-attrezzature","8":"product_cat-attrezzatura-da-lavoro","9":"product_cat-caschi","10":"product_cat-attrezzatura-per-il-tempo-libero","11":"product_cat-caschi-attrezzatura-per-il-tempo-libero","12":"product_cat-visiere-e-occhiali-protettivi","13":"sws-gruppo-abb-libero-fr","14":"sws-conto-ricavi-merci-rivendita-abbigliamento","15":"sws-gruppo-iva-iva81","17":"first","18":"instock","19":"shipping-taxable","20":"purchasable","21":"product-type-variable"},"_links":{"self":[{"href":"https:\/\/lucacastelli.com\/de\/wp-json\/wp\/v2\/product\/481444","targetHints":{"allow":["GET"]}}],"collection":[{"href":"https:\/\/lucacastelli.com\/de\/wp-json\/wp\/v2\/product"}],"about":[{"href":"https:\/\/lucacastelli.com\/de\/wp-json\/wp\/v2\/types\/product"}],"wp:featuredmedia":[{"embeddable":true,"href":"https:\/\/lucacastelli.com\/de\/wp-json\/wp\/v2\/media\/69156"}],"wp:attachment":[{"href":"https:\/\/lucacastelli.com\/de\/wp-json\/wp\/v2\/media?parent=481444"}],"wp:term":[{"taxonomy":"product_brand","embeddable":true,"href":"https:\/\/lucacastelli.com\/de\/wp-json\/wp\/v2\/product_brand?post=481444"},{"taxonomy":"product_cat","embeddable":true,"href":"https:\/\/lucacastelli.com\/de\/wp-json\/wp\/v2\/product_cat?post=481444"},{"taxonomy":"product_tag","embeddable":true,"href":"https:\/\/lucacastelli.com\/de\/wp-json\/wp\/v2\/product_tag?post=481444"}],"curies":[{"name":"wp","href":"https:\/\/api.w.org\/{rel}","templated":true}]}}