{"id":481443,"date":"2022-07-01T11:37:32","date_gmt":"2022-07-01T09:37:32","guid":{"rendered":"https:\/\/lucacastelli.com\/?post_type=product&#038;p=481443"},"modified":"2025-07-29T10:24:28","modified_gmt":"2025-07-29T08:24:28","slug":"petzl-lynx","status":"publish","type":"product","link":"https:\/\/lucacastelli.com\/de\/produkt\/petzl-lynx\/","title":{"rendered":"PETZL LYNX"},"content":{"rendered":"<p>Modulare Steigeisen f\u00fcr Eisklettern, Mixed- und technisches Bergsteigen<\/p>\n<p>Vielseitig einsetzbar bis in die Spitzen! Mit modularen Frontspitzen (kurze\/lange Einspitz-, Zweipunkt- oder asymmetrische Zweipunktspitze) eignen sich die LYNX-Steigeisen f\u00fcr alle schwierigen Aufstiege, von Schneerinnen bis hin zum Eisklettern, bis hin zu gemischten Steigeisen. Durch das LEVERLOCK UNIVERSEL Bindungssystem kann er an alle Stiefel mit Hinterkante angepasst werden.  <\/p>\n<p>Beschreibung<br \/>\nKonzipiert f\u00fcr Eisklettern, Mixed-Klettern und technisches Bergsteigen:<br \/>\n&#8211; austauschbare gezackte Frontspitzen f\u00fcr besseren Halt auf Eis und gemischtem Gel\u00e4nde<br \/>\n&#8211; Spitzenverteilung, um eine gute Stabilit\u00e4t und Griffigkeit auf allen Arten von Eis zu gew\u00e4hrleisten,<br \/>\n&#8211; LEVERLOCK UNIVERSEL-Bindungssystem zur Anpassung an alle Stiefel mit Hinterkante,<br \/>\n&#8211; nur 1020 g,<br \/>\n&#8211; Stahlsteigeisen f\u00fcr maximale Widerstandsf\u00e4higkeit,<br \/>\n&#8211; Lieferung mit der FAKIR-Tragetasche.<br \/>\nVielseitigkeit der Verwendung:<br \/>\n&#8211; L\u00e4nge der vorderen Spitzen mit einer einzigen Schraube einstellbar (Petzl-Patent),<br \/>\n&#8211; Als Bi-Punkt konfiguriert, k\u00f6nnen die Steigeisen leicht in einen einzigen Punkt verwandelt werden: Zwei-Zacken f\u00fcr Schneerinnen und Rinnen, asymmetrische Zwei-Zacken f\u00fcr reines Eis, kurze Ein-Zacken f\u00fcr Eis und lange f\u00fcr gemischten Schnee,<br \/>\n&#8211; ANTISNOW LYNX Hufschutzsystem, um die Bildung von Schneehufen zu reduzieren, unabh\u00e4ngig von den Schneebedingungen.<br \/>\nVollst\u00e4ndige Modularit\u00e4t dank des ALPEN ADAPT-Systems:<br \/>\n&#8211; FIL- oder FIL FLEX-Bindungssystem zur Anpassung an alle vorderen Teile des Stiefels (mit oder ohne Kante),<br \/>\n&#8211; Vordere Spitzen, Stangen, Hufschutzsystem und Bindungssystem, die unabh\u00e4ngig voneinander ausgetauscht werden k\u00f6nnen,<br \/>\n&#8211; Kompatibel mit IRVIS- oder VASAK-Vorderbl\u00f6cken, um Steigeisen in klassische Steigeisen zum Bergsteigen oder Skibergsteigen zu verwandeln,<br \/>\n&#8211; Kompatibel mit DART-Frontbl\u00f6cken, um Steigeisen in Eissteigeisen zu verwandeln.<br \/>\nSpezifisch<br \/>\nAnzahl der Bits: 14<br \/>\nGr\u00f6\u00dfen: von 35 bis 45 mit dem Standard-M-B\u00fcgel, von 40 bis 50 mit dem BARRETTE-Zubeh\u00f6r (optional)<br \/>\nZertifizierung(en): CE, UIAA<\/p>\n","protected":false},"excerpt":{"rendered":"<p>Modulare Steigeisen f\u00fcr Eisklettern, Mixed- und technisches Bergsteigen Vielseitig einsetzbar bis in die Spitzen! Mit modularen Frontspitzen (kurze\/lange Einspitz-, Zweipunkt-<\/p>\n","protected":false},"featured_media":73208,"template":"","meta":{"_seopress_robots_primary_cat":"","_seopress_titles_title":"","_seopress_titles_desc":"","_seopress_robots_index":""},"product_brand":[3446],"product_cat":[33,537,814,211,818],"product_tag":[],"class_list":{"0":"post-481443","1":"product","2":"type-product","3":"status-publish","4":"has-post-thumbnail","6":"product_brand-petzl","7":"product_cat-attrezzature","8":"product_cat-attrezzatura-da-lavoro","9":"product_cat-imbraghi-e-materiale-di-sicurezza","10":"product_cat-attrezzatura-per-il-tempo-libero","11":"product_cat-imbraghi-e-materiale-di-sicurezza-attrezzatura-per-il-tempo-libero","12":"sws-gruppo-abb-libero-fr","13":"sws-conto-ricavi-merci-rivendita-abbigliamento","14":"sws-gruppo-iva-iva81","16":"first","17":"instock","18":"shipping-taxable","19":"purchasable","20":"product-type-simple"},"_links":{"self":[{"href":"https:\/\/lucacastelli.com\/de\/wp-json\/wp\/v2\/product\/481443","targetHints":{"allow":["GET"]}}],"collection":[{"href":"https:\/\/lucacastelli.com\/de\/wp-json\/wp\/v2\/product"}],"about":[{"href":"https:\/\/lucacastelli.com\/de\/wp-json\/wp\/v2\/types\/product"}],"wp:featuredmedia":[{"embeddable":true,"href":"https:\/\/lucacastelli.com\/de\/wp-json\/wp\/v2\/media\/73208"}],"wp:attachment":[{"href":"https:\/\/lucacastelli.com\/de\/wp-json\/wp\/v2\/media?parent=481443"}],"wp:term":[{"taxonomy":"product_brand","embeddable":true,"href":"https:\/\/lucacastelli.com\/de\/wp-json\/wp\/v2\/product_brand?post=481443"},{"taxonomy":"product_cat","embeddable":true,"href":"https:\/\/lucacastelli.com\/de\/wp-json\/wp\/v2\/product_cat?post=481443"},{"taxonomy":"product_tag","embeddable":true,"href":"https:\/\/lucacastelli.com\/de\/wp-json\/wp\/v2\/product_tag?post=481443"}],"curies":[{"name":"wp","href":"https:\/\/api.w.org\/{rel}","templated":true}]}}