{"id":481417,"date":"2022-06-27T07:52:20","date_gmt":"2022-06-27T05:52:20","guid":{"rendered":"https:\/\/lucacastelli.com\/?post_type=product&#038;p=481417"},"modified":"2025-07-29T17:12:46","modified_gmt":"2025-07-29T15:12:46","slug":"petzl-summit-evo","status":"publish","type":"product","link":"https:\/\/lucacastelli.com\/de\/produkt\/petzl-summit-evo\/","title":{"rendered":"PETZL SUMMIT EVO"},"content":{"rendered":"<p>Technischer und leistungsstarker Eispickel f\u00fcr das klassische Bergsteigen<\/p>\n<p>Der SUMMIT EVO Eispickel ist f\u00fcr die Aus\u00fcbung des klassischen Bergsteigens gedacht und das unverzichtbare Werkzeug f\u00fcr alle Arten von alpinen Ausfl\u00fcgen. Das hydrogeformte Rohr ist leicht und garantiert einen hervorragenden Griffkomfort unter dem Eispickelkopf. Das technische Design der Griffformung sorgt f\u00fcr den notwendigen Auszugsabstand f\u00fcr den Einsatz in steilem und eisigem Gel\u00e4nde. Der geschmiedete und gut ausbalancierte Kopf sorgt f\u00fcr hervorragende Verankerungseigenschaften. Der Griff des Griffs macht ihn zu einem pr\u00e4zisen und effektiven Eispickel.    <\/p>\n<p>Detaillierte Beschreibung<\/p>\n<p>Leichtigkeit: Leichter Eispickel, aber schwer auf dem Kopf f\u00fcr eine gute Verankerungskraft.<br \/>\nHydrogeformter Griff f\u00fcr einen guten Halt beim Formen und ein technisches Design:<br \/>\n&#8211; Der Griff ist oben gebogen, um einen guten Auszugsweg beim Klettern zu gew\u00e4hrleisten,<br \/>\n&#8211; der untere Teil ist gerader und garantiert ein effektives Eindringen in den Schnee.<br \/>\nKopf und Klinge aus warmgeschmiedetem Stahl, um solide Verankerungen zu gew\u00e4hrleisten:<br \/>\n&#8211; d\u00fcnne Klinge (3 mm), robust und am Ende gezackt, um eine gute Verankerungsqualit\u00e4t auf hartem Schnee und Eis zu gew\u00e4hrleisten,- dickere Klinge in der Mitte,<br \/>\n um den Halt auf weichem Schnee zu erleichtern.<br \/>\n&#8211; Z\u00e4hne im oberen Teil, um den Halt des Eispickels zu verst\u00e4rken, wenn er als technischer Eispickel verwendet wird,<br \/>\n &#8211; robuste Edelstahlspitze f\u00fcr hervorragende Durchdringung in hartem Schnee und zur Verwendung als Eispickelstock.<br \/>\nHohe Widerstandsf\u00e4higkeit und praktische Aspekte:<br \/>\n&#8211; sehr widerstandsf\u00e4hige Stahlschaufel, um eine bequeme Auflagefl\u00e4che zu gew\u00e4hrleisten und mit einem Kantendesign, das eine effektive Planierung erm\u00f6glicht,<br \/>\n&#8211; geneigte Schaufel, um den Eispickel richtig im Schnee zu f\u00fchren (Verwendung als Eispickel),<br \/>\n &#8211; Kopf und Spitze mit L\u00f6chern f\u00fcr den Durchgang eines Karabiners oder einer Schlinge ausgestattet,<br \/>\n&#8211; Hochwertiger Aluminiumgriff (7075 Aluminium, das in der Luftfahrt verwendet wird), mit eloxierter Oberfl\u00e4che f\u00fcr hervorragenden Schutz.<br \/>\nEispickel kompatibel mit LINKIN Leine.<\/p>\n<p>Spezifisch<\/p>\n<p>Klingentyp: 1<br \/>\nGrifftyp: 1<br \/>\nMaterialien: geh\u00e4rteter Stahl, 7075 Aluminium, geh\u00e4rteter Edelstahl, TPV (Thermoplast).<br \/>\nZertifizierung(en): CE, UIAA<\/p>\n","protected":false},"excerpt":{"rendered":"<p>Technischer und leistungsstarker Eispickel f\u00fcr das klassische Bergsteigen Der SUMMIT EVO Eispickel ist f\u00fcr die Aus\u00fcbung des klassischen Bergsteigens gedacht<\/p>\n","protected":false},"featured_media":72072,"template":"","meta":{"_seopress_robots_primary_cat":"","_seopress_titles_title":"","_seopress_titles_desc":"","_seopress_robots_index":""},"product_brand":[3666],"product_cat":[150,1396,1403,1409,1410],"product_tag":[],"class_list":{"0":"post-481417","1":"product","2":"type-product","3":"status-publish","4":"has-post-thumbnail","6":"product_brand-petzl-de","7":"product_cat-ausrustung","8":"product_cat-arbeitsausrustung","9":"product_cat-auffanggurte-und-sicherheitsausrustung","10":"product_cat-freizeitausrustung","11":"product_cat-auffanggurte-und-sicherheitsausrustung-de","12":"sws-gruppo-abb-libero-fr","13":"sws-conto-ricavi-merci-rivendita-abbigliamento","14":"sws-gruppo-iva-iva81","16":"first","17":"instock","18":"shipping-taxable","19":"purchasable","20":"product-type-variable"},"_links":{"self":[{"href":"https:\/\/lucacastelli.com\/de\/wp-json\/wp\/v2\/product\/481417","targetHints":{"allow":["GET"]}}],"collection":[{"href":"https:\/\/lucacastelli.com\/de\/wp-json\/wp\/v2\/product"}],"about":[{"href":"https:\/\/lucacastelli.com\/de\/wp-json\/wp\/v2\/types\/product"}],"wp:featuredmedia":[{"embeddable":true,"href":"https:\/\/lucacastelli.com\/de\/wp-json\/wp\/v2\/media\/72072"}],"wp:attachment":[{"href":"https:\/\/lucacastelli.com\/de\/wp-json\/wp\/v2\/media?parent=481417"}],"wp:term":[{"taxonomy":"product_brand","embeddable":true,"href":"https:\/\/lucacastelli.com\/de\/wp-json\/wp\/v2\/product_brand?post=481417"},{"taxonomy":"product_cat","embeddable":true,"href":"https:\/\/lucacastelli.com\/de\/wp-json\/wp\/v2\/product_cat?post=481417"},{"taxonomy":"product_tag","embeddable":true,"href":"https:\/\/lucacastelli.com\/de\/wp-json\/wp\/v2\/product_tag?post=481417"}],"curies":[{"name":"wp","href":"https:\/\/api.w.org\/{rel}","templated":true}]}}