{"id":481416,"date":"2022-06-15T00:51:29","date_gmt":"2022-06-14T22:51:29","guid":{"rendered":"https:\/\/lucacastelli.com\/?post_type=product&#038;p=481416"},"modified":"2025-07-29T17:24:05","modified_gmt":"2025-07-29T15:24:05","slug":"petzl-knie-aufstiegsschlaufe","status":"publish","type":"product","link":"https:\/\/lucacastelli.com\/de\/produkt\/petzl-knie-aufstiegsschlaufe\/","title":{"rendered":"PETZL KNIE-AUFSTIEGSSCHLAUFE"},"content":{"rendered":"<p>Fu\u00dfschlaufenpedal f\u00fcr leichtes Klettern an Einfachseilen bei Arbeiten an B\u00e4umen<\/p>\n<p>Das KNEE ASCENT LOOP Pedal erleichtert den Aufstieg der Gartenschere, wenn der mechanische Prusik, ZIGZAG oder ZIGZAG PLUS, an einem einzigen Seil verwendet wird. Es besteht aus einem oberen Gurtband, einer CROLL L-Seilklemme, einem unteren Gurtband mit Fu\u00dfschlaufe und einem TOOLBAG Werkzeugkoffer Gr\u00f6\u00dfe XS. Das System ist vollst\u00e4ndig einstellbar und passt sich perfekt an alle Morphologien an.  <\/p>\n<p>Detaillierte Beschreibung<br \/>\nErleichtert den Aufstieg an einem einzigen Seil:<br \/>\n&#8211; oberes Gurtband, das mit dem mechanischen Prusik verbunden ist, um den Aufstieg der ZIGZAG oder ZIGZAG PLUS und CHICANE Montage zu erm\u00f6glichen,<br \/>\n&#8211; integrierte CROLL L Seilklemme f\u00fcr einen bequemen Aufstieg, in Kombination mit einer PANTIN Fu\u00dfsteigklemme (nicht im Lieferumfang enthalten),<br \/>\n&#8211; Unteres Dyneema-Gurtband mit Ring f\u00fcr optimalen Fu\u00dfhalt.<br \/>\nEinfach zu installieren und zu deinstallieren:<br \/>\n&#8211; schnelle Aufbewahrung dank der Karabiner und Einstellschnallen,- Lieferung mit einem TOOLBAG Werkzeugkoffer der Gr\u00f6\u00dfe XS,<br \/>\n um das System immer griffbereit zu haben,<br \/>\n&#8211; einfache Installation der CROLL L-Seilklemme dank des integrierten \u00d6ffnungshebels.<br \/>\nMehrfache Anpassungen f\u00fcr eine perfekte Anpassung an alle Morphologien.<br \/>\nOptimierte Festigkeit dank der als Ersatzteile erh\u00e4ltlichen Elemente.<br \/>\nSpezifisch<br \/>\nMaterialien: Aluminium, Stahl, Polyamid, Polyester<br \/>\nGewicht: 280 g<br \/>\nMin. Seildurchmesser: 8 mm<br \/>\nMax. Seildurchmesser: 13 mm<br \/>\nSeilkompatibilit\u00e4t: halbstatisches Seil (EN 1891 Typ A)<\/p>\n","protected":false},"excerpt":{"rendered":"<p>Fu\u00dfschlaufenpedal f\u00fcr leichtes Klettern an Einfachseilen bei Arbeiten an B\u00e4umen Das KNEE ASCENT LOOP Pedal erleichtert den Aufstieg der Gartenschere,<\/p>\n","protected":false},"featured_media":69367,"template":"","meta":{"_seopress_robots_primary_cat":"","_seopress_titles_title":"","_seopress_titles_desc":"","_seopress_robots_index":""},"product_brand":[3446],"product_cat":[33,537],"product_tag":[],"class_list":{"0":"post-481416","1":"product","2":"type-product","3":"status-publish","4":"has-post-thumbnail","6":"product_brand-petzl","7":"product_cat-attrezzature","8":"product_cat-attrezzatura-da-lavoro","9":"sws-gruppo-abb-libero-de","10":"sws-conto-ricavi-merci-rivendita-abbigliamento-de","11":"sws-gruppo-iva-iva81-de","13":"first","14":"onbackorder","15":"shipping-taxable","16":"purchasable","17":"product-type-simple"},"_links":{"self":[{"href":"https:\/\/lucacastelli.com\/de\/wp-json\/wp\/v2\/product\/481416","targetHints":{"allow":["GET"]}}],"collection":[{"href":"https:\/\/lucacastelli.com\/de\/wp-json\/wp\/v2\/product"}],"about":[{"href":"https:\/\/lucacastelli.com\/de\/wp-json\/wp\/v2\/types\/product"}],"wp:featuredmedia":[{"embeddable":true,"href":"https:\/\/lucacastelli.com\/de\/wp-json\/wp\/v2\/media\/69367"}],"wp:attachment":[{"href":"https:\/\/lucacastelli.com\/de\/wp-json\/wp\/v2\/media?parent=481416"}],"wp:term":[{"taxonomy":"product_brand","embeddable":true,"href":"https:\/\/lucacastelli.com\/de\/wp-json\/wp\/v2\/product_brand?post=481416"},{"taxonomy":"product_cat","embeddable":true,"href":"https:\/\/lucacastelli.com\/de\/wp-json\/wp\/v2\/product_cat?post=481416"},{"taxonomy":"product_tag","embeddable":true,"href":"https:\/\/lucacastelli.com\/de\/wp-json\/wp\/v2\/product_tag?post=481416"}],"curies":[{"name":"wp","href":"https:\/\/api.w.org\/{rel}","templated":true}]}}