{"id":481405,"date":"2022-06-15T00:59:35","date_gmt":"2022-06-14T22:59:35","guid":{"rendered":"https:\/\/lucacastelli.com\/?post_type=product&#038;p=481405"},"modified":"2025-07-29T17:12:39","modified_gmt":"2025-07-29T15:12:39","slug":"petzl-laser-geschwindigkeit","status":"publish","type":"product","link":"https:\/\/lucacastelli.com\/de\/produkt\/petzl-laser-geschwindigkeit\/","title":{"rendered":"PETZL LASER GESCHWINDIGKEIT"},"content":{"rendered":"<p>Hochleistungs-Eisschraube mit integrierter Kurbel<\/p>\n<p>LASER SPEED ist eine ultra-performante Eisschraube f\u00fcr alle Arten von Eis. Das Einsetzen der N\u00e4gel wird durch die Form der Dreizahnspitze erleichtert. Durch das leichte Stahlrohr ist er robust und reduziert sein Gewicht. Die klappbare und integrierte Kurbel macht das Schrauben dank des optimierten Hebelarms einfacher und schneller. Mit einem Farbcode k\u00f6nnen Sie die L\u00e4ngen der N\u00e4gel identifizieren.    <\/p>\n<p>Beschreibung<br \/>\nEinfaches Verschrauben:<br \/>\n &#8211; Stahlrohr zum einfachen Einf\u00fchren und Einschrauben in alle Arten von Eis.<br \/>\n&#8211; Leichterer Schlauch und optimiertes Gewinde f\u00fcr mehr Festigkeit.<br \/>\nEinfaches Einf\u00fchren:<br \/>\n&#8211; optimierte Form der dreizahnigen Stahlspitze f\u00fcr ein leichteres Einsetzen in Eis,<br \/>\n&#8211; Leichteres Sch\u00e4rfen dank des Spitzenschleifsystems (patentiert).<br \/>\nSchnelles und einfaches Schrauben:<br \/>\n&#8211; kompakte Platte, um das Schrauben in geformtem Eis zu erleichtern,<br \/>\n&#8211; Kurbel, faltbar und integriert, die einen hervorragenden Griff und einen optimierten Hebelarm garantiert, um das Schrauben zu erleichtern und es schneller zu machen,<br \/>\n&#8211; farbcodiert, um die Identifizierung von Nagell\u00e4ngen zu erleichtern.<\/p>\n<p>NB: F\u00fcr flaches Eis gibt es eine 10 cm lange Progressionseisschraube.<br \/>\nSpezifikationen<br \/>\nMaterialien: Stahl, Aluminium<br \/>\nZertifizierung(en): CE EN 568, UIAA 151<\/p>\n","protected":false},"excerpt":{"rendered":"<p>Hochleistungs-Eisschraube mit integrierter Kurbel LASER SPEED ist eine ultra-performante Eisschraube f\u00fcr alle Arten von Eis. Das Einsetzen der N\u00e4gel wird<\/p>\n","protected":false},"featured_media":69505,"template":"","meta":{"_seopress_robots_primary_cat":"","_seopress_titles_title":"","_seopress_titles_desc":"","_seopress_robots_index":""},"product_brand":[3666],"product_cat":[1396,1403,1410,150,1409],"product_tag":[],"class_list":{"0":"post-481405","1":"product","2":"type-product","3":"status-publish","4":"has-post-thumbnail","6":"product_brand-petzl-de","7":"product_cat-arbeitsausrustung","8":"product_cat-auffanggurte-und-sicherheitsausrustung","9":"product_cat-auffanggurte-und-sicherheitsausrustung-de","10":"product_cat-ausrustung","11":"product_cat-freizeitausrustung","12":"sws-gruppo-abb-libero-de","13":"sws-conto-ricavi-merci-rivendita-abbigliamento-de","14":"sws-gruppo-iva-iva81-de","16":"first","17":"instock","18":"shipping-taxable","19":"purchasable","20":"product-type-variable"},"_links":{"self":[{"href":"https:\/\/lucacastelli.com\/de\/wp-json\/wp\/v2\/product\/481405","targetHints":{"allow":["GET"]}}],"collection":[{"href":"https:\/\/lucacastelli.com\/de\/wp-json\/wp\/v2\/product"}],"about":[{"href":"https:\/\/lucacastelli.com\/de\/wp-json\/wp\/v2\/types\/product"}],"wp:featuredmedia":[{"embeddable":true,"href":"https:\/\/lucacastelli.com\/de\/wp-json\/wp\/v2\/media\/69505"}],"wp:attachment":[{"href":"https:\/\/lucacastelli.com\/de\/wp-json\/wp\/v2\/media?parent=481405"}],"wp:term":[{"taxonomy":"product_brand","embeddable":true,"href":"https:\/\/lucacastelli.com\/de\/wp-json\/wp\/v2\/product_brand?post=481405"},{"taxonomy":"product_cat","embeddable":true,"href":"https:\/\/lucacastelli.com\/de\/wp-json\/wp\/v2\/product_cat?post=481405"},{"taxonomy":"product_tag","embeddable":true,"href":"https:\/\/lucacastelli.com\/de\/wp-json\/wp\/v2\/product_tag?post=481405"}],"curies":[{"name":"wp","href":"https:\/\/api.w.org\/{rel}","templated":true}]}}