{"id":481358,"date":"2022-06-15T00:34:58","date_gmt":"2022-06-14T22:34:58","guid":{"rendered":"https:\/\/lucacastelli.com\/?post_type=product&#038;p=481358"},"modified":"2025-07-29T17:32:06","modified_gmt":"2025-07-29T15:32:06","slug":"petzl-parallel-105-mm","status":"publish","type":"product","link":"https:\/\/lucacastelli.com\/de\/produkt\/petzl-parallel-105-mm\/","title":{"rendered":"PETZL PARALLEL 10,5 mm"},"content":{"rendered":"<p>Flexibles und leichtes halbstatisches Seil f\u00fcr schwierigen Zugang<\/p>\n<p>Das halbstatische Seil PARALLEL 10,5 mm ist f\u00fcr den schwierigen Zugang bestimmt. Der d\u00fcnne Durchmesser garantiert eine hervorragende Leistung wie Flexibilit\u00e4t und Leichtigkeit. Es garantiert eine leichte Dehnung beim Spannen des Seils und erh\u00f6ht die Wirksamkeit zu Beginn des Seilaufstiegs. Die EverFlex-Technologie garantiert gro\u00dfe Flexibilit\u00e4t und konstante Leistung \u00fcber die Zeit. Das Seil ist in sechs Farben und vier L\u00e4ngen erh\u00e4ltlich.    <\/p>\n<p>Detaillierte<br \/>\nBeschreibung D\u00fcnner Durchmesser, der hervorragende Leistungen wie Flexibilit\u00e4t und Leichtigkeit garantiert.<br \/>\nLeichte Dehnung beim Spannen des Seils, wodurch die Effektivit\u00e4t zu Beginn des Seilaufstiegs erh\u00f6ht wird.<br \/>\nKonstante Leistung im Laufe der Zeit:<br \/>\n&#8211; Konstruktion mit einem Polyamidkern und einer Polyesterh\u00fclle mit einer speziellen Webart,- EverFlex-Technologie,<br \/>\n die eine gro\u00dfe Flexibilit\u00e4t im Laufe der Zeit garantiert, unabh\u00e4ngig von den Bedingungen (Wasser, Staub, Schlamm&#8230;), um eine hervorragende Handhabung und einen optimalen Betrieb mit den Ger\u00e4ten zu gew\u00e4hrleisten.<br \/>\nErh\u00e4ltlich in sechs Farben zur einfachen Identifizierung von Arbeitsseil, Sicherungsseil und gemeinsamem Zugang: wei\u00df, gelb, schwarz, blau, rot und orange.<br \/>\nStandardl\u00e4ngen: 50, 100, 200 und 500 m.<br \/>\nAnpassung auf Anfrage:<br \/>\n&#8211; M\u00f6glichkeit, ein Seil in der gew\u00fcnschten L\u00e4nge (bis zu 700 m) zu bestellen,<br \/>\n&#8211; Hinzuf\u00fcgen von gen\u00e4hten Enden, die an einem oder zwei Enden hergestellt werden, um ein Seil einsatzbereit zu haben. Diese Anschl\u00fcsse verf\u00fcgen \u00fcber einen Schutzmantel, um den Steckverbinder an Ort und Stelle zu halten und den Betrieb zu erleichtern. Die Endverschl\u00fcsse garantieren auch eine \u00fcberlegene Festigkeit bis zu einem Achterknoten.  <\/p>\n<p>Spezifikationen<br \/>\nDurchmesser: 10,5 mm<br \/>\nMaterialien: Polyester, Polyamid<br \/>\nZertifizierung(en): CE EN 1891 Typ A, UKCA, EAC, NFPA 1983 Technische Verwendung<br \/>\nGewicht pro Meter: 75 g<br \/>\nAchterfestigkeit: 15 kN<br \/>\nEingen\u00e4hte Anschlussfestigkeit: 22 kN<br \/>\nSchlagkraft (Faktor 0,3): 5,2 kN<br \/>\nAnzahl der Tropfen Faktor 1: 10<br \/>\nKonstruktion: 32 Spindeln<br \/>\nProzentsatz der Socke:  45 %<br \/>\nStatische Dehnung: 3,4 %<\/p>\n","protected":false},"excerpt":{"rendered":"<p>Flexibles und leichtes halbstatisches Seil f\u00fcr schwierigen Zugang Das halbstatische Seil PARALLEL 10,5 mm ist f\u00fcr den schwierigen Zugang bestimmt.<\/p>\n","protected":false},"featured_media":69151,"template":"","meta":{"_seopress_robots_primary_cat":"","_seopress_titles_title":"","_seopress_titles_desc":"","_seopress_robots_index":""},"product_brand":[3666],"product_cat":[1396,1403,1410,150,1409],"product_tag":[],"class_list":{"0":"post-481358","1":"product","2":"type-product","3":"status-publish","4":"has-post-thumbnail","6":"product_brand-petzl-de","7":"product_cat-arbeitsausrustung","8":"product_cat-auffanggurte-und-sicherheitsausrustung","9":"product_cat-auffanggurte-und-sicherheitsausrustung-de","10":"product_cat-ausrustung","11":"product_cat-freizeitausrustung","12":"sws-gruppo-abb-libero-de","13":"sws-conto-ricavi-merci-rivendita-abbigliamento-de","14":"sws-gruppo-iva-iva81-de","16":"first","17":"instock","18":"shipping-taxable","19":"purchasable","20":"product-type-variable"},"_links":{"self":[{"href":"https:\/\/lucacastelli.com\/de\/wp-json\/wp\/v2\/product\/481358","targetHints":{"allow":["GET"]}}],"collection":[{"href":"https:\/\/lucacastelli.com\/de\/wp-json\/wp\/v2\/product"}],"about":[{"href":"https:\/\/lucacastelli.com\/de\/wp-json\/wp\/v2\/types\/product"}],"wp:featuredmedia":[{"embeddable":true,"href":"https:\/\/lucacastelli.com\/de\/wp-json\/wp\/v2\/media\/69151"}],"wp:attachment":[{"href":"https:\/\/lucacastelli.com\/de\/wp-json\/wp\/v2\/media?parent=481358"}],"wp:term":[{"taxonomy":"product_brand","embeddable":true,"href":"https:\/\/lucacastelli.com\/de\/wp-json\/wp\/v2\/product_brand?post=481358"},{"taxonomy":"product_cat","embeddable":true,"href":"https:\/\/lucacastelli.com\/de\/wp-json\/wp\/v2\/product_cat?post=481358"},{"taxonomy":"product_tag","embeddable":true,"href":"https:\/\/lucacastelli.com\/de\/wp-json\/wp\/v2\/product_tag?post=481358"}],"curies":[{"name":"wp","href":"https:\/\/api.w.org\/{rel}","templated":true}]}}