{"id":481354,"date":"2022-06-15T00:56:07","date_gmt":"2022-06-14T22:56:07","guid":{"rendered":"https:\/\/lucacastelli.com\/?post_type=product&#038;p=481354"},"modified":"2025-07-29T17:12:33","modified_gmt":"2025-07-29T15:12:33","slug":"petzl-octo","status":"publish","type":"product","link":"https:\/\/lucacastelli.com\/de\/produkt\/petzl-octo\/","title":{"rendered":"PETZL OCTO"},"content":{"rendered":"<p>Schutz- und Transportkoffer f\u00fcr Eisnelken<\/p>\n<p>Der OCTO-Koffer ist f\u00fcr die Lagerung, den Schutz und den Transport von Nelken konzipiert. Es verf\u00fcgt \u00fcber acht F\u00e4cher f\u00fcr ein komplettes Set von bis zu zw\u00f6lf N\u00e4geln und einen Netzkoffer f\u00fcr Zubeh\u00f6r (Feile, Ersatzklinge&#8230;). Dank der Klapp\u00f6ffnung wird der Zugang zum Material vereinfacht. Praktisch ist, dass das Geh\u00e4use aufgeh\u00e4ngt werden kann, um das Material trocknen zu lassen, ohne es herauszunehmen.   <\/p>\n<p>Beschreibung<br \/>\nSchutz von Eisschrauben w\u00e4hrend des Transports:<br \/>\n&#8211; gro\u00dfe Speicherkapazit\u00e4t f\u00fcr die Aufbewahrung von bis zu zw\u00f6lf N\u00e4geln,<br \/>\n&#8211; kompatibel mit N\u00e4geln von 9 bis 21 cm L\u00e4nge und bis zu 18 mm Durchmesser,<br \/>\n&#8211; Positionierplatte zum Halten von N\u00e4geln,<br \/>\n&#8211; Schutz des Materials und des Rucksacks.<br \/>\nOrganisation des Materials:<br \/>\n&#8211; Aufbewahrung eines kompletten Satzes Eisschrauben,<br \/>\n&#8211; Netzkoffer f\u00fcr Zubeh\u00f6r: Feile, Ersatzklingen&#8230;,-<br \/>\n Brieftaschenfalte f\u00fcr einfachen Zugriff auf das Material,<br \/>\n&#8211; kompaktes Etui f\u00fcr einfaches Einsetzen in den Rucksack und einen geringen Platzbedarf,<br \/>\n&#8211; geringes Gewicht, nur 160 g.<br \/>\nEffektive Trocknung:<br \/>\n&#8211; Mesh-Konstruktion, die eine Bel\u00fcftung des Materials erm\u00f6glicht,<br \/>\n&#8211; Geh\u00e4use, das f\u00fcr ein effektives und praktisches Trocknen aufgeh\u00e4ngt werden kann, ohne das Material herauszuziehen.<br \/>\nSpezifisch<br \/>\nGewicht: 160 g<br \/>\nMaterialien: Polyester und TPU<\/p>\n","protected":false},"excerpt":{"rendered":"<p>Schutz- und Transportkoffer f\u00fcr Eisnelken Der OCTO-Koffer ist f\u00fcr die Lagerung, den Schutz und den Transport von Nelken konzipiert. Es<\/p>\n","protected":false},"featured_media":69449,"template":"","meta":{"_seopress_robots_primary_cat":"","_seopress_titles_title":"","_seopress_titles_desc":"","_seopress_robots_index":""},"product_brand":[3446],"product_cat":[33,537,814,211,818],"product_tag":[],"class_list":{"0":"post-481354","1":"product","2":"type-product","3":"status-publish","4":"has-post-thumbnail","6":"product_brand-petzl","7":"product_cat-attrezzature","8":"product_cat-attrezzatura-da-lavoro","9":"product_cat-imbraghi-e-materiale-di-sicurezza","10":"product_cat-attrezzatura-per-il-tempo-libero","11":"product_cat-imbraghi-e-materiale-di-sicurezza-attrezzatura-per-il-tempo-libero","12":"sws-gruppo-abb-libero-de","13":"sws-conto-ricavi-merci-rivendita-abbigliamento-de","14":"sws-gruppo-iva-iva81-de","16":"first","17":"onbackorder","18":"shipping-taxable","19":"purchasable","20":"product-type-simple"},"_links":{"self":[{"href":"https:\/\/lucacastelli.com\/de\/wp-json\/wp\/v2\/product\/481354","targetHints":{"allow":["GET"]}}],"collection":[{"href":"https:\/\/lucacastelli.com\/de\/wp-json\/wp\/v2\/product"}],"about":[{"href":"https:\/\/lucacastelli.com\/de\/wp-json\/wp\/v2\/types\/product"}],"wp:featuredmedia":[{"embeddable":true,"href":"https:\/\/lucacastelli.com\/de\/wp-json\/wp\/v2\/media\/69449"}],"wp:attachment":[{"href":"https:\/\/lucacastelli.com\/de\/wp-json\/wp\/v2\/media?parent=481354"}],"wp:term":[{"taxonomy":"product_brand","embeddable":true,"href":"https:\/\/lucacastelli.com\/de\/wp-json\/wp\/v2\/product_brand?post=481354"},{"taxonomy":"product_cat","embeddable":true,"href":"https:\/\/lucacastelli.com\/de\/wp-json\/wp\/v2\/product_cat?post=481354"},{"taxonomy":"product_tag","embeddable":true,"href":"https:\/\/lucacastelli.com\/de\/wp-json\/wp\/v2\/product_tag?post=481354"}],"curies":[{"name":"wp","href":"https:\/\/api.w.org\/{rel}","templated":true}]}}