{"id":481342,"date":"2022-06-15T00:55:36","date_gmt":"2022-06-14T22:55:36","guid":{"rendered":"https:\/\/lucacastelli.com\/?post_type=product&#038;p=481342"},"modified":"2025-07-29T18:00:54","modified_gmt":"2025-07-29T16:00:54","slug":"petzl-karabiner-ok","status":"publish","type":"product","link":"https:\/\/lucacastelli.com\/de\/produkt\/petzl-karabiner-ok\/","title":{"rendered":"PETZL Karabiner OK"},"content":{"rendered":"<p>Ovaler Karabiner zur Verwendung mit Umlenkrollen und Seilklemmen<\/p>\n<p>Leichter Aluminiumkarabiner mit ovaler und symmetrischer Form, mit dem Sie gro\u00dfteilige Ger\u00e4te wie Umlenkrollen, Seilklemmen und Seilklemmen optimal positionieren k\u00f6nnen. Erh\u00e4ltlich in drei Varianten mit Verriegelungssystemen (SCREW-LOCK, TRIACT-LOCK und BALL-LOCK). <\/p>\n<p>Beschreibung<br \/>\nOvale und symmetrische Form, die es Ihnen erm\u00f6glicht, Ger\u00e4te mit gro\u00dfem Querschnitt wie Umlenkrollen, Seilklemmen und Steigrollen optimal zu positionieren.<br \/>\nErleichtert das Man\u00f6vrieren:<br \/>\n&#8211; flie\u00dfendes Innendesign, um das Risiko eines stabilen Stichs zu verringern und die Drehung des Karabiners zu erleichtern,<br \/>\n&#8211; Keylock-System, um ein unbeabsichtigtes Einhaken des Karabiners zu verhindern,<br \/>\n&#8211; der H-Abschnitt tr\u00e4gt zu einem besseren Halt bei, sch\u00fctzt die Markierungen vor Abrieb und reduziert das Gewicht.<br \/>\nErh\u00e4ltlich in drei Versionen des Schlie\u00dfsystems:<br \/>\n &#8211; SCREW-LOCK: leicht zu \u00f6ffnendes System, abschlie\u00dfbar oder nicht abschlie\u00dfbar, je nach den Bed\u00fcrfnissen des Benutzers. Eine rote optische Anzeige zeigt an, wenn der Karabiner nicht verriegelt ist. Dieses System eignet sich f\u00fcr raue Umgebungen, in denen Verunreinigungen (Schlamm, Frost) ein automatisches Verriegelungssystem blockieren k\u00f6nnten.<br \/>\n &#8211; TRIACT-LOCK: automatisches Verriegelungssystem f\u00fcr h\u00e4ufige Man\u00f6ver. Dreifach wirkendes \u00d6ffnen durch Anheben und Drehen der Ringmutter, dann Bet\u00e4tigung des Hebels,<br \/>\n&#8211; BALL-LOCK: automatisches Verriegelungssystem f\u00fcr h\u00e4ufige Man\u00f6ver, mit Schlie\u00dfanzeige. Triple Action \u00d6ffnen durch Dr\u00fccken der gr\u00fcnen Anzeige, Drehen der L\u00fcnette und anschlie\u00dfendes Bet\u00e4tigen des Hebels. Die gr\u00fcne optische Anzeige zeigt an, wann der Karabiner verriegelt ist.     <\/p>\n<p>Spezifikationen<br \/>\nMaterialien: Aluminium<br \/>\nZertifizierung(en): CE EN 362, EAC<\/p>\n<table>\n<tbody>\n<tr>\n<th class=\"rowTitle\">Referenzen<\/th>\n<th>M33A TL<\/th>\n<th>M33A BL<\/th>\n<th>M33A SL<\/th>\n<th>M33A TLN<\/th>\n<th>M33A SLN<\/th>\n<\/tr>\n<tr>\n<td class=\"rowTitle\">Gewicht<\/td>\n<td>ca. 75 g<\/td>\n<td>ca. 75 g<\/td>\n<td>ca. 70 g<\/td>\n<td>ca. 75 g<\/td>\n<td>ca. 70 g<\/td>\n<\/tr>\n<tr>\n<td class=\"rowTitle\">Schlie\u00dfanlage<\/td>\n<td>TRIACT-LOCK  <\/td>\n<td>BALL-LOCK  <\/td>\n<td>SCHRAUBVERSCHLUSS  <\/td>\n<td>TRIACT-LOCK  <\/td>\n<td>SCHRAUBVERSCHLUSS  <\/td>\n<\/tr>\n<tr>\n<td class=\"rowTitle\">Farbe(n)<\/td>\n<td>grau  <\/td>\n<td>grau  <\/td>\n<td>grau  <\/td>\n<td>schwarz  <\/td>\n<td>schwarz  <\/td>\n<\/tr>\n<tr>\n<td class=\"rowTitle\">Widerstand der Hauptachse<\/td>\n<td>25 kN<\/td>\n<td>25 kN<\/td>\n<td>25 kN<\/td>\n<td>25 kN<\/td>\n<td>25 kN<\/td>\n<\/tr>\n<tr>\n<td class=\"rowTitle\">Widerstand der kleinen Achse<\/td>\n<td>8 kN<\/td>\n<td>8 kN<\/td>\n<td>8 kN<\/td>\n<td>8 kN<\/td>\n<td>8 kN<\/td>\n<\/tr>\n<tr>\n<td class=\"rowTitle\">Offener Hebelwiderstand<\/td>\n<td>7 kN<\/td>\n<td>7 kN<\/td>\n<td>7 kN<\/td>\n<td>7 kN<\/td>\n<td>7 kN<\/td>\n<\/tr>\n<tr>\n<td class=\"rowTitle\">\u00d6ffnung<\/td>\n<td>ca. 22 mm<\/td>\n<td>ca. 23 mm<\/td>\n<td>ca. 22 mm<\/td>\n<td>ca. 22 mm<\/td>\n<td>ca. 22 mm<\/td>\n<\/tr>\n<tr>\n<td class=\"rowTitle\">Garantie<\/td>\n<td>3 Jahre<\/td>\n<td>3 Jahre<\/td>\n<td>3 Jahre<\/td>\n<td>3 Jahre<\/td>\n<td>3 Jahre<\/td>\n<\/tr>\n<tr>\n<td class=\"rowTitle\">Verpackung<\/td>\n<td>1  <\/td>\n<td>1  <\/td>\n<td>1  <\/td>\n<td>1  <\/td>\n<td>1  <\/td>\n<\/tr>\n<\/tbody>\n<\/table>\n","protected":false},"excerpt":{"rendered":"<p>Ovaler Karabiner zur Verwendung mit Umlenkrollen und Seilklemmen Leichter Aluminiumkarabiner mit ovaler und symmetrischer Form, mit dem Sie gro\u00dfteilige Ger\u00e4te<\/p>\n","protected":false},"featured_media":69436,"template":"","meta":{"_seopress_robots_primary_cat":"","_seopress_titles_title":"","_seopress_titles_desc":"","_seopress_robots_index":""},"product_brand":[3666],"product_cat":[1396,1410,1403,150,1409],"product_tag":[],"class_list":{"0":"post-481342","1":"product","2":"type-product","3":"status-publish","4":"has-post-thumbnail","6":"product_brand-petzl-de","7":"product_cat-arbeitsausrustung","8":"product_cat-auffanggurte-und-sicherheitsausrustung-de","9":"product_cat-auffanggurte-und-sicherheitsausrustung","10":"product_cat-ausrustung","11":"product_cat-freizeitausrustung","12":"sws-gruppo-abb-libero-de","13":"sws-conto-ricavi-merci-rivendita-abbigliamento-de","14":"sws-gruppo-iva-iva81-de","16":"first","17":"instock","18":"shipping-taxable","19":"purchasable","20":"product-type-variable"},"_links":{"self":[{"href":"https:\/\/lucacastelli.com\/de\/wp-json\/wp\/v2\/product\/481342","targetHints":{"allow":["GET"]}}],"collection":[{"href":"https:\/\/lucacastelli.com\/de\/wp-json\/wp\/v2\/product"}],"about":[{"href":"https:\/\/lucacastelli.com\/de\/wp-json\/wp\/v2\/types\/product"}],"wp:featuredmedia":[{"embeddable":true,"href":"https:\/\/lucacastelli.com\/de\/wp-json\/wp\/v2\/media\/69436"}],"wp:attachment":[{"href":"https:\/\/lucacastelli.com\/de\/wp-json\/wp\/v2\/media?parent=481342"}],"wp:term":[{"taxonomy":"product_brand","embeddable":true,"href":"https:\/\/lucacastelli.com\/de\/wp-json\/wp\/v2\/product_brand?post=481342"},{"taxonomy":"product_cat","embeddable":true,"href":"https:\/\/lucacastelli.com\/de\/wp-json\/wp\/v2\/product_cat?post=481342"},{"taxonomy":"product_tag","embeddable":true,"href":"https:\/\/lucacastelli.com\/de\/wp-json\/wp\/v2\/product_tag?post=481342"}],"curies":[{"name":"wp","href":"https:\/\/api.w.org\/{rel}","templated":true}]}}