{"id":481339,"date":"2022-06-15T00:54:08","date_gmt":"2022-06-14T22:54:08","guid":{"rendered":"https:\/\/lucacastelli.com\/?post_type=product&#038;p=481339"},"modified":"2025-07-29T17:13:33","modified_gmt":"2025-07-29T15:13:33","slug":"petzl-dual-connect-einstellen","status":"publish","type":"product","link":"https:\/\/lucacastelli.com\/de\/produkt\/petzl-dual-connect-einstellen\/","title":{"rendered":"PETZL DUAL CONNECT EINSTELLEN"},"content":{"rendered":"<p>Verstellbares Doppel-Lanyard zum Klettern und Bergsteigen<\/p>\n<p>DUAL CONNECT ADJUST wurde f\u00fcr Mehrseill\u00e4ngenrouten und Bergsteigen entwickelt und ist ein verstellbares Doppel-Verbindungsmittel, mit dem Sie sich am Standplatz sichern und ein Abseilsystem installieren k\u00f6nnen. Mit dem verstellbaren Kleidungsst\u00fcck k\u00f6nnen Sie die L\u00e4nge einstellen, die f\u00fcr das Man\u00f6vrieren am besten geeignet ist. Dank ihrer ergonomischen Form erm\u00f6glicht die ADJUST-Seilklemme eine schnelle und einfache Einstellung mit einer Hand.  <\/p>\n<p>Beschreibung<br \/>\nDoppelt positionierbares Verbindungsmittel, mit dem Sie sich am Standplatz sichern und ein Abseilsystem f\u00fcr das Klettern in Mehrseill\u00e4ngenrouten und beim Bergsteigen installieren k\u00f6nnen.<br \/>\nDoppelkordel mit festem Ende und verstellbarem Ende.<br \/>\n&#8211; festes Kleidungsst\u00fcck von 45 cm,<br \/>\n&#8211; verstellbares Kleidungsst\u00fcck von 15 bis 95 cm,<br \/>\n&#8211; sehr schnelle und pr\u00e4zise Einstellung des verstellbaren Kleidungsst\u00fccks dank der ADJUST-Seilklemme, die dank ihrer ergonomischen Form leicht zu bedienen ist,<br \/>\n&#8211; dynamisches Seilband, um die auf den Benutzer \u00fcbertragene Kraft im Falle eines Sturzes aus geringer H\u00f6he zu reduzieren (1).<br \/>\nBenutzerfreundlichkeit:<br \/>\n&#8211; Das Einh\u00e4ngen wird durch die korrekte Positionierung des Verbindungsst\u00fccks dank eines Gummirings erleichtert,<br \/>\n&#8211; mit einer Hand verstellbar,<br \/>\n&#8211; Es kann mit zwei Karabinern mit Sicherungsring vom Typ SPIRIT SCREW-LOCK verwendet werden- Es<br \/>\n wird mit einem einfachen offenen Messerknoten am Sicherungsring befestigt.<\/p>\n<p>(1) Verwendung unterhalb des Anschlagpunkts: Die Verbindungsmittel zur Positionierung haben keinen Falld\u00e4mpfer. Diese Verbindungsmittel sollten daher nur verwendet werden, wenn die Sturzgefahr mit einem Sturzfaktor von weniger als 1 verbunden ist.<br \/>\nSpezifikationen<br \/>\nFeste Kleidungsl\u00e4nge: 45 cm<br \/>\nVerstellbare Kleidungsl\u00e4nge: 15 bis 95 cm<br \/>\nGewicht: 160 g<br \/>\nZertifizierung(en): CE, UIAA 109<br \/>\nMaterialien: Polyamid, Aluminium, thermoplastisches Elastomer (TPE) <\/p>\n","protected":false},"excerpt":{"rendered":"<p>Verstellbares Doppel-Lanyard zum Klettern und Bergsteigen DUAL CONNECT ADJUST wurde f\u00fcr Mehrseill\u00e4ngenrouten und Bergsteigen entwickelt und ist ein verstellbares Doppel-Verbindungsmittel,<\/p>\n","protected":false},"featured_media":518480,"template":"","meta":{"_seopress_robots_primary_cat":"","_seopress_titles_title":"","_seopress_titles_desc":"","_seopress_robots_index":""},"product_brand":[3666],"product_cat":[1396,1403,1410,150,1409],"product_tag":[],"class_list":{"0":"post-481339","1":"product","2":"type-product","3":"status-publish","4":"has-post-thumbnail","6":"product_brand-petzl-de","7":"product_cat-arbeitsausrustung","8":"product_cat-auffanggurte-und-sicherheitsausrustung","9":"product_cat-auffanggurte-und-sicherheitsausrustung-de","10":"product_cat-ausrustung","11":"product_cat-freizeitausrustung","12":"sws-gruppo-abb-libero-de","13":"sws-conto-ricavi-merci-rivendita-abbigliamento-de","14":"sws-gruppo-iva-iva81-de","16":"first","17":"instock","18":"shipping-taxable","19":"purchasable","20":"product-type-simple"},"_links":{"self":[{"href":"https:\/\/lucacastelli.com\/de\/wp-json\/wp\/v2\/product\/481339","targetHints":{"allow":["GET"]}}],"collection":[{"href":"https:\/\/lucacastelli.com\/de\/wp-json\/wp\/v2\/product"}],"about":[{"href":"https:\/\/lucacastelli.com\/de\/wp-json\/wp\/v2\/types\/product"}],"wp:featuredmedia":[{"embeddable":true,"href":"https:\/\/lucacastelli.com\/de\/wp-json\/wp\/v2\/media\/518480"}],"wp:attachment":[{"href":"https:\/\/lucacastelli.com\/de\/wp-json\/wp\/v2\/media?parent=481339"}],"wp:term":[{"taxonomy":"product_brand","embeddable":true,"href":"https:\/\/lucacastelli.com\/de\/wp-json\/wp\/v2\/product_brand?post=481339"},{"taxonomy":"product_cat","embeddable":true,"href":"https:\/\/lucacastelli.com\/de\/wp-json\/wp\/v2\/product_cat?post=481339"},{"taxonomy":"product_tag","embeddable":true,"href":"https:\/\/lucacastelli.com\/de\/wp-json\/wp\/v2\/product_tag?post=481339"}],"curies":[{"name":"wp","href":"https:\/\/api.w.org\/{rel}","templated":true}]}}