{"id":481336,"date":"2022-06-15T01:01:03","date_gmt":"2022-06-14T23:01:03","guid":{"rendered":"https:\/\/lucacastelli.com\/?post_type=product&#038;p=481336"},"modified":"2025-07-29T17:12:43","modified_gmt":"2025-07-29T15:12:43","slug":"petzl-freino","status":"publish","type":"product","link":"https:\/\/lucacastelli.com\/de\/produkt\/petzl-freino\/","title":{"rendered":"PETZL FREINO"},"content":{"rendered":"<p>Beschreibung<\/p>\n<p>Detaillierte<br \/>\nBeschreibung Bietet erh\u00f6hte Reibung f\u00fcr Einfachseile beim Abseilen oder Abseilen von oben, ohne zus\u00e4tzliches Material und ohne dass der Karabiner ge\u00f6ffnet werden muss.<br \/>\nEinfache Handhabung: Das Seil kann mit einer Hand schnell durch die Bremsreferenz hindurch oder aus ihr heraus gef\u00fchrt werden.<br \/>\nAutomatische Verriegelung.<br \/>\nKeylock-System.<br \/>\nEs kann mit einem einzigen Seil mit den Modellen STOP, GRIGRI, HUIT, HUIT ANTIBRULURE und SIMPLE verwendet werden.<\/p>\n<p>Spezifikationen<br \/>\nMaterialien: Aluminium<br \/>\nZertifizierung(en): CE EN 362, CE EN 12275 Typ B, UIAA<br \/>\n\u00d6ffnung des Kipphebels: 12 mm<\/p>\n<p>Gewicht 85 g<br \/>\nVerriegelungssystemTWIST-LOCK<br \/>\nFestigkeit der Hauptachse 25 kN<br \/>\nFestigkeit der Nebenachse 10 kN<br \/>\nFestigkeit des offenen Ankers 9 kN<br \/>\n\u00d6ffnung 15 mm<br \/>\nGarantie 3 Jahre<\/p>\n","protected":false},"excerpt":{"rendered":"<p>Beschreibung Detaillierte Beschreibung Bietet erh\u00f6hte Reibung f\u00fcr Einfachseile beim Abseilen oder Abseilen von oben, ohne zus\u00e4tzliches Material und ohne dass<\/p>\n","protected":false},"featured_media":69560,"template":"","meta":{"_seopress_robots_primary_cat":"","_seopress_titles_title":"","_seopress_titles_desc":"","_seopress_robots_index":""},"product_brand":[3666],"product_cat":[1396,1410,1403,150,1409],"product_tag":[],"class_list":{"0":"post-481336","1":"product","2":"type-product","3":"status-publish","4":"has-post-thumbnail","6":"product_brand-petzl-de","7":"product_cat-arbeitsausrustung","8":"product_cat-auffanggurte-und-sicherheitsausrustung-de","9":"product_cat-auffanggurte-und-sicherheitsausrustung","10":"product_cat-ausrustung","11":"product_cat-freizeitausrustung","12":"sws-gruppo-abb-libero-de","13":"sws-conto-ricavi-merci-rivendita-abbigliamento-de","14":"sws-gruppo-iva-iva81-de","16":"first","17":"onbackorder","18":"shipping-taxable","19":"purchasable","20":"product-type-simple"},"_links":{"self":[{"href":"https:\/\/lucacastelli.com\/de\/wp-json\/wp\/v2\/product\/481336","targetHints":{"allow":["GET"]}}],"collection":[{"href":"https:\/\/lucacastelli.com\/de\/wp-json\/wp\/v2\/product"}],"about":[{"href":"https:\/\/lucacastelli.com\/de\/wp-json\/wp\/v2\/types\/product"}],"wp:featuredmedia":[{"embeddable":true,"href":"https:\/\/lucacastelli.com\/de\/wp-json\/wp\/v2\/media\/69560"}],"wp:attachment":[{"href":"https:\/\/lucacastelli.com\/de\/wp-json\/wp\/v2\/media?parent=481336"}],"wp:term":[{"taxonomy":"product_brand","embeddable":true,"href":"https:\/\/lucacastelli.com\/de\/wp-json\/wp\/v2\/product_brand?post=481336"},{"taxonomy":"product_cat","embeddable":true,"href":"https:\/\/lucacastelli.com\/de\/wp-json\/wp\/v2\/product_cat?post=481336"},{"taxonomy":"product_tag","embeddable":true,"href":"https:\/\/lucacastelli.com\/de\/wp-json\/wp\/v2\/product_tag?post=481336"}],"curies":[{"name":"wp","href":"https:\/\/api.w.org\/{rel}","templated":true}]}}