{"id":481305,"date":"2022-06-27T13:42:20","date_gmt":"2022-06-27T11:42:20","guid":{"rendered":"https:\/\/lucacastelli.com\/?post_type=product&#038;p=481305"},"modified":"2025-07-29T10:28:30","modified_gmt":"2025-07-29T08:28:30","slug":"petzl-kit-secours-spalte","status":"publish","type":"product","link":"https:\/\/lucacastelli.com\/de\/produkt\/petzl-kit-secours-spalte\/","title":{"rendered":"PETZL KIT SECOURS SPALTE"},"content":{"rendered":"<p>Spaltenbergungs- und Selbstrettungsset<\/p>\n<p>Das CREVASSE SECOURS KIT enth\u00e4lt alles, was Sie f\u00fcr eine Bergung ben\u00f6tigen, einen Aufstieg am Seil im Falle eines Sturzes in eine Gletscherspalte. Dieses Set ist ein Muss f\u00fcr alle, die Gletscherbesteigungen (auf Skiern oder zu Fu\u00df) durchf\u00fchren. <\/p>\n<p>Detaillierte Beschreibung<br \/>\nDas CREVASSE SECOURS KIT enth\u00e4lt alles, was Sie f\u00fcr eine Bergung ben\u00f6tigen, einen Aufstieg am Seil im Falle eines Sturzes in eine Gletscherspalte:<br \/>\n&#8211; 1 MICRO TRAXION Flaschenzug,<br \/>\n&#8211; 2 OK SCREW-LOCK Karabiner,<br \/>\n&#8211; 1 TIBLOC,<br \/>\n&#8211; 1 PARTNER Flaschenzug,<br \/>\n&#8211; 1 ST&#8217;ANNEAU 120 cm Gurtband.<\/p>\n<p>Spezifikationen<br \/>\nGewicht: 370 g<br \/>\nLieferumfang: 1 MICRO TRAXION Umlenkrolle, 2 OK SCREW-LOCK Karabiner, 1 TIBLOC, 1 PARTNER Umlenkrolle, 1 ST&#8217;ANNEAU Schlinge 120 cm<br \/>\nSeilkompatibilit\u00e4t: 8 &#8211; 11 mm<br \/>\nZertifizierung(en): CE, UIAA<\/p>\n<p>3 Jahre Garantie<\/p>\n","protected":false},"excerpt":{"rendered":"<p>Spaltenbergungs- und Selbstrettungsset Das CREVASSE SECOURS KIT enth\u00e4lt alles, was Sie f\u00fcr eine Bergung ben\u00f6tigen, einen Aufstieg am Seil im<\/p>\n","protected":false},"featured_media":72200,"template":"","meta":{"_seopress_robots_primary_cat":"","_seopress_titles_title":"","_seopress_titles_desc":"","_seopress_robots_index":""},"product_brand":[3446],"product_cat":[33,537,814,211,818],"product_tag":[],"class_list":{"0":"post-481305","1":"product","2":"type-product","3":"status-publish","4":"has-post-thumbnail","6":"product_brand-petzl","7":"product_cat-attrezzature","8":"product_cat-attrezzatura-da-lavoro","9":"product_cat-imbraghi-e-materiale-di-sicurezza","10":"product_cat-attrezzatura-per-il-tempo-libero","11":"product_cat-imbraghi-e-materiale-di-sicurezza-attrezzatura-per-il-tempo-libero","12":"sws-gruppo-abb-libero-fr","13":"sws-conto-ricavi-merci-rivendita-abbigliamento","14":"sws-gruppo-iva-iva81","16":"first","17":"instock","18":"shipping-taxable","19":"purchasable","20":"product-type-simple"},"_links":{"self":[{"href":"https:\/\/lucacastelli.com\/de\/wp-json\/wp\/v2\/product\/481305","targetHints":{"allow":["GET"]}}],"collection":[{"href":"https:\/\/lucacastelli.com\/de\/wp-json\/wp\/v2\/product"}],"about":[{"href":"https:\/\/lucacastelli.com\/de\/wp-json\/wp\/v2\/types\/product"}],"wp:featuredmedia":[{"embeddable":true,"href":"https:\/\/lucacastelli.com\/de\/wp-json\/wp\/v2\/media\/72200"}],"wp:attachment":[{"href":"https:\/\/lucacastelli.com\/de\/wp-json\/wp\/v2\/media?parent=481305"}],"wp:term":[{"taxonomy":"product_brand","embeddable":true,"href":"https:\/\/lucacastelli.com\/de\/wp-json\/wp\/v2\/product_brand?post=481305"},{"taxonomy":"product_cat","embeddable":true,"href":"https:\/\/lucacastelli.com\/de\/wp-json\/wp\/v2\/product_cat?post=481305"},{"taxonomy":"product_tag","embeddable":true,"href":"https:\/\/lucacastelli.com\/de\/wp-json\/wp\/v2\/product_tag?post=481305"}],"curies":[{"name":"wp","href":"https:\/\/api.w.org\/{rel}","templated":true}]}}