{"id":481299,"date":"2022-06-27T13:32:23","date_gmt":"2022-06-27T11:32:23","guid":{"rendered":"https:\/\/lucacastelli.com\/?post_type=product&#038;p=481299"},"modified":"2025-07-29T17:24:08","modified_gmt":"2025-07-29T15:24:08","slug":"petzl-treesbee","status":"publish","type":"product","link":"https:\/\/lucacastelli.com\/de\/produkt\/petzl-treesbee\/","title":{"rendered":"PETZL TREESBEE"},"content":{"rendered":"<p>Schere f\u00fcr Baumarbeiten f\u00fcr Seile mit gesplei\u00dften Enden<\/p>\n<p>Das TREESBEE-Ankergurtband erleichtert das Gleiten des Seils auf H\u00f6he des Ankers und sch\u00fctzt den Baum vor Reibung. Es ist f\u00fcr Seile mit gesplei\u00dften Enden vorgesehen (der Splei\u00df geht in den kleinen Ring \u00fcber). Die verzinkten Stahlringe garantieren eine hervorragende Widerstandsf\u00e4higkeit.  <\/p>\n<p>Detaillierte Beschreibung<br \/>\nFalsche Gabel, die die Bewegung bei der Arbeit an B\u00e4umen erleichtert:<br \/>\n&#8211; sch\u00fctzt den Mast und erleichtert das Gleiten des Seils auf Ankerh\u00f6he<br \/>\n&#8211; M\u00f6glichkeit der Installation und Entnahme von unten,<br \/>\n&#8211; starres und breites Gurtband, um das Abknicken zu reduzieren,<br \/>\n&#8211; Gurtband mit Ringen mit gro\u00dfem und kleinem Durchmesser f\u00fcr den Durchgang von Seilen mit gesplei\u00dften Enden (der Splei\u00df geht in den kleinen Ring \u00fcber),<br \/>\n&#8211; dreifache Dicke des Gurtbandes auf H\u00f6he des gro\u00dfen Rings, um das Ende des Gurtbandes im Doppelkopf zu versteifen,<br \/>\n&#8211; m\u00f6gliche Verwendung mit zwei Personen, um eine Rettung durchzuf\u00fchren.<br \/>\nRinge aus verzinktem Stahl f\u00fcr h\u00f6here Festigkeit:<br \/>\n &#8211; Durchmesser des gro\u00dfen Rings (innen \/ au\u00dfen): 46\/70 mm,<br \/>\n &#8211; Durchmesser des kleinen Rings (innen \/ au\u00dfen): 28\/52 mm.<br \/>\nKompatibel mit 30-mm-R\u00fcckholkugeln.<br \/>\nErh\u00e4ltlich in zwei Gr\u00f6\u00dfen: 90 und 110 cm.<\/p>\n<p>Spezifikationen<br \/>\nMaterialien: Stahl, Polyamid<br \/>\nZugfestigkeit: 23 kN<br \/>\nMax. Seildurchmesser: 13 mm<br \/>\nZertifizierung(en): CE EN 795 B, TS 16415, EAC<\/p>\n","protected":false},"excerpt":{"rendered":"<p>Schere f\u00fcr Baumarbeiten f\u00fcr Seile mit gesplei\u00dften Enden Das TREESBEE-Ankergurtband erleichtert das Gleiten des Seils auf H\u00f6he des Ankers und<\/p>\n","protected":false},"featured_media":72177,"template":"","meta":{"_seopress_robots_primary_cat":"","_seopress_titles_title":"","_seopress_titles_desc":"","_seopress_robots_index":""},"product_brand":[3666],"product_cat":[1396,1410,1403,150,1409],"product_tag":[],"class_list":{"0":"post-481299","1":"product","2":"type-product","3":"status-publish","4":"has-post-thumbnail","6":"product_brand-petzl-de","7":"product_cat-arbeitsausrustung","8":"product_cat-auffanggurte-und-sicherheitsausrustung-de","9":"product_cat-auffanggurte-und-sicherheitsausrustung","10":"product_cat-ausrustung","11":"product_cat-freizeitausrustung","12":"sws-gruppo-abb-libero-de","13":"sws-conto-ricavi-merci-rivendita-abbigliamento-de","14":"sws-gruppo-iva-iva81-de","16":"first","17":"onbackorder","18":"shipping-taxable","19":"purchasable","20":"product-type-variable"},"_links":{"self":[{"href":"https:\/\/lucacastelli.com\/de\/wp-json\/wp\/v2\/product\/481299","targetHints":{"allow":["GET"]}}],"collection":[{"href":"https:\/\/lucacastelli.com\/de\/wp-json\/wp\/v2\/product"}],"about":[{"href":"https:\/\/lucacastelli.com\/de\/wp-json\/wp\/v2\/types\/product"}],"wp:featuredmedia":[{"embeddable":true,"href":"https:\/\/lucacastelli.com\/de\/wp-json\/wp\/v2\/media\/72177"}],"wp:attachment":[{"href":"https:\/\/lucacastelli.com\/de\/wp-json\/wp\/v2\/media?parent=481299"}],"wp:term":[{"taxonomy":"product_brand","embeddable":true,"href":"https:\/\/lucacastelli.com\/de\/wp-json\/wp\/v2\/product_brand?post=481299"},{"taxonomy":"product_cat","embeddable":true,"href":"https:\/\/lucacastelli.com\/de\/wp-json\/wp\/v2\/product_cat?post=481299"},{"taxonomy":"product_tag","embeddable":true,"href":"https:\/\/lucacastelli.com\/de\/wp-json\/wp\/v2\/product_tag?post=481299"}],"curies":[{"name":"wp","href":"https:\/\/api.w.org\/{rel}","templated":true}]}}