{"id":481288,"date":"2022-06-15T00:51:02","date_gmt":"2022-06-14T22:51:02","guid":{"rendered":"https:\/\/lucacastelli.com\/?post_type=product&#038;p=481288"},"modified":"2025-07-29T17:13:36","modified_gmt":"2025-07-29T15:13:36","slug":"petzl-captiv","status":"publish","type":"product","link":"https:\/\/lucacastelli.com\/de\/produkt\/petzl-captiv\/","title":{"rendered":"PETZL CAPTIV"},"content":{"rendered":"<p>Positionierungsstange f\u00fcr Karabiner (10er-Pack)<\/p>\n<p>Die Positionierungsstange CAPTIV hilft, den Karabiner auf der L\u00e4ngsachse zu belasten, reduziert sein Umkippen und macht ihn zu einem integralen Bestandteil des Ger\u00e4ts oder des Verbindungsmittels. CAPTIV ist kompatibel mit den Karabinern OK, Am&#8217;D, WILLIAM, OXAN, VULCAN, Bm&#8217;D und der ROLLCLIP A Karabinerrolle. <\/p>\n<p>Beschreibung<br \/>\nEntwickelt, um die Belastung des Karabiners auf der L\u00e4ngsachse zu erleichtern und sein Umkippen zu reduzieren.<br \/>\nEs erm\u00f6glicht Ihnen, das Ger\u00e4t oder das Schl\u00fcsselband in den Stecker zu integrieren, wodurch das Risiko verringert wird, dass sie verloren gehen.<br \/>\nKompatibel mit den Karabinern OK, Am&#8217;D, WILLIAM, OXAN, VULCAN, Bm&#8217;D und der ROLLCLIP A Karabinerrolle.<br \/>\nSpezifikationen<br \/>\nMaterial: Polyamid<br \/>\nGewicht: 10g<\/p>\n<p>3 Jahre Garantie<\/p>\n","protected":false},"excerpt":{"rendered":"<p>Positionierungsstange f\u00fcr Karabiner (10er-Pack) Die Positionierungsstange CAPTIV hilft, den Karabiner auf der L\u00e4ngsachse zu belasten, reduziert sein Umkippen und macht<\/p>\n","protected":false},"featured_media":69354,"template":"","meta":{"_seopress_robots_primary_cat":"","_seopress_titles_title":"","_seopress_titles_desc":"","_seopress_robots_index":""},"product_brand":[3446],"product_cat":[33,537,814,211,818],"product_tag":[],"class_list":{"0":"post-481288","1":"product","2":"type-product","3":"status-publish","4":"has-post-thumbnail","6":"product_brand-petzl","7":"product_cat-attrezzature","8":"product_cat-attrezzatura-da-lavoro","9":"product_cat-imbraghi-e-materiale-di-sicurezza","10":"product_cat-attrezzatura-per-il-tempo-libero","11":"product_cat-imbraghi-e-materiale-di-sicurezza-attrezzatura-per-il-tempo-libero","12":"sws-gruppo-abb-libero-fr","13":"sws-conto-ricavi-merci-rivendita-abbigliamento","14":"sws-gruppo-iva-iva81","16":"first","17":"onbackorder","18":"shipping-taxable","19":"purchasable","20":"product-type-simple"},"_links":{"self":[{"href":"https:\/\/lucacastelli.com\/de\/wp-json\/wp\/v2\/product\/481288","targetHints":{"allow":["GET"]}}],"collection":[{"href":"https:\/\/lucacastelli.com\/de\/wp-json\/wp\/v2\/product"}],"about":[{"href":"https:\/\/lucacastelli.com\/de\/wp-json\/wp\/v2\/types\/product"}],"wp:featuredmedia":[{"embeddable":true,"href":"https:\/\/lucacastelli.com\/de\/wp-json\/wp\/v2\/media\/69354"}],"wp:attachment":[{"href":"https:\/\/lucacastelli.com\/de\/wp-json\/wp\/v2\/media?parent=481288"}],"wp:term":[{"taxonomy":"product_brand","embeddable":true,"href":"https:\/\/lucacastelli.com\/de\/wp-json\/wp\/v2\/product_brand?post=481288"},{"taxonomy":"product_cat","embeddable":true,"href":"https:\/\/lucacastelli.com\/de\/wp-json\/wp\/v2\/product_cat?post=481288"},{"taxonomy":"product_tag","embeddable":true,"href":"https:\/\/lucacastelli.com\/de\/wp-json\/wp\/v2\/product_tag?post=481288"}],"curies":[{"name":"wp","href":"https:\/\/api.w.org\/{rel}","templated":true}]}}