{"id":481287,"date":"2022-06-15T00:50:07","date_gmt":"2022-06-14T22:50:07","guid":{"rendered":"https:\/\/lucacastelli.com\/?post_type=product&#038;p=481287"},"modified":"2025-07-29T17:13:43","modified_gmt":"2025-07-29T15:13:43","slug":"petzl-asapsorber-axess","status":"publish","type":"product","link":"https:\/\/lucacastelli.com\/de\/produkt\/petzl-asapsorber-axess\/","title":{"rendered":"PETZL ASAP&#8217;SORBER AXESS"},"content":{"rendered":"<p>Falld\u00e4mpfer f\u00fcr ASAP oder ASAP LOCK f\u00fcr eine maximale Belastung von 250 kg<\/p>\n<p>Der Falld\u00e4mpfer ASAP&#8217;SORBER AXESS wird ausschlie\u00dflich mit einem mobilen Auffangger\u00e4t ASAP oder ASAP LOCK verwendet. Es erm\u00f6glicht dem Benutzer, abseits des Seils zu arbeiten, um es w\u00e4hrend der Arbeitsphasen zu sch\u00fctzen. Ausgestattet mit einem Aufrei\u00dfgewebe, das sich in einem Geh\u00e4use befindet, das an den Enden ge\u00f6ffnet werden kann, ist der Absorber vor Abrieb gesch\u00fctzt, was regelm\u00e4\u00dfige Kontrollen erm\u00f6glicht. Er kann im Rahmen einer Zwei-Personen-Rettung mit einer maximalen Belastung von 250 kg eingesetzt werden.   <\/p>\n<p>Beschreibung<\/p>\n<p>Detaillierte Beschreibung<br \/>\nKann nur in Verbindung mit einem mobilen Auffangger\u00e4t ASAP oder ASAP LOCK verwendet werden.<br \/>\nEs erm\u00f6glicht dem Benutzer, das Seil wegzubewegen, um:<br \/>\n&#8211; den Arbeitsbereich zu r\u00e4umen,<br \/>\n&#8211; das Seil vor scharfen Werkzeugen und Kontaktpunkten zu sch\u00fctzen, die es besch\u00e4digen k\u00f6nnten.<br \/>\nAbsorbiert die Energie im Falle eines Sturzes:<br \/>\n&#8211; Rei\u00dfen des Gurtbandes des Falld\u00e4mpfers, um die Aufprallkraft des Benutzers zu verringern,<br \/>\n&#8211; Ausgelegt f\u00fcr Benutzer mit einem Gewicht zwischen 50 und 130 kg. Er kann bis zu 250 kg im Rahmen einer Zwei-Personen-Rettung eingesetzt werden.<br \/>\nStrapazierf\u00e4higer Stoffkoffer mit \u00d6ffnungssystem an den Enden, um den Falld\u00e4mpfer vor Abrieb oder Vorspr\u00fcngen zu sch\u00fctzen und eine regelm\u00e4\u00dfige \u00dcberpr\u00fcfung des Absorbers zu erm\u00f6glichen, Enden mit STRING ausgestattet,<br \/>\n um den Verbinder an Ort und Stelle zu halten und das Gurtband vor Abrieb zu sch\u00fctzen. <\/p>\n<p>Spezifikationen<br \/>\nMaterialien: Polyamid, Polyester<br \/>\nZertifizierung(en): CE EN 355, ANSI Z359.13 6 F\u00fc\u00dfe<\/p>\n<p>L\u00e4nge 40 cm<br \/>\nGewicht 205 g<br \/>\nGarantie 3 Jahre<\/p>\n","protected":false},"excerpt":{"rendered":"<p>Falld\u00e4mpfer f\u00fcr ASAP oder ASAP LOCK f\u00fcr eine maximale Belastung von 250 kg Der Falld\u00e4mpfer ASAP&#8217;SORBER AXESS wird ausschlie\u00dflich mit<\/p>\n","protected":false},"featured_media":69324,"template":"","meta":{"_seopress_robots_primary_cat":"","_seopress_titles_title":"","_seopress_titles_desc":"","_seopress_robots_index":""},"product_brand":[3666],"product_cat":[1396,1403,1410,150,1409],"product_tag":[],"class_list":{"0":"post-481287","1":"product","2":"type-product","3":"status-publish","4":"has-post-thumbnail","6":"product_brand-petzl-de","7":"product_cat-arbeitsausrustung","8":"product_cat-auffanggurte-und-sicherheitsausrustung","9":"product_cat-auffanggurte-und-sicherheitsausrustung-de","10":"product_cat-ausrustung","11":"product_cat-freizeitausrustung","12":"sws-gruppo-abb-libero-de","13":"sws-conto-ricavi-merci-rivendita-abbigliamento-de","14":"sws-gruppo-iva-iva81-de","16":"first","17":"onbackorder","18":"shipping-taxable","19":"purchasable","20":"product-type-simple"},"_links":{"self":[{"href":"https:\/\/lucacastelli.com\/de\/wp-json\/wp\/v2\/product\/481287","targetHints":{"allow":["GET"]}}],"collection":[{"href":"https:\/\/lucacastelli.com\/de\/wp-json\/wp\/v2\/product"}],"about":[{"href":"https:\/\/lucacastelli.com\/de\/wp-json\/wp\/v2\/types\/product"}],"wp:featuredmedia":[{"embeddable":true,"href":"https:\/\/lucacastelli.com\/de\/wp-json\/wp\/v2\/media\/69324"}],"wp:attachment":[{"href":"https:\/\/lucacastelli.com\/de\/wp-json\/wp\/v2\/media?parent=481287"}],"wp:term":[{"taxonomy":"product_brand","embeddable":true,"href":"https:\/\/lucacastelli.com\/de\/wp-json\/wp\/v2\/product_brand?post=481287"},{"taxonomy":"product_cat","embeddable":true,"href":"https:\/\/lucacastelli.com\/de\/wp-json\/wp\/v2\/product_cat?post=481287"},{"taxonomy":"product_tag","embeddable":true,"href":"https:\/\/lucacastelli.com\/de\/wp-json\/wp\/v2\/product_tag?post=481287"}],"curies":[{"name":"wp","href":"https:\/\/api.w.org\/{rel}","templated":true}]}}