{"id":481282,"date":"2022-06-15T00:50:34","date_gmt":"2022-06-14T22:50:34","guid":{"rendered":"https:\/\/lucacastelli.com\/?post_type=product&#038;p=481282"},"modified":"2025-07-29T17:13:39","modified_gmt":"2025-07-29T15:13:39","slug":"petzl-croll-l","status":"publish","type":"product","link":"https:\/\/lucacastelli.com\/de\/produkt\/petzl-croll-l\/","title":{"rendered":"PETZL CROLL L"},"content":{"rendered":"<p>Ventrale Seilklemme f\u00fcr Seile mit gro\u00dfem Durchmesser<\/p>\n<p>Die ventrale Seilklemme CROLL wurde f\u00fcr den Aufstieg am Seil entwickelt und ist einfach zu bedienen. Die Verbindungsl\u00f6cher sorgen f\u00fcr eine effektive Positionierung bei Aufstiegen. Dank der breiten Seildurchgangsrille passt er sich perfekt an gro\u00dfe, pralle oder steife Seile an und reduziert so Scheuern. Es ist kompatibel mit Seilen mit einem Durchmesser zwischen 8 und 13 mm.   <\/p>\n<p>Detaillierte Beschreibung<br \/>\nEffektiv und einfach zu bedienen f\u00fcr Seilaufstiege:<br \/>\n&#8211; Es wird zus\u00e4tzlich zur BASIC-Seilklemme oder einem ASCENSION-Seilklemmengriff f\u00fcr Seilaufstiege verwendet.<br \/>\n&#8211; Gedrehtes unteres Loch, um die Bauchsteigklemme eng am K\u00f6rper zu halten,<br \/>\n&#8211; Oberes Loch zum Befestigen eines TORSE-Gurtes und zum Halten der Seilklemme an Ort und Stelle,<br \/>\n&#8211; Hebel\u00f6ffnung f\u00fcr eine schnelle und einfache Verwendung.<br \/>\nOptimierte Leistung f\u00fcr Seile mit gro\u00dfem Durchmesser:<br \/>\n&#8211; breite Seildurchgangsrille zur Reduzierung der Reibung an gro\u00dfen, geschwollenen oder steifen Seilen,<br \/>\n&#8211; kompatibel mit Seilen mit einem Durchmesser zwischen 8 und 13 mm.<br \/>\nGeeignet f\u00fcr alle Einsatzbedingungen:<br \/>\n&#8211; gekerbter Nocken mit Rille zur Beseitigung von Verunreinigungen, um den Betrieb unter allen Bedingungen (gefrorenes Seil, schlammiges Seil&#8230;) zu optimieren,<br \/>\n&#8211; Nocken aus Edelstahl zur Verbesserung der Korrosionsbest\u00e4ndigkeit.<br \/>\nSpezifisch<br \/>\nMaterialien: Aluminiumgeh\u00e4use, Nockenanschlag aus Edelstahl, Hebel aus Polyamid<br \/>\nGewicht: 140 g<br \/>\nKompatibilit\u00e4t mit Seilen: 8 bis 13 mm<br \/>\nZertifizierung(en): CE EN 567, UKCA, UIAA<\/p>\n","protected":false},"excerpt":{"rendered":"<p>Ventrale Seilklemme f\u00fcr Seile mit gro\u00dfem Durchmesser Die ventrale Seilklemme CROLL wurde f\u00fcr den Aufstieg am Seil entwickelt und ist<\/p>\n","protected":false},"featured_media":69337,"template":"","meta":{"_seopress_robots_primary_cat":"","_seopress_titles_title":"","_seopress_titles_desc":"","_seopress_robots_index":""},"product_brand":[3666],"product_cat":[1396,1403,1410,150,1409],"product_tag":[],"class_list":{"0":"post-481282","1":"product","2":"type-product","3":"status-publish","4":"has-post-thumbnail","6":"product_brand-petzl-de","7":"product_cat-arbeitsausrustung","8":"product_cat-auffanggurte-und-sicherheitsausrustung","9":"product_cat-auffanggurte-und-sicherheitsausrustung-de","10":"product_cat-ausrustung","11":"product_cat-freizeitausrustung","12":"sws-gruppo-abb-libero-fr","13":"sws-conto-ricavi-merci-rivendita-abbigliamento","14":"sws-gruppo-iva-iva81","16":"first","17":"onbackorder","18":"shipping-taxable","19":"purchasable","20":"product-type-simple"},"_links":{"self":[{"href":"https:\/\/lucacastelli.com\/de\/wp-json\/wp\/v2\/product\/481282","targetHints":{"allow":["GET"]}}],"collection":[{"href":"https:\/\/lucacastelli.com\/de\/wp-json\/wp\/v2\/product"}],"about":[{"href":"https:\/\/lucacastelli.com\/de\/wp-json\/wp\/v2\/types\/product"}],"wp:featuredmedia":[{"embeddable":true,"href":"https:\/\/lucacastelli.com\/de\/wp-json\/wp\/v2\/media\/69337"}],"wp:attachment":[{"href":"https:\/\/lucacastelli.com\/de\/wp-json\/wp\/v2\/media?parent=481282"}],"wp:term":[{"taxonomy":"product_brand","embeddable":true,"href":"https:\/\/lucacastelli.com\/de\/wp-json\/wp\/v2\/product_brand?post=481282"},{"taxonomy":"product_cat","embeddable":true,"href":"https:\/\/lucacastelli.com\/de\/wp-json\/wp\/v2\/product_cat?post=481282"},{"taxonomy":"product_tag","embeddable":true,"href":"https:\/\/lucacastelli.com\/de\/wp-json\/wp\/v2\/product_tag?post=481282"}],"curies":[{"name":"wp","href":"https:\/\/api.w.org\/{rel}","templated":true}]}}