{"id":481266,"date":"2022-06-30T14:47:13","date_gmt":"2022-06-30T12:47:13","guid":{"rendered":"https:\/\/lucacastelli.com\/?post_type=product&#038;p=481266"},"modified":"2025-07-29T17:13:26","modified_gmt":"2025-07-29T15:13:26","slug":"petzl-vertigo-wire-lock","status":"publish","type":"product","link":"https:\/\/lucacastelli.com\/de\/produkt\/petzl-vertigo-wire-lock\/","title":{"rendered":"PETZL Vertigo WIRE-LOCK"},"content":{"rendered":"<p>Karabiner f\u00fcr Progressions-Lanyard<\/p>\n<p>Der KARABINER VERTIGO WIRE-LOCK ist f\u00fcr die Montage an Klettersteig-Verbindungsmitteln konzipiert. Sein hervorragender Griff und sein automatisches Verriegelungssystem erleichtern das Man\u00f6vrieren beim Durchgang von Fraktionen. Die gro\u00dfe \u00d6ffnung und das Keylock-System erleichtern das Verbinden des Karabiners mit dem Seil. Die WIRE-LOCK-Verriegelung erh\u00f6ht die Haltbarkeit des Karabiners bei intensiver Nutzung im Vergleich zu herk\u00f6mmlichen Verschlusssystemen.   <\/p>\n<p>Beschreibung<\/p>\n<p>Detaillierte Beschreibung<br \/>\nKonzipiert f\u00fcr die Verwendung am Ende von Petzl-Klettersteig-Verbindungsmitteln.<br \/>\nErleichtert Man\u00f6ver bei der \u00dcberwindung von Spagaten:<br \/>\n&#8211; hervorragender Halt dank seiner ergonomischen Form,<br \/>\n&#8211; einfach zu bedienendes automatisches WIRE-LOCK-Verriegelungssystem,<br \/>\n&#8211; gro\u00dfe \u00d6ffnung, um die Verbindung des Karabiners mit dem Seil zu erleichtern,- Keylock-System,<br \/>\n um zu verhindern, dass sich der Karabiner w\u00e4hrend eines Man\u00f6vers pl\u00f6tzlich verhakt.<br \/>\nBesonders geeignet f\u00fcr den intensiven Gebrauch:<br \/>\n &#8211; WIRE-LOCK-Verriegelung zur Optimierung der Anzahl der \u00d6ffnungs- und Schlie\u00dfzyklen des Hebels und zur Reduzierung der Wartungsh\u00e4ufigkeit.<\/p>\n<p>Spezifikationen<br \/>\nMaterialien: Aluminium, Edelstahl, Polyamid<br \/>\nZertifizierung(en): CE EN 12275 Typen K, B, UIAA<\/p>\n<p>Gewicht 95 g<br \/>\nVerriegelungssystemWIRE-LOCK<br \/>\nFestigkeit der Hauptachse 25 kN<br \/>\nFestigkeit der Nebenachse 10 kN<br \/>\nFestigkeit des offenen Ankers 8 kN<br \/>\n\u00d6ffnung: 24 mm<br \/>\nGarantie 3 Jahre<\/p>\n","protected":false},"excerpt":{"rendered":"<p>Karabiner f\u00fcr Progressions-Lanyard Der KARABINER VERTIGO WIRE-LOCK ist f\u00fcr die Montage an Klettersteig-Verbindungsmitteln konzipiert. Sein hervorragender Griff und sein automatisches<\/p>\n","protected":false},"featured_media":518475,"template":"","meta":{"_seopress_robots_primary_cat":"","_seopress_titles_title":"","_seopress_titles_desc":"","_seopress_robots_index":""},"product_brand":[3446],"product_cat":[33,537,814,211,818],"product_tag":[],"class_list":{"0":"post-481266","1":"product","2":"type-product","3":"status-publish","4":"has-post-thumbnail","6":"product_brand-petzl","7":"product_cat-attrezzature","8":"product_cat-attrezzatura-da-lavoro","9":"product_cat-imbraghi-e-materiale-di-sicurezza","10":"product_cat-attrezzatura-per-il-tempo-libero","11":"product_cat-imbraghi-e-materiale-di-sicurezza-attrezzatura-per-il-tempo-libero","12":"sws-gruppo-abb-libero-fr","13":"sws-conto-ricavi-merci-rivendita-abbigliamento","14":"sws-gruppo-iva-iva81","16":"first","17":"onbackorder","18":"shipping-taxable","19":"purchasable","20":"product-type-simple"},"_links":{"self":[{"href":"https:\/\/lucacastelli.com\/de\/wp-json\/wp\/v2\/product\/481266","targetHints":{"allow":["GET"]}}],"collection":[{"href":"https:\/\/lucacastelli.com\/de\/wp-json\/wp\/v2\/product"}],"about":[{"href":"https:\/\/lucacastelli.com\/de\/wp-json\/wp\/v2\/types\/product"}],"wp:featuredmedia":[{"embeddable":true,"href":"https:\/\/lucacastelli.com\/de\/wp-json\/wp\/v2\/media\/518475"}],"wp:attachment":[{"href":"https:\/\/lucacastelli.com\/de\/wp-json\/wp\/v2\/media?parent=481266"}],"wp:term":[{"taxonomy":"product_brand","embeddable":true,"href":"https:\/\/lucacastelli.com\/de\/wp-json\/wp\/v2\/product_brand?post=481266"},{"taxonomy":"product_cat","embeddable":true,"href":"https:\/\/lucacastelli.com\/de\/wp-json\/wp\/v2\/product_cat?post=481266"},{"taxonomy":"product_tag","embeddable":true,"href":"https:\/\/lucacastelli.com\/de\/wp-json\/wp\/v2\/product_tag?post=481266"}],"curies":[{"name":"wp","href":"https:\/\/api.w.org\/{rel}","templated":true}]}}