{"id":481245,"date":"2022-06-30T14:37:14","date_gmt":"2022-06-30T12:37:14","guid":{"rendered":"https:\/\/lucacastelli.com\/?post_type=product&#038;p=481245"},"modified":"2025-07-29T13:56:59","modified_gmt":"2025-07-29T11:56:59","slug":"petzl-duo-s","status":"publish","type":"product","link":"https:\/\/lucacastelli.com\/de\/produkt\/petzl-duo-s\/","title":{"rendered":"PETZL DUO S"},"content":{"rendered":"<p>Ultra-leistungsstarke, multifunktionale und wiederaufladbare Stirnlampe mit Blendschutzfunktion FACE2FACE. 1100 Lumen <\/p>\n<p>Die Stirnlampe DUO S ist mit 1100 Lumen in der BOOST-Funktion extrem leistungsstark und wird mit einem wiederaufladbaren Akku betrieben. Es ist multifunktional und garantiert f\u00fcnf Beleuchtungsstufen, die eine Anpassung an jede Situation erm\u00f6glichen: manuelle Fernarbeit, N\u00e4he, Bewegung, schnelle Bewegung und Fernsicht. Ausgestattet mit der Blendschutzfunktion FACE2FACE erm\u00f6glicht die DUO S-Lampe Teamarbeitern, mehrere Lichtstrahlen ohne Blendung zu treffen und so effektiver zusammenzuarbeiten. Er kann dank der mitgelieferten St\u00fctzen auf den Helmen VERTEX und STRATO getragen werden.   <\/p>\n<p>Beschreibung<\/p>\n<p>Detaillierte Beschreibung<br \/>\nF\u00fcnf Stufen und ein BOOST-Modus, um die Beleuchtung an alle Arbeitssituationen anzupassen:<br \/>\n&#8211; manuelle Fernbeleuchtung: breiter Lichtstrahl mit geringer Intensit\u00e4t, der eine lange Autonomie beg\u00fcnstigt,<br \/>\n&#8211; Nahbereichsbeleuchtung: gemischter Lichtstrahl mit einer Intensit\u00e4t, die f\u00fcr komfortables Sehen im Nahbereich geeignet ist,<br \/>\n&#8211; Verschiebungsbeleuchtung: gemischter Lichtstrahl, um eine fokussierte Komponente zu gew\u00e4hrleisten, mit der Sie sich effektiv bewegen k\u00f6nnen,<br \/>\n&#8211; schnelle Verschiebungsbeleuchtung: leistungsst\u00e4rkerer Mischlichtstrahl, um die Art des Gel\u00e4ndes vorherzusagen,<br \/>\n&#8211; Fernsicht: sehr fokussierter Lichtstrahl, um in die Ferne zu sehen.<br \/>\n&#8211; BOOST-Modus, um vor\u00fcbergehend auf die maximale Leistung von 1100 Lumen zuzugreifen.<br \/>\nCONSTANT LIGHTING-Technologie: stabile Beleuchtung \u00fcber einen l\u00e4ngeren Zeitraum, geeignet f\u00fcr lange Arbeitsphasen.<br \/>\nWiederaufladbarer Akku:<br \/>\n&#8211; Lithium-Ionen-Akku, 3200 mAh, Spannung 7,4 V, 23,68 Wh,<br \/>\n&#8211; wiederaufladbar in 4 Stunden mit 110\/240 V Schnellladeger\u00e4t (im Lieferumfang enthalten),<br \/>\n&#8211; Ladeanzeige,<br \/>\n&#8211; abnehmbar und austauschbar (als Zubeh\u00f6r erh\u00e4ltlich).<br \/>\nSicherheit und Komfort im Teamwork dank der Blendschutzfunktion FACE2FACE: Sie erm\u00f6glicht es den Personen, die die Lampen der DUO-Serie verwenden, mehreren Lichtstrahlen zu begegnen, ohne zu blenden, und senkt die Lichtleistung automatisch, wenn zwei oder mehr Lichtstrahlen aufeinandertreffen.<br \/>\nZuverl\u00e4ssigkeit und Ergonomie der Nutzung:<br \/>\n&#8211; ausgewogener Transport dank des separaten Batteriehalters hinter dem Kopf,<br \/>\n&#8211; ergonomischer Knopf, der auch mit Handschuhen bedient werden kann,<br \/>\n&#8211; automatisches Umschalten auf die Lichtreserve, wenn der Akku fast leer ist,<br \/>\n&#8211; elektronische Verriegelung, um ein unbeabsichtigtes Einschalten w\u00e4hrend des Transports\/der Lagerung zu verhindern.<br \/>\nRobustheit:<br \/>\n &#8211; IP67 (wasserdicht bis zu -1 Meter f\u00fcr 30 Minuten in S\u00fc\u00dfwasser),<br \/>\n &#8211; ausgezeichnete Fall-, Sto\u00df- und Quetschbest\u00e4ndigkeit.<\/p>\n<p>CE-Zertifizierung Farbe Schwarz\/Gelb<br \/>\nGarantie 3 Jahre<\/p>\n","protected":false},"excerpt":{"rendered":"<p>Ultra-leistungsstarke, multifunktionale und wiederaufladbare Stirnlampe mit Blendschutzfunktion FACE2FACE. 1100 Lumen Die Stirnlampe DUO S ist mit 1100 Lumen in der<\/p>\n","protected":false},"featured_media":72903,"template":"","meta":{"_seopress_robots_primary_cat":"","_seopress_titles_title":"","_seopress_titles_desc":"","_seopress_robots_index":""},"product_brand":[3666],"product_cat":[1396,150,1409,1494,1703],"product_tag":[],"class_list":{"0":"post-481245","1":"product","2":"type-product","3":"status-publish","4":"has-post-thumbnail","6":"product_brand-petzl-de","7":"product_cat-arbeitsausrustung","8":"product_cat-ausrustung","9":"product_cat-freizeitausrustung","10":"product_cat-sonstige-arbeitsausrustung","11":"product_cat-sonstiges","12":"sws-gruppo-abb-libero-de","13":"sws-conto-ricavi-merci-rivendita-abbigliamento-de","14":"sws-gruppo-iva-iva81-de","16":"first","17":"onbackorder","18":"shipping-taxable","19":"purchasable","20":"product-type-simple"},"_links":{"self":[{"href":"https:\/\/lucacastelli.com\/de\/wp-json\/wp\/v2\/product\/481245","targetHints":{"allow":["GET"]}}],"collection":[{"href":"https:\/\/lucacastelli.com\/de\/wp-json\/wp\/v2\/product"}],"about":[{"href":"https:\/\/lucacastelli.com\/de\/wp-json\/wp\/v2\/types\/product"}],"wp:featuredmedia":[{"embeddable":true,"href":"https:\/\/lucacastelli.com\/de\/wp-json\/wp\/v2\/media\/72903"}],"wp:attachment":[{"href":"https:\/\/lucacastelli.com\/de\/wp-json\/wp\/v2\/media?parent=481245"}],"wp:term":[{"taxonomy":"product_brand","embeddable":true,"href":"https:\/\/lucacastelli.com\/de\/wp-json\/wp\/v2\/product_brand?post=481245"},{"taxonomy":"product_cat","embeddable":true,"href":"https:\/\/lucacastelli.com\/de\/wp-json\/wp\/v2\/product_cat?post=481245"},{"taxonomy":"product_tag","embeddable":true,"href":"https:\/\/lucacastelli.com\/de\/wp-json\/wp\/v2\/product_tag?post=481245"}],"curies":[{"name":"wp","href":"https:\/\/api.w.org\/{rel}","templated":true}]}}