{"id":481237,"date":"2022-06-30T14:39:33","date_gmt":"2022-06-30T12:39:33","guid":{"rendered":"https:\/\/lucacastelli.com\/?post_type=product&#038;p=481237"},"modified":"2025-12-04T10:47:08","modified_gmt":"2025-12-04T09:47:08","slug":"petzl-paw","status":"publish","type":"product","link":"https:\/\/lucacastelli.com\/de\/produkt\/petzl-paw\/","title":{"rendered":"PETZL PAW"},"content":{"rendered":"<p>Anker-Multiplikator<\/p>\n<p>Der PAW-Ankermultiplikator ist in drei Gr\u00f6\u00dfen erh\u00e4ltlich und erm\u00f6glicht es Ihnen, einen Arbeitsplatz zu organisieren und ein System aus mehreren Ankern zu erstellen. Das Lochdesign ist mit dem Durchgang von Seilen oder Gurtb\u00e4ndern f\u00fcr eine direkte Verbindung kompatibel. Hergestellt aus geschmiedetem Aluminium, garantiert es ein hervorragendes Verh\u00e4ltnis von Festigkeit und Leichtigkeit.  <\/p>\n<p>Beschreibung<\/p>\n<p>Detaillierte Beschreibung<br \/>\nEs erm\u00f6glicht Ihnen, einen Arbeitsplatz zu organisieren und ein System mit mehreren Ankern sehr einfach zu erstellen:<br \/>\n&#8211; 19 mm L\u00f6cher, durch die die Zwinge der meisten Karabiner hindurchgelassen werden kann, um sie umkippen zu k\u00f6nnen,<br \/>\n&#8211; L\u00f6cher, die mit dem Durchgang von Seilen oder Schlingen f\u00fcr eine direkte Verbindung kompatibel sind,<br \/>\n&#8211; Hauptverbindungsloch, das bis zu drei Karabiner aufnehmen kann,<br \/>\n&#8211; Reihe von Verbindungsl\u00f6chern mit ungerader Anzahl, um das System zu zentrieren und auszubalancieren,<br \/>\n&#8211; Gleichzeitige Nutzung durch bis zu drei Benutzer.<br \/>\nFestigkeit:<br \/>\n&#8211; Hergestellt aus geschmiedetem Aluminium f\u00fcr ein hervorragendes Verh\u00e4ltnis von Festigkeit und Leichtigkeit,<br \/>\n&#8211; Dauerhaftigkeit der Markierungen dank der hohlen Form in der Mitte des Multiplikators.<br \/>\nErh\u00e4ltlich in drei Gr\u00f6\u00dfen und in Schwarz.<br \/>\nZwei zus\u00e4tzliche gro\u00dfe Verbindungsl\u00f6cher (nur in Gr\u00f6\u00dfe L), kompatibel mit den Ankerb\u00e4ndern CONNEXION FIXE und CONNEXION VARIO.<\/p>\n<p>Spezifikationen<br \/>\nMaterial: Aluminium<br \/>\nZertifizierung(en): CE, NFPA 1983 Allgemeine Verwendung<\/p>\n","protected":false},"excerpt":{"rendered":"<p>Anker-Multiplikator Der PAW-Ankermultiplikator ist in drei Gr\u00f6\u00dfen erh\u00e4ltlich und erm\u00f6glicht es Ihnen, einen Arbeitsplatz zu organisieren und ein System aus<\/p>\n","protected":false},"featured_media":72928,"template":"","meta":{"_seopress_robots_primary_cat":"","_seopress_titles_title":"","_seopress_titles_desc":"","_seopress_robots_index":""},"product_brand":[3666],"product_cat":[1396,1403,1410,150,1409],"product_tag":[],"class_list":{"0":"post-481237","1":"product","2":"type-product","3":"status-publish","4":"has-post-thumbnail","6":"product_brand-petzl-de","7":"product_cat-arbeitsausrustung","8":"product_cat-auffanggurte-und-sicherheitsausrustung","9":"product_cat-auffanggurte-und-sicherheitsausrustung-de","10":"product_cat-ausrustung","11":"product_cat-freizeitausrustung","12":"sws-gruppo-abb-libero-fr","13":"sws-conto-ricavi-merci-rivendita-abbigliamento","14":"sws-gruppo-iva-iva81","16":"first","17":"onbackorder","18":"shipping-taxable","19":"purchasable","20":"product-type-variable"},"_links":{"self":[{"href":"https:\/\/lucacastelli.com\/de\/wp-json\/wp\/v2\/product\/481237","targetHints":{"allow":["GET"]}}],"collection":[{"href":"https:\/\/lucacastelli.com\/de\/wp-json\/wp\/v2\/product"}],"about":[{"href":"https:\/\/lucacastelli.com\/de\/wp-json\/wp\/v2\/types\/product"}],"wp:featuredmedia":[{"embeddable":true,"href":"https:\/\/lucacastelli.com\/de\/wp-json\/wp\/v2\/media\/72928"}],"wp:attachment":[{"href":"https:\/\/lucacastelli.com\/de\/wp-json\/wp\/v2\/media?parent=481237"}],"wp:term":[{"taxonomy":"product_brand","embeddable":true,"href":"https:\/\/lucacastelli.com\/de\/wp-json\/wp\/v2\/product_brand?post=481237"},{"taxonomy":"product_cat","embeddable":true,"href":"https:\/\/lucacastelli.com\/de\/wp-json\/wp\/v2\/product_cat?post=481237"},{"taxonomy":"product_tag","embeddable":true,"href":"https:\/\/lucacastelli.com\/de\/wp-json\/wp\/v2\/product_tag?post=481237"}],"curies":[{"name":"wp","href":"https:\/\/api.w.org\/{rel}","templated":true}]}}