{"id":481226,"date":"2022-06-15T00:32:16","date_gmt":"2022-06-14T22:32:16","guid":{"rendered":"https:\/\/lucacastelli.com\/?post_type=product&#038;p=481226"},"modified":"2025-07-27T08:37:36","modified_gmt":"2025-07-27T06:37:36","slug":"petzl-newton","status":"publish","type":"product","link":"https:\/\/lucacastelli.com\/de\/produkt\/petzl-newton\/","title":{"rendered":"PETZL NEWTON"},"content":{"rendered":"<p>Auffanggurt f\u00fcr Absturz<\/p>\n<p>NEWTON ist ein ergonomischer und leichter Auffanggurt. Das Gurtband ist einfach zu bedienen und farbcodiert, um das Anlegen des Gurtzeugs zu erleichtern. Der Zugriff auf die Werkzeuge ist dank der TOOLBAG Ger\u00e4teschlaufen und Kofferschlaufen sofort m\u00f6glich. Der sternale Befestigungspunkt aus Stoff und der dorsale Befestigungspunkt aus Metall garantieren eine gro\u00dfe Vielseitigkeit. Es ist nach europ\u00e4ischen und russischen Normen zertifiziert.    <\/p>\n<p>Beschreibung<br \/>\nErgonomische und leichte Konstruktion:<br \/>\n&#8211; anatomisches Design, um mit optimaler Bewegungsfreiheit am K\u00f6rper zu haften,<br \/>\n&#8211; sternaler Befestigungspunkt aus Stoff, leicht und abriebfest,<br \/>\n&#8211; dorsaler Befestigungspunkt aus eloxiertem Aluminium f\u00fcr gro\u00dfe Widerstandsf\u00e4higkeit,<br \/>\n&#8211; M\u00f6glichkeit, einen LIFT-Abstandshalter zum Abseilen in aufrechter Position anzubringen.<br \/>\nEinfachheit und Benutzerfreundlichkeit:<br \/>\n&#8211; farbcodierte Riemen (gelb\/schwarz) zur schnellen Identifizierung des oberen und unteren Teils des Gurtzeugs vor dem Anlegen<br \/>\n,- FAST LT PLUS sternale automatische Schnalle zum einfachen und schnellen \u00d6ffnen und Schlie\u00dfen des Gurtzeugs, ohne Verlust der Einstellung, auch mit Handschuhen. Das Entriegelungssystem reduziert das Risiko eines unbeabsichtigten \u00d6ffnens,<br \/>\n&#8211; Schultergurte und Beinschlaufen sind mit selbstverriegelnden DOUBLEBACK-Schnallen f\u00fcr eine schnelle und einfache Einstellung ausgestattet,<br \/>\n&#8211; zwei Ger\u00e4teschlaufen und zwei Schlaufen f\u00fcr die TOOLBAG-Werkzeugtasche erleichtern den Zugriff auf Werkzeuge. <\/p>\n<p>Spezifikationen<br \/>\nSternaler Befestigungspunkt:<br \/>\nAnschluss des Auffangsystems R\u00fcckenfester Befestigungspunkt<br \/>\naus Metall: Anschluss des Auffangsystems Zertifizierung(en): CE EN 361, EAC, UKCA<br \/>\nMaterialien: Polyamid, Polyester, Aluminium<\/p>\n","protected":false},"excerpt":{"rendered":"<p>Auffanggurt f\u00fcr Absturz NEWTON ist ein ergonomischer und leichter Auffanggurt. Das Gurtband ist einfach zu bedienen und farbcodiert, um das<\/p>\n","protected":false},"featured_media":69115,"template":"","meta":{"_seopress_robots_primary_cat":"","_seopress_titles_title":"","_seopress_titles_desc":"","_seopress_robots_index":""},"product_brand":[3666],"product_cat":[1396,1403,1410,150,1409],"product_tag":[],"class_list":{"0":"post-481226","1":"product","2":"type-product","3":"status-publish","4":"has-post-thumbnail","6":"product_brand-petzl-de","7":"product_cat-arbeitsausrustung","8":"product_cat-auffanggurte-und-sicherheitsausrustung","9":"product_cat-auffanggurte-und-sicherheitsausrustung-de","10":"product_cat-ausrustung","11":"product_cat-freizeitausrustung","13":"first","14":"instock","15":"shipping-taxable","16":"purchasable","17":"product-type-variable"},"_links":{"self":[{"href":"https:\/\/lucacastelli.com\/de\/wp-json\/wp\/v2\/product\/481226","targetHints":{"allow":["GET"]}}],"collection":[{"href":"https:\/\/lucacastelli.com\/de\/wp-json\/wp\/v2\/product"}],"about":[{"href":"https:\/\/lucacastelli.com\/de\/wp-json\/wp\/v2\/types\/product"}],"wp:featuredmedia":[{"embeddable":true,"href":"https:\/\/lucacastelli.com\/de\/wp-json\/wp\/v2\/media\/69115"}],"wp:attachment":[{"href":"https:\/\/lucacastelli.com\/de\/wp-json\/wp\/v2\/media?parent=481226"}],"wp:term":[{"taxonomy":"product_brand","embeddable":true,"href":"https:\/\/lucacastelli.com\/de\/wp-json\/wp\/v2\/product_brand?post=481226"},{"taxonomy":"product_cat","embeddable":true,"href":"https:\/\/lucacastelli.com\/de\/wp-json\/wp\/v2\/product_cat?post=481226"},{"taxonomy":"product_tag","embeddable":true,"href":"https:\/\/lucacastelli.com\/de\/wp-json\/wp\/v2\/product_tag?post=481226"}],"curies":[{"name":"wp","href":"https:\/\/api.w.org\/{rel}","templated":true}]}}