{"id":481199,"date":"2022-06-15T00:33:08","date_gmt":"2022-06-14T22:33:08","guid":{"rendered":"https:\/\/lucacastelli.com\/?post_type=product&#038;p=481199"},"modified":"2025-07-29T14:38:35","modified_gmt":"2025-07-29T12:38:35","slug":"petzl-vertex-vent-hi-viz","status":"publish","type":"product","link":"https:\/\/lucacastelli.com\/de\/produkt\/petzl-vertex-vent-hi-viz\/","title":{"rendered":"PETZL VERTEX VENT HI VIZ"},"content":{"rendered":"<p>Komfortabler und bel\u00fcfteter Warnhelm<\/p>\n<p>Der VERTEX VENT Helm garantiert eine sehr komfortable Nutzung, dank des Stoffgurts mit Sechs-Punkt-Befestigung und der CENTERFIT- und FLIP&amp;FIT-Systeme, die einen hervorragenden Halt des Helms auf dem Kopf gew\u00e4hrleisten. Mit einem austauschbaren Widerstands-Kinnriemen ist er f\u00fcr Arbeiten in der H\u00f6he und am Boden geeignet. Er verf\u00fcgt \u00fcber Bel\u00fcftungsl\u00f6cher mit Schiebet\u00fcren, um den Helm zu bel\u00fcften. Die optimale Integration einer Petzl-Stirnlampe, eines Schutzvisiers, eines L\u00e4rmschutzes und zahlreicher Zubeh\u00f6rteile macht ihn zu einem vollst\u00e4ndig modularen Helm, der den zus\u00e4tzlichen Bed\u00fcrfnissen von Profis gerecht wird. Die Version mit hoher Sichtbarkeit ist mit einer fluoreszierenden Au\u00dfenh\u00fclle mit phosphoreszierenden Clips und reflektierenden B\u00e4ndern ausgestattet, um eine optimale Sichtbarkeit des Arbeiters bei Tag und Nacht zu gew\u00e4hrleisten.    <\/p>\n<p>Beschreibung<br \/>\nSehr komfortable Anwendung:<br \/>\n&#8211; Stoffgurt mit Sechs-Punkt-Befestigung, der sich perfekt an die Kopfform anpasst,<br \/>\n&#8211; CENTERFIT-Einstellung, die den Helm dank der beiden seitlichen Einstellr\u00e4der perfekt auf dem Kopf zentriert h\u00e4lt,<br \/>\n&#8211; FLIP&amp;FIT-System, das eine niedrige Position des Kopfbandes erm\u00f6glicht, um einen hervorragenden Halt des Helms zu gew\u00e4hrleisten. Das System l\u00e4sst sich f\u00fcr eine einfache Lagerung und einen einfachen Transport<br \/>\n in den Helm einziehen &#8211; geliefert mit austauschbarem Standard-Komfortschaum.<br \/>\nSchutz f\u00fcr Arbeiten in der H\u00f6he und auf dem Boden, Tag und Nacht:<br \/>\n &#8211; DUAL-Kinnriemen, der es dem Arbeiter erm\u00f6glicht, den Widerstand des Kinnriemens zu \u00e4ndern, um den Helm an verschiedene Umgebungen anzupassen: Arbeiten in der H\u00f6he (EN 12492) und Arbeiten am Boden (EN 397). Der Clip hat zwei Positionen f\u00fcr zwei Verwendungsmodi: hoher Widerstand, um das Risiko zu verringern, den Helm bei einem Sturz zu verlieren, und niedriger Widerstand, um das Strangulationsrisiko beim Anbringen des Helms zu verringern, wenn der Benutzer auf dem Boden liegt,<br \/>\n &#8211; Sto\u00dfd\u00e4mpfung aufgrund der Verformung der Au\u00dfenschale, &#8211; Bel\u00fcftungsl\u00f6cher mit von au\u00dfen verstellbaren Schiebet\u00fcren,<br \/>\n um den Helm entsprechend den Einsatzbedingungen zu bel\u00fcften,<br \/>\n&#8211; Fluoreszierende Au\u00dfenh\u00fclle mit phosphoreszierenden Clips und reflektierenden Streifen f\u00fcr optimale Sichtbarkeit des Arbeiters, Tag und Nacht.<br \/>\nModularit\u00e4t des Zubeh\u00f6rs:<br \/>\n&#8211; Schutzvisier mit seitlichem EASYCLIP-Befestigungssystem, das die Installation erleichtert<br \/>\n&#8211; Petzl-Stirnlampe mit Befestigungen oder Stirnlampe mit elastischem Stirnband,<br \/>\n&#8211; Helmschutz, mit dem Sie die Schale vor Schmutz und Farbspritzern sch\u00fctzen k\u00f6nnen,<br \/>\n&#8211; Nackenschutz zum Schutz des Halses vor Regen und Sonnenlicht,<br \/>\n&#8211; Ausweishalter zur schnellen Identifizierung des Benutzers,<br \/>\n&#8211; Austauschbarer Kinnriemen und Polsterung,<br \/>\n&#8211; L\u00e4rmschutz,<br \/>\n&#8211; Erh\u00e4ltlich in zwei gut sichtbaren Farben: Gelb und Orange.<br \/>\nSpezifisch<br \/>\nKopfumfang: 53-63 cm<br \/>\nGewicht: 495 g<br \/>\nMaterialien: ABS (Acrylonit-Butadien-Styrol), Polyamid, Polycarbonat, hochfestes Polyester, Polyethylen<br \/>\nZertifizierung(en): CE, EN 397, EN 12492, ANSI Z89.1 Typ I Klasse C, EAC<\/p>\n<table>\n<tbody>\n<tr>\n<th class=\"rowTitle\">Referenzen<\/th>\n<th>\n A010EA00<\/th>\n<th>A010EA01<\/th>\n<\/tr>\n<tr>\n<td class=\"rowTitle\">Farbe(n)<\/td>\n<td>gelb <\/td>\n<td>Orange <\/td>\n<\/tr>\n<tr>\n<td class=\"rowTitle\">Garantie<\/td>\n<td>3 Jahre<\/td>\n<td>3 Jahre<\/td>\n<\/tr>\n<tr>\n<td class=\"rowTitle\">Verpackung<\/td>\n<td> <\/td>\n<p> 1<\/p>\n<td>1 <\/td>\n<\/tr>\n<\/tbody>\n<\/table>\n","protected":false},"excerpt":{"rendered":"<p>Komfortabler und bel\u00fcfteter Warnhelm Der VERTEX VENT Helm garantiert eine sehr komfortable Nutzung, dank des Stoffgurts mit Sechs-Punkt-Befestigung und der<\/p>\n","protected":false},"featured_media":69133,"template":"","meta":{"_seopress_robots_primary_cat":"","_seopress_titles_title":"","_seopress_titles_desc":"","_seopress_robots_index":""},"product_brand":[3446],"product_cat":[33,537,814,211,817,816],"product_tag":[],"class_list":{"0":"post-481199","1":"product","2":"type-product","3":"status-publish","4":"has-post-thumbnail","6":"product_brand-petzl","7":"product_cat-attrezzature","8":"product_cat-attrezzatura-da-lavoro","9":"product_cat-imbraghi-e-materiale-di-sicurezza","10":"product_cat-attrezzatura-per-il-tempo-libero","11":"product_cat-caschi-attrezzatura-per-il-tempo-libero","12":"product_cat-visiere-e-occhiali-protettivi","13":"sws-gruppo-abb-libero-de","14":"sws-conto-ricavi-merci-rivendita-abbigliamento-de","15":"sws-gruppo-iva-iva81-de","17":"first","18":"instock","19":"shipping-taxable","20":"purchasable","21":"product-type-variable"},"_links":{"self":[{"href":"https:\/\/lucacastelli.com\/de\/wp-json\/wp\/v2\/product\/481199","targetHints":{"allow":["GET"]}}],"collection":[{"href":"https:\/\/lucacastelli.com\/de\/wp-json\/wp\/v2\/product"}],"about":[{"href":"https:\/\/lucacastelli.com\/de\/wp-json\/wp\/v2\/types\/product"}],"wp:featuredmedia":[{"embeddable":true,"href":"https:\/\/lucacastelli.com\/de\/wp-json\/wp\/v2\/media\/69133"}],"wp:attachment":[{"href":"https:\/\/lucacastelli.com\/de\/wp-json\/wp\/v2\/media?parent=481199"}],"wp:term":[{"taxonomy":"product_brand","embeddable":true,"href":"https:\/\/lucacastelli.com\/de\/wp-json\/wp\/v2\/product_brand?post=481199"},{"taxonomy":"product_cat","embeddable":true,"href":"https:\/\/lucacastelli.com\/de\/wp-json\/wp\/v2\/product_cat?post=481199"},{"taxonomy":"product_tag","embeddable":true,"href":"https:\/\/lucacastelli.com\/de\/wp-json\/wp\/v2\/product_tag?post=481199"}],"curies":[{"name":"wp","href":"https:\/\/api.w.org\/{rel}","templated":true}]}}