{"id":481189,"date":"2022-06-15T00:31:48","date_gmt":"2022-06-14T22:31:48","guid":{"rendered":"https:\/\/lucacastelli.com\/?post_type=product&#038;p=481189"},"modified":"2025-07-27T08:37:43","modified_gmt":"2025-07-27T06:37:43","slug":"petzl-vertex","status":"publish","type":"product","link":"https:\/\/lucacastelli.com\/de\/produkt\/petzl-vertex\/","title":{"rendered":"PETZL VERTEX"},"content":{"rendered":"<p>Der VERTEX-Helm garantiert eine sehr komfortable Fahrt, dank des Stoffgurts mit Sechs-Punkt-Befestigung und der CENTERFIT- und FLIP&amp;FIT-Systeme, die einen hervorragenden Halt des Helms auf dem Kopf garantieren. Mit einem austauschbaren Widerstands-Kinnriemen ist er f\u00fcr Arbeiten in der H\u00f6he und am Boden geeignet. Die geschlossene Au\u00dfenh\u00fclle sch\u00fctzt vor elektrischen Gefahren, geschmolzenem Metall und Flammen. Die optimale Integration einer Petzl-Stirnlampe, eines Schutzvisiers, eines L\u00e4rmschutzes und zahlreicher Zubeh\u00f6rteile macht ihn zu einem vollst\u00e4ndig modularen Helm, der den zus\u00e4tzlichen Bed\u00fcrfnissen von Profis gerecht wird.   <\/p>\n<p>\u2022 Sehr komfortabel zu bedienen:<br \/>\n&#8211; Stoffgurt mit Sechs-Punkt-Befestigung, der sich perfekt an die Kopfform anpasst,<br \/>\n&#8211; CENTERFIT-Einstellung, die den Helm dank der beiden seitlichen Einstellr\u00e4der<\/p>\n<p> perfekt auf dem Kopf zentriert,- FLIP&amp;FIT-System, das eine niedrige Position des Kopfbandes erm\u00f6glicht, um einen hervorragenden Halt des Helms zu gew\u00e4hrleisten. Das System<br \/>\nl\u00e4sst sich f\u00fcr eine einfache Lagerung und einen einfachen Transport in den Helm einziehen &#8211; wird mit einer austauschbaren Komfortpolsterung geliefert.<\/p>\n<p>\u2022 Schutz f\u00fcr Arbeiten in der H\u00f6he und am Boden:<br \/>\n &#8211; DUAL-Kinnriemen, der es dem Arbeiter erm\u00f6glicht, den Widerstand des Kinnriemens zu \u00e4ndern, um den Helm an verschiedene Umgebungen anzupassen:<br \/>\n Arbeiten in der H\u00f6he (EN 12492) und Arbeiten am Boden (EN 397). Der Clip hat zwei Positionen f\u00fcr zwei Verwendungsmodi: hoher Widerstand<br \/>\n, um das Risiko zu verringern, den Helm bei einem Sturz zu verlieren, und niedriger Widerstand, um das Risiko einer<br \/>\nStrangulation zu verringern, wenn der Helm befestigt wird, w\u00e4hrend sich der Benutzer auf dem Boden befindet,<br \/>\n &#8211; Sto\u00dfd\u00e4mpfung aufgrund der Verformung der Au\u00dfenschale,<br \/>\n &#8211; Schutz vor elektrischen Gefahren,  die Projektion von geschmolzenen Metallen und Flammen dank der geschlossenen Au\u00dfenh\u00fclle.<br \/>\n\u2022 Modularit\u00e4t des Zubeh\u00f6rs:<br \/>\n&#8211; Schutzvisier mit seitlichem EASYCLIP-Befestigungssystem, das die Installation erleichtert<br \/>\n&#8211; Petzl-Stirnlampe mit Befestigungen oder Stirnlampe mit elastischem Stirnband,<br \/>\n&#8211; Helmschutz, mit dem Sie die Schale vor Schmutz und Farbspritzern sch\u00fctzen k\u00f6nnen,<br \/>\n&#8211; Nackenschutz zum Schutz des Halses vor Regen und Sonneneinstrahlung,<br \/>\n&#8211; Ausweishalter zur schnellen Identifizierung des Benutzers,<br \/>\n&#8211; austauschbarer Kinnriemen und Polsterung,<br \/>\n&#8211; L\u00e4rmschutz,<br \/>\n&#8211; Erh\u00e4ltlich in sieben Farben: Wei\u00df, Gelb, Rot, Schwarz, Orange, Blau und Gr\u00fcn<br \/>\n&#8211; Sie sind auch in zwei gut sichtbaren Versionen erh\u00e4ltlich: Gelb und Orange.<\/p>\n<p>Spezifikationen:<br \/>\n\u2022 Kopfgr\u00f6\u00dfe: 53-63cm<br \/>\n\u2022 Gewicht: 490g<br \/>\n\u2022 Materialien: ABS (Acrylonit-Butadien-Styrol), Polyamid, Polycarbonat, hochfestes Polyester, Polyethylen<br \/>\n\u2022 Zertifizierung(en): CE, EN 397, EN 12492 (1), EN 50365, ANSI Z89.1 Typ I Klasse E, EAC, AS\/NZS 1801<br \/>\n\u2022 (1) erf\u00fcllt alle Anforderungen der EN 12492, mit Ausnahme der Bel\u00fcftungsanforderungen.<\/p>\n","protected":false},"excerpt":{"rendered":"<p>Der VERTEX-Helm garantiert eine sehr komfortable Fahrt, dank des Stoffgurts mit Sechs-Punkt-Befestigung und der CENTERFIT- und FLIP&amp;FIT-Systeme, die einen hervorragenden<\/p>\n","protected":false},"featured_media":69078,"template":"","meta":{"_seopress_robots_primary_cat":"","_seopress_titles_title":"","_seopress_titles_desc":"","_seopress_robots_index":""},"product_brand":[3446],"product_cat":[33,537,815,211,817,816],"product_tag":[],"class_list":{"0":"post-481189","1":"product","2":"type-product","3":"status-publish","4":"has-post-thumbnail","6":"product_brand-petzl","7":"product_cat-attrezzature","8":"product_cat-attrezzatura-da-lavoro","9":"product_cat-caschi","10":"product_cat-attrezzatura-per-il-tempo-libero","11":"product_cat-caschi-attrezzatura-per-il-tempo-libero","12":"product_cat-visiere-e-occhiali-protettivi","14":"first","15":"onbackorder","16":"shipping-taxable","17":"purchasable","18":"product-type-variable"},"_links":{"self":[{"href":"https:\/\/lucacastelli.com\/de\/wp-json\/wp\/v2\/product\/481189","targetHints":{"allow":["GET"]}}],"collection":[{"href":"https:\/\/lucacastelli.com\/de\/wp-json\/wp\/v2\/product"}],"about":[{"href":"https:\/\/lucacastelli.com\/de\/wp-json\/wp\/v2\/types\/product"}],"wp:featuredmedia":[{"embeddable":true,"href":"https:\/\/lucacastelli.com\/de\/wp-json\/wp\/v2\/media\/69078"}],"wp:attachment":[{"href":"https:\/\/lucacastelli.com\/de\/wp-json\/wp\/v2\/media?parent=481189"}],"wp:term":[{"taxonomy":"product_brand","embeddable":true,"href":"https:\/\/lucacastelli.com\/de\/wp-json\/wp\/v2\/product_brand?post=481189"},{"taxonomy":"product_cat","embeddable":true,"href":"https:\/\/lucacastelli.com\/de\/wp-json\/wp\/v2\/product_cat?post=481189"},{"taxonomy":"product_tag","embeddable":true,"href":"https:\/\/lucacastelli.com\/de\/wp-json\/wp\/v2\/product_tag?post=481189"}],"curies":[{"name":"wp","href":"https:\/\/api.w.org\/{rel}","templated":true}]}}