{"id":481179,"date":"2022-06-15T00:31:25","date_gmt":"2022-06-14T22:31:25","guid":{"rendered":"https:\/\/lucacastelli.com\/?post_type=product&#038;p=481179"},"modified":"2025-07-27T08:37:40","modified_gmt":"2025-07-27T06:37:40","slug":"petzl-rettung","status":"publish","type":"product","link":"https:\/\/lucacastelli.com\/de\/produkt\/petzl-rettung\/","title":{"rendered":"PETZL RETTUNG"},"content":{"rendered":"<p>Hochfeste Riemenscheibe mit sehr hohem Wirkungsgrad<\/p>\n<p>Die Hochleistungsumlenkrolle RESCUE ist f\u00fcr den intensiven Einsatz durch Rettungsprofis bestimmt.<\/p>\n<p>Beschreibung<br \/>\nBestimmt f\u00fcr Rettungsprofis.<br \/>\nKonzipiert f\u00fcr den Transport schwerer Lasten oder f\u00fcr den intensiven Gebrauch.<br \/>\nRiemenscheibe mit gro\u00dfem Durchmesser, die auf einem abgedichteten Kugellager montiert ist, um eine hervorragende Leistung zu gew\u00e4hrleisten.<br \/>\nEr bietet Platz f\u00fcr bis zu drei Karabiner f\u00fcr ein einfaches Man\u00f6vrieren.<br \/>\nErh\u00e4ltlich in zwei Farben: rot und schwarz.<\/p>\n<p>Spezifikationen<br \/>\nSeilkompatibilit\u00e4t: 7 bis 13 mm<br \/>\nDurchmesser der Umlenkrolle: 38 mm<br \/>\nKugellager: ja<br \/>\nWirkungsgrad: 95 %<br \/>\nMaximale Arbeitslast: 4 kN x 2 = 8 kN<br \/>\nGewicht: 185 g<br \/>\nZertifizierung(en): CE EN 12278, NFPA 1983 Allgemeine Verwendung<\/p>\n","protected":false},"excerpt":{"rendered":"<p>Hochfeste Riemenscheibe mit sehr hohem Wirkungsgrad Die Hochleistungsumlenkrolle RESCUE ist f\u00fcr den intensiven Einsatz durch Rettungsprofis bestimmt. Beschreibung Bestimmt f\u00fcr<\/p>\n","protected":false},"featured_media":69069,"template":"","meta":{"_seopress_robots_primary_cat":"","_seopress_titles_title":"","_seopress_titles_desc":"","_seopress_robots_index":""},"product_brand":[3666],"product_cat":[150,1396,1403],"product_tag":[],"class_list":{"0":"post-481179","1":"product","2":"type-product","3":"status-publish","4":"has-post-thumbnail","6":"product_brand-petzl-de","7":"product_cat-ausrustung","8":"product_cat-arbeitsausrustung","9":"product_cat-auffanggurte-und-sicherheitsausrustung","11":"first","12":"onbackorder","13":"shipping-taxable","14":"purchasable","15":"product-type-variable"},"_links":{"self":[{"href":"https:\/\/lucacastelli.com\/de\/wp-json\/wp\/v2\/product\/481179","targetHints":{"allow":["GET"]}}],"collection":[{"href":"https:\/\/lucacastelli.com\/de\/wp-json\/wp\/v2\/product"}],"about":[{"href":"https:\/\/lucacastelli.com\/de\/wp-json\/wp\/v2\/types\/product"}],"wp:featuredmedia":[{"embeddable":true,"href":"https:\/\/lucacastelli.com\/de\/wp-json\/wp\/v2\/media\/69069"}],"wp:attachment":[{"href":"https:\/\/lucacastelli.com\/de\/wp-json\/wp\/v2\/media?parent=481179"}],"wp:term":[{"taxonomy":"product_brand","embeddable":true,"href":"https:\/\/lucacastelli.com\/de\/wp-json\/wp\/v2\/product_brand?post=481179"},{"taxonomy":"product_cat","embeddable":true,"href":"https:\/\/lucacastelli.com\/de\/wp-json\/wp\/v2\/product_cat?post=481179"},{"taxonomy":"product_tag","embeddable":true,"href":"https:\/\/lucacastelli.com\/de\/wp-json\/wp\/v2\/product_tag?post=481179"}],"curies":[{"name":"wp","href":"https:\/\/api.w.org\/{rel}","templated":true}]}}