{"id":481167,"date":"2022-07-01T19:01:13","date_gmt":"2022-07-01T17:01:13","guid":{"rendered":"https:\/\/lucacastelli.com\/?post_type=product&#038;p=481167"},"modified":"2025-11-18T19:17:44","modified_gmt":"2025-11-18T18:17:44","slug":"petzl-progress-adjust-i","status":"publish","type":"product","link":"https:\/\/lucacastelli.com\/de\/produkt\/petzl-progress-adjust-i\/","title":{"rendered":"PETZL PROGRESS ADJUST-I"},"content":{"rendered":"<p>Verstellbares Einzel-Progressions-Lanyard<\/p>\n<p>PROGRESS ADJUST-I ist ein einzelnes verstellbares Verbindungsmittel, das in Kombination mit einem anderen Verbindungsmittel eine dauerhafte Verbindung bei allen Arten von Progressionen (Aufstieg am Seil, Handlaufbewegung&#8230;) erm\u00f6glicht. Dank der ADJUST-Seilklemme l\u00e4sst sich die L\u00e4nge sehr einfach und schnell anpassen. Die ADJUST-Seilklemme ist umkehrbar und kann auf den Anker oder auf den ventralen Befestigungspunkt des Gurtzeugs gelegt werden. Das Zubeh\u00f6r CAPTIV ADJUST und STUART h\u00e4lt die Verbinder in der richtigen Position und erm\u00f6glicht ein einfaches Einclipsen.   <\/p>\n<p>Beschreibung<\/p>\n<p>Detaillierte<br \/>\nBeschreibung Verstellbares Einzel-Verbindungsmittel, das in Kombination mit einem anderen Verbindungsmittel eine dauerhafte Verbindung bei jeder Art von Progression erm\u00f6glicht:<br \/>\n&#8211; Seilaufstieg: Lanyard zum Verbinden einer Seilklemme ASCENSION-Griff, Progressions-Lanyard PROGRESS ADJUST-I, um die L\u00e4nge des Lanyards bei der \u00dcberwindung von Spagat anzupassen,<br \/>\n&#8211; Bewegung auf Handl\u00e4ufen: Lanyards gleicher L\u00e4nge, um das Fortkommen zu erleichtern.<br \/>\nEinfach zu bedienen:<br \/>\n&#8211; reversible Verwendung m\u00f6glich: die ADJUST-Seilklemme kann auf den Anker oder auf den ventralen Befestigungspunkt des Gurtzeugs gelegt werden,<br \/>\n&#8211; sehr schnelle und pr\u00e4zise L\u00e4ngenverstellung dank der ergonomischen Form der ADJUST-Seilklemme,<br \/>\n&#8211; CAPTIV ADJUST Positionierungsstange, die es erm\u00f6glicht, die ADJUST-Seilklemme in der richtigen Position zu halten und das Verbindungsmittel und die Seilklemme in den Verbinder (1) zu integrieren,<br \/>\n&#8211; m\u00f6gliche Verwendung des VERTIGO-Verbinders mit dem TANGA Zubeh\u00f6r, wenn sich die Seilklemme am Anschlagpunkt<br \/>\n befindet- STUART-Zubeh\u00f6r, das es erm\u00f6glicht, den Konnektor in der richtigen Position zu halten, wenn die Seilklemme auf dem ventralen Befestigungspunkt des Gurts positioniert ist,<br \/>\n &#8211; kompatibel mit dem zu \u00f6ffnenden ventralen Befestigungspunkt der ASTRO-Gurte.<br \/>\nDynamisches Seilverbindungsmittel, um die auf den Benutzer \u00fcbertragene Kraft im Falle eines Sturzes aus geringer H\u00f6he zu begrenzen.<br \/>\nIndividuelle Kennzeichnungskennzeichnung auf dem Kunststoffmantel, um das Ger\u00e4t w\u00e4hrend seiner gesamten Lebensdauer zu \u00fcberpr\u00fcfen.<\/p>\n<p>(1) Kompatibel mit OK-, Am&#8217;D-, Bm&#8217;D- und OXAN-Anschl\u00fcssen.<\/p>\n<p>Spezifikationen<br \/>\nGewicht: 185 g<br \/>\nMaterialien: Aluminium, Polyamid, Polyester, Polyethylen hoher Dichte (HDPE), Elastomer<br \/>\nL\u00e4nge: bis zu 100 cm<br \/>\nZertifizierung(en): CE EN 358, EAC, ANSI Z359.3, CSA Z259.11<\/p>\n<p>3 Jahre Garantie<\/p>\n","protected":false},"excerpt":{"rendered":"<p>Verstellbares Einzel-Progressions-Lanyard PROGRESS ADJUST-I ist ein einzelnes verstellbares Verbindungsmittel, das in Kombination mit einem anderen Verbindungsmittel eine dauerhafte Verbindung bei<\/p>\n","protected":false},"featured_media":73409,"template":"","meta":{"_seopress_robots_primary_cat":"","_seopress_titles_title":"","_seopress_titles_desc":"","_seopress_robots_index":""},"product_brand":[3666],"product_cat":[150,1396,1403,1409,1410],"product_tag":[],"class_list":{"0":"post-481167","1":"product","2":"type-product","3":"status-publish","4":"has-post-thumbnail","6":"product_brand-petzl-de","7":"product_cat-ausrustung","8":"product_cat-arbeitsausrustung","9":"product_cat-auffanggurte-und-sicherheitsausrustung","10":"product_cat-freizeitausrustung","11":"product_cat-auffanggurte-und-sicherheitsausrustung-de","12":"sws-gruppo-abb-libero-de","13":"sws-conto-ricavi-merci-rivendita-abbigliamento-de","14":"sws-gruppo-iva-iva81-de","16":"first","17":"onbackorder","18":"shipping-taxable","19":"purchasable","20":"product-type-simple"},"_links":{"self":[{"href":"https:\/\/lucacastelli.com\/de\/wp-json\/wp\/v2\/product\/481167","targetHints":{"allow":["GET"]}}],"collection":[{"href":"https:\/\/lucacastelli.com\/de\/wp-json\/wp\/v2\/product"}],"about":[{"href":"https:\/\/lucacastelli.com\/de\/wp-json\/wp\/v2\/types\/product"}],"wp:featuredmedia":[{"embeddable":true,"href":"https:\/\/lucacastelli.com\/de\/wp-json\/wp\/v2\/media\/73409"}],"wp:attachment":[{"href":"https:\/\/lucacastelli.com\/de\/wp-json\/wp\/v2\/media?parent=481167"}],"wp:term":[{"taxonomy":"product_brand","embeddable":true,"href":"https:\/\/lucacastelli.com\/de\/wp-json\/wp\/v2\/product_brand?post=481167"},{"taxonomy":"product_cat","embeddable":true,"href":"https:\/\/lucacastelli.com\/de\/wp-json\/wp\/v2\/product_cat?post=481167"},{"taxonomy":"product_tag","embeddable":true,"href":"https:\/\/lucacastelli.com\/de\/wp-json\/wp\/v2\/product_tag?post=481167"}],"curies":[{"name":"wp","href":"https:\/\/api.w.org\/{rel}","templated":true}]}}