{"id":481166,"date":"2022-07-01T19:06:10","date_gmt":"2022-07-01T17:06:10","guid":{"rendered":"https:\/\/lucacastelli.com\/?post_type=product&#038;p=481166"},"modified":"2025-07-29T10:06:41","modified_gmt":"2025-07-29T08:06:41","slug":"petzl-amd-pin-lock","status":"publish","type":"product","link":"https:\/\/lucacastelli.com\/de\/produkt\/petzl-amd-pin-lock\/","title":{"rendered":"PETZL Am&#8217;D PIN-LOCK"},"content":{"rendered":"<p>Asymmetrischer Karabiner aus Aluminium, mit einem Werkzeug entriegelbar<\/p>\n<p>Der asymmetrische Aluminiumkarabiner Am&#8217;D PIN-LOCK ist f\u00fcr den kollektiven Gebrauch bestimmt. Es gew\u00e4hrleistet die Verbindung des Benutzers dank seines PIN-LOCK-Verriegelungssystems, das vom Benutzer nur dank eines speziellen Entriegelungswerkzeugs ge\u00f6ffnet werden kann. Am&#8217;D PIN-LOCK kann mit der CAPTIV-Stange kombiniert werden, um die Belastung des Karabiners auf der L\u00e4ngsachse zu erleichtern, sein Umkippen zu reduzieren und ihn in das Ger\u00e4t zu integrieren.  <\/p>\n<p>Beschreibung<\/p>\n<p>Detaillierte Beschreibung<br \/>\nKarabiner f\u00fcr den kollektiven Gebrauch:<br \/>\n&#8211; zum Schlie\u00dfen eines Gurtes (in Kombination mit der CAPTIV-Stange),<br \/>\n&#8211; zum Verbinden eines durchgehenden Seilwagens.<br \/>\nEs gew\u00e4hrleistet die Verbindung des Benutzers:<br \/>\n&#8211; Es kann mit der CAPTIV-Stange kombiniert werden, um die Belastung des Karabiners auf der L\u00e4ngsachse zu erleichtern, das Risiko eines Umkippens zu verringern und ihn in das Ger\u00e4t zu integrieren,<br \/>\n&#8211; PIN-LOCK-Verriegelungssystem, das nur mit einem speziellen Werkzeug entriegelt werden kann, um das Risiko zu verringern, dass der Karabiner vom Benutzer ge\u00f6ffnet wird.<br \/>\nVom Benutzer einfach zu bedienen:<br \/>\n&#8211; Keylock-System, um ein unbeabsichtigtes Einhaken des Karabiners zu verhindern,<br \/>\n&#8211; zwei Entriegelungswerkzeuge: f\u00fcr h\u00e4ufige Man\u00f6ver ein Entriegelungsstift, der direkt am Handschuh angebracht werden kann; f\u00fcr den sofortigen und gelegentlichen Gebrauch ein Entriegelungsring, der an einem Karabiner am Gurt verstaut werden kann.<br \/>\n&#8211; H-f\u00f6rmiges Profil, um die Markierungen vor Abrieb zu sch\u00fctzen und das beste Verh\u00e4ltnis von Festigkeit und Leichtigkeit zu gew\u00e4hrleisten.<br \/>\nErh\u00e4ltlich in einem Karton mit 10 St\u00fcck mit den beiden Entriegelungswerkzeugen oder in einer Einzelpackung mit nur dem Entriegelungsring.<\/p>\n<p>Spezifikationen<br \/>\nMaterialien: Aluminium<br \/>\nZertifizierung(en): CE EN 362, CE EN 12275, EAC<\/p>\n<p>PIN-LOCK<br \/>\nVerriegelungssystem Gewicht 80 g<br \/>\nFarbe grau<br \/>\nHauptachsenwiderstand 27 kN<br \/>\nNebenachsenwiderstand 8 kN<br \/>\n\u00d6ffnungshebelwiderstand 7 kN<br \/>\n\u00d6ffnung 25 mm<br \/>\nGarantie 3 Jahre<\/p>\n","protected":false},"excerpt":{"rendered":"<p>Asymmetrischer Karabiner aus Aluminium, mit einem Werkzeug entriegelbar Der asymmetrische Aluminiumkarabiner Am&#8217;D PIN-LOCK ist f\u00fcr den kollektiven Gebrauch bestimmt. Es<\/p>\n","protected":false},"featured_media":73453,"template":"","meta":{"_seopress_robots_primary_cat":"","_seopress_titles_title":"","_seopress_titles_desc":"","_seopress_robots_index":""},"product_brand":[3666],"product_cat":[150,1396,1403,1409,1410],"product_tag":[],"class_list":{"0":"post-481166","1":"product","2":"type-product","3":"status-publish","4":"has-post-thumbnail","6":"product_brand-petzl-de","7":"product_cat-ausrustung","8":"product_cat-arbeitsausrustung","9":"product_cat-auffanggurte-und-sicherheitsausrustung","10":"product_cat-freizeitausrustung","11":"product_cat-auffanggurte-und-sicherheitsausrustung-de","12":"sws-gruppo-abb-libero-de","13":"sws-conto-ricavi-merci-rivendita-abbigliamento-de","14":"sws-gruppo-iva-iva81-de","16":"first","17":"onbackorder","18":"shipping-taxable","19":"purchasable","20":"product-type-simple"},"_links":{"self":[{"href":"https:\/\/lucacastelli.com\/de\/wp-json\/wp\/v2\/product\/481166","targetHints":{"allow":["GET"]}}],"collection":[{"href":"https:\/\/lucacastelli.com\/de\/wp-json\/wp\/v2\/product"}],"about":[{"href":"https:\/\/lucacastelli.com\/de\/wp-json\/wp\/v2\/types\/product"}],"wp:featuredmedia":[{"embeddable":true,"href":"https:\/\/lucacastelli.com\/de\/wp-json\/wp\/v2\/media\/73453"}],"wp:attachment":[{"href":"https:\/\/lucacastelli.com\/de\/wp-json\/wp\/v2\/media?parent=481166"}],"wp:term":[{"taxonomy":"product_brand","embeddable":true,"href":"https:\/\/lucacastelli.com\/de\/wp-json\/wp\/v2\/product_brand?post=481166"},{"taxonomy":"product_cat","embeddable":true,"href":"https:\/\/lucacastelli.com\/de\/wp-json\/wp\/v2\/product_cat?post=481166"},{"taxonomy":"product_tag","embeddable":true,"href":"https:\/\/lucacastelli.com\/de\/wp-json\/wp\/v2\/product_tag?post=481166"}],"curies":[{"name":"wp","href":"https:\/\/api.w.org\/{rel}","templated":true}]}}