{"id":481147,"date":"2022-07-01T18:35:21","date_gmt":"2022-07-01T16:35:21","guid":{"rendered":"https:\/\/lucacastelli.com\/?post_type=product&#038;p=481147"},"modified":"2025-07-29T11:48:23","modified_gmt":"2025-07-29T09:48:23","slug":"petzl-falcon","status":"publish","type":"product","link":"https:\/\/lucacastelli.com\/de\/produkt\/petzl-falcon\/","title":{"rendered":"PETZL FALCON"},"content":{"rendered":"<p>Leichter Sitzgurt f\u00fcr Rettungseins\u00e4tze<\/p>\n<p>FALCON ist ein leichter Sitzgurt mit einem ventralen Befestigungspunkt aus Metall, um die Last zwischen dem Gurt und den Beinschlaufen bei Rettungseins\u00e4tzen zu verteilen. Er ist mit einem bequemen halbstarren H\u00fcftgurt und Beinschlaufen ausgestattet, die mit selbstverriegelnden DOUBLEBACK-Schnallen f\u00fcr eine schnelle und einfache Einstellung ausgestattet sind. Mit der hinteren Schnalle k\u00f6nnen Sie einen TOP- oder TOP CROLL-Brustgurt installieren.  <\/p>\n<p>Beschreibung<\/p>\n<p>Detailbeschreibung Bauchfester Befestigungspunkt aus Metall zur Verteilung der Last zwischen dem Gurt und den Beinschlaufen in der Aufh\u00e4ngung<br \/>\n.<br \/>\nUltraleichte und komfortable Konstruktion:<br \/>\n&#8211; halbstarrer und d\u00fcnner H\u00fcftgurt und Beinschlaufen, um ein optimales Verh\u00e4ltnis von Komfort und Leichtigkeit zu gew\u00e4hrleisten,<br \/>\n&#8211; seitliche Befestigungspunkte aus Stoff, geeignet f\u00fcr den gelegentlichen Gebrauch, mit reduziertem Volumen und Gewicht.<br \/>\nErgonomie:<br \/>\n&#8211; G\u00fcrtel- und Beinschlaufen ausgestattet mit selbstverriegelnden DOUBLEBACK-Schnallen f\u00fcr eine schnelle und einfache Anpassung,<br \/>\n&#8211; verstellbare Beinschlaufenpolsterung f\u00fcr perfekte Positionierung,<br \/>\n&#8211; hintere Schnalle zur Installation eines TOP- oder TOP CROLL-Brustgurts,<br \/>\n&#8211; vier Ausr\u00fcstungsschlaufen: zwei gro\u00dfe starre vordere Gurte f\u00fcr einen einfachen Zugang zum Material und zwei kleine flexible hintere Gurte, um den Transport eines Rucksacks nicht zu behindern,<br \/>\n&#8211; zwei Schlaufen f\u00fcr CARITOOL-Ger\u00e4teschlaufen.<\/p>\n<p>Spezifikationen<br \/>\nMaterialien: Polyamid, Polyester, Aluminium, Stahl<br \/>\nVentraler Befestigungspunkt: ja<br \/>\nSeitliche<br \/>\nBefestigungspunkte: ja Befestigungspunkt an der R\u00fcckseite des Gurtes: ja<br \/>\nZertifizierung(en): CE EN 358, CE EN 813, EAC<\/p>\n<table>\n<tbody>\n<tr>\n<th class=\"rowTitle\">Referenzen<\/th>\n<th>C038DA00<\/th>\n<th>C038DA01<\/th>\n<th>C038DA02<\/th>\n<th>C038DA03<\/th>\n<th>C038DA04<\/th>\n<\/tr>\n<tr>\n<td class=\"rowTitle\">Farbe(n)<\/td>\n<td>Schwarz\/Gelb  <\/td>\n<td>Schwarz\/Gelb  <\/td>\n<td>schwarz  <\/td>\n<td>schwarz  <\/td>\n<td>schwarz  <\/td>\n<\/tr>\n<tr>\n<td class=\"rowTitle\">Gr\u00f6\u00dfe<\/td>\n<td>1  <\/td>\n<td>2  <\/td>\n<td>0  <\/td>\n<td>1  <\/td>\n<td>2  <\/td>\n<\/tr>\n<tr>\n<td class=\"rowTitle\">Taille<\/td>\n<td>70-93 cm<\/td>\n<td>83-120 cm<\/td>\n<td>65-80 cm<\/td>\n<td>70-93 cm<\/td>\n<td>83-120 cm<\/td>\n<\/tr>\n<tr>\n<td class=\"rowTitle\">Oberschenkelg\u00fcrtel<\/td>\n<td>47-62 cm<\/td>\n<td>50-65 cm<\/td>\n<td>44-59 cm<\/td>\n<td>47-62 cm<\/td>\n<td>50-65 cm<\/td>\n<\/tr>\n<tr>\n<td class=\"rowTitle\">Gewicht<\/td>\n<td>ca. 915 Gramm<\/td>\n<td>ca. 945 Gramm<\/td>\n<td>ca. 900 g<\/td>\n<td>ca. 915 Gramm<\/td>\n<td>ca. 945 Gramm<\/td>\n<\/tr>\n<tr>\n<td class=\"rowTitle\">Garantie<\/td>\n<td>3 Jahre<\/td>\n<td>3 Jahre<\/td>\n<td>3 Jahre<\/td>\n<td>3 Jahre<\/td>\n<td>3 Jahre<\/td>\n<\/tr>\n<tr>\n<td class=\"rowTitle\">Verpackung<\/td>\n<td> <\/td>\n<p> 1<\/p>\n<td> <\/td>\n<p> 1<\/p>\n<td> <\/td>\n<p> 1<\/p>\n<td>1 <\/td>\n<\/tr>\n<\/tbody>\n<\/table>\n","protected":false},"excerpt":{"rendered":"<p>Leichter Sitzgurt f\u00fcr Rettungseins\u00e4tze FALCON ist ein leichter Sitzgurt mit einem ventralen Befestigungspunkt aus Metall, um die Last zwischen dem<\/p>\n","protected":false},"featured_media":73346,"template":"","meta":{"_seopress_robots_primary_cat":"","_seopress_titles_title":"","_seopress_titles_desc":"","_seopress_robots_index":""},"product_brand":[3446],"product_cat":[33,537,814,211,818],"product_tag":[],"class_list":{"0":"post-481147","1":"product","2":"type-product","3":"status-publish","4":"has-post-thumbnail","6":"product_brand-petzl","7":"product_cat-attrezzature","8":"product_cat-attrezzatura-da-lavoro","9":"product_cat-imbraghi-e-materiale-di-sicurezza","10":"product_cat-attrezzatura-per-il-tempo-libero","11":"product_cat-imbraghi-e-materiale-di-sicurezza-attrezzatura-per-il-tempo-libero","12":"sws-gruppo-abb-libero-fr","13":"sws-conto-ricavi-merci-rivendita-abbigliamento","14":"sws-gruppo-iva-iva81","16":"first","17":"onbackorder","18":"shipping-taxable","19":"purchasable","20":"product-type-variable"},"_links":{"self":[{"href":"https:\/\/lucacastelli.com\/de\/wp-json\/wp\/v2\/product\/481147","targetHints":{"allow":["GET"]}}],"collection":[{"href":"https:\/\/lucacastelli.com\/de\/wp-json\/wp\/v2\/product"}],"about":[{"href":"https:\/\/lucacastelli.com\/de\/wp-json\/wp\/v2\/types\/product"}],"wp:featuredmedia":[{"embeddable":true,"href":"https:\/\/lucacastelli.com\/de\/wp-json\/wp\/v2\/media\/73346"}],"wp:attachment":[{"href":"https:\/\/lucacastelli.com\/de\/wp-json\/wp\/v2\/media?parent=481147"}],"wp:term":[{"taxonomy":"product_brand","embeddable":true,"href":"https:\/\/lucacastelli.com\/de\/wp-json\/wp\/v2\/product_brand?post=481147"},{"taxonomy":"product_cat","embeddable":true,"href":"https:\/\/lucacastelli.com\/de\/wp-json\/wp\/v2\/product_cat?post=481147"},{"taxonomy":"product_tag","embeddable":true,"href":"https:\/\/lucacastelli.com\/de\/wp-json\/wp\/v2\/product_tag?post=481147"}],"curies":[{"name":"wp","href":"https:\/\/api.w.org\/{rel}","templated":true}]}}