{"id":481116,"date":"2022-07-01T12:33:45","date_gmt":"2022-07-01T10:33:45","guid":{"rendered":"https:\/\/lucacastelli.com\/?post_type=product&#038;p=481116"},"modified":"2025-07-29T11:48:20","modified_gmt":"2025-07-29T09:48:20","slug":"petzl-amd","status":"publish","type":"product","link":"https:\/\/lucacastelli.com\/de\/produkt\/petzl-amd\/","title":{"rendered":"PETZL Am&#8217;D"},"content":{"rendered":"<p>Leichter asymmetrischer Karabiner<\/p>\n<p>Der leichte und asymmetrische Am&#8217;D-Karabiner ist aus Aluminium gefertigt. Es hat eine D-Form, die sich besonders f\u00fcr den Anschluss verschiedener Ger\u00e4te wie Abseilger\u00e4te oder Positionierungs-Verbindungsmittel eignet. Das glatte Innendesign und das Keylock-System erleichtern das Man\u00f6vrieren. Der Am&#8217;D-Karabiner ist in drei Verschlusssystemen erh\u00e4ltlich: dem automatischen TRIACT-LOCK- und BALL-LOCK-System und dem manuellen SCREW-LOCK-System. Am&#8217;D kann mit der CAPTIV-Stange kombiniert werden, um die Belastung des Karabiners auf der L\u00e4ngsachse zu verringern, die Kippgefahr zu verringern und ihn in die Vorrichtung zu integrieren.    <\/p>\n<p>Beschreibung<\/p>\n<p>Detaillierte Beschreibung<br \/>\nD-Form besonders geeignet f\u00fcr den Anschluss von Ger\u00e4ten wie Abseilger\u00e4ten oder Positionierungs-Verbindungsmitteln.<br \/>\nAluminiumkarabiner, dessen Leichtigkeit das Gewicht der vom Arbeiter in der H\u00f6he getragenen Ausr\u00fcstung reduziert.<br \/>\nEr kann mit der CAPTIV-Stange kombiniert werden, um die Belastung des Karabiners auf der L\u00e4ngsachse zu erleichtern, die Kippgefahr zu verringern und ihn in das Ger\u00e4t zu integrieren.<br \/>\nErleichtert Man\u00f6ver:- flie\u00dfendes Innendesign,<br \/>\n um das Risiko stabiler N\u00e4hte zu verringern und die Drehung des Karabiners zu erleichtern,- Keylock-System,<br \/>\n um ein unbeabsichtigtes Einhaken des Karabiners zu verhindern.<br \/>\nH-Profil:<br \/>\n&#8211; garantiert das beste Verh\u00e4ltnis von Festigkeit zu Leichtigkeit,<br \/>\n&#8211; sch\u00fctzt die Markierungen vor Abrieb.<br \/>\nErh\u00e4ltlich in drei Versionen des Verriegelungssystems:<br \/>\n&#8211; TRIACT-LOCK: automatisches System mit dreifacher \u00d6ffnung,<br \/>\n&#8211; BALL-LOCK: automatisches System mit dreifacher \u00d6ffnung und Verriegelungsanzeige,<br \/>\n&#8211; SCREW-LOCK: manuelles Schraubsystem mit roter optischer Anzeige, wenn der Karabiner nicht verriegelt ist.<br \/>\nAuch in Schwarz (Versionen TRIACT-LOCK und SCREW-LOCK) und in Gold (Versionen TRIACT-LOCK und BALL-LOCK) erh\u00e4ltlich.<\/p>\n<p>Spezifikationen<br \/>\nMaterialien: Aluminium<br \/>\nZertifizierung(en): CE EN 362, EAC, NFPA 1983 Technische Verwendung<\/p>\n","protected":false},"excerpt":{"rendered":"<p>Leichter asymmetrischer Karabiner Der leichte und asymmetrische Am&#8217;D-Karabiner ist aus Aluminium gefertigt. Es hat eine D-Form, die sich besonders f\u00fcr<\/p>\n","protected":false},"featured_media":73269,"template":"","meta":{"_seopress_robots_primary_cat":"","_seopress_titles_title":"","_seopress_titles_desc":"","_seopress_robots_index":""},"product_brand":[3666],"product_cat":[150,1396,1403,1409,1410],"product_tag":[],"class_list":{"0":"post-481116","1":"product","2":"type-product","3":"status-publish","4":"has-post-thumbnail","6":"product_brand-petzl-de","7":"product_cat-ausrustung","8":"product_cat-arbeitsausrustung","9":"product_cat-auffanggurte-und-sicherheitsausrustung","10":"product_cat-freizeitausrustung","11":"product_cat-auffanggurte-und-sicherheitsausrustung-de","12":"sws-gruppo-abb-libero-de","13":"sws-conto-ricavi-merci-rivendita-abbigliamento-de","14":"sws-gruppo-iva-iva81-de","16":"first","17":"instock","18":"shipping-taxable","19":"purchasable","20":"product-type-variable"},"_links":{"self":[{"href":"https:\/\/lucacastelli.com\/de\/wp-json\/wp\/v2\/product\/481116","targetHints":{"allow":["GET"]}}],"collection":[{"href":"https:\/\/lucacastelli.com\/de\/wp-json\/wp\/v2\/product"}],"about":[{"href":"https:\/\/lucacastelli.com\/de\/wp-json\/wp\/v2\/types\/product"}],"wp:featuredmedia":[{"embeddable":true,"href":"https:\/\/lucacastelli.com\/de\/wp-json\/wp\/v2\/media\/73269"}],"wp:attachment":[{"href":"https:\/\/lucacastelli.com\/de\/wp-json\/wp\/v2\/media?parent=481116"}],"wp:term":[{"taxonomy":"product_brand","embeddable":true,"href":"https:\/\/lucacastelli.com\/de\/wp-json\/wp\/v2\/product_brand?post=481116"},{"taxonomy":"product_cat","embeddable":true,"href":"https:\/\/lucacastelli.com\/de\/wp-json\/wp\/v2\/product_cat?post=481116"},{"taxonomy":"product_tag","embeddable":true,"href":"https:\/\/lucacastelli.com\/de\/wp-json\/wp\/v2\/product_tag?post=481116"}],"curies":[{"name":"wp","href":"https:\/\/api.w.org\/{rel}","templated":true}]}}