{"id":481096,"date":"2022-07-01T11:03:19","date_gmt":"2022-07-01T09:03:19","guid":{"rendered":"https:\/\/lucacastelli.com\/?post_type=product&#038;p=481096"},"modified":"2025-07-29T14:28:09","modified_gmt":"2025-07-29T12:28:09","slug":"petzl-rumba","status":"publish","type":"product","link":"https:\/\/lucacastelli.com\/de\/produkt\/petzl-rumba\/","title":{"rendered":"PETZL RUMBA"},"content":{"rendered":"<p>Halbseil mit 8 mm Durchmesser und Duratec Dry-Behandlung f\u00fcr Mehrseill\u00e4ngenrouten und Bergsteigen<\/p>\n<p>Das RUMBA 8 mm Halbseil bietet gro\u00dfe Vielseitigkeit, auf langen Routen am Fels, Bergsteigen oder auf Eis. Ausgestattet mit einer verst\u00e4rkten Socke f\u00fcr hohe Widerstandsf\u00e4higkeit profitiert es auch von der hydrophoben Duratec Dry-Behandlung, die seine Leistung unter allen Bedingungen erh\u00f6ht. Dank seiner hervorragenden Griffigkeit und seines hervorragenden Handlings wird das Man\u00f6vrieren erleichtert.  <\/p>\n<p>Beschreibung<\/p>\n<p>Detaillierte Beschreibung<\/p>\n<p>Mehrzweckseil f\u00fcr Mehrseill\u00e4ngenrouten und Bergsteigen:<br \/>\n&#8211; Duratec Dry-Behandlung f\u00fcr den Einsatz auf Fels, Mixed, Schnee oder Eis: hydrophobe Behandlung, die es dem Seil erm\u00f6glicht, widerstandsf\u00e4higer gegen Wasser, Schmutz und Abrieb zu sein. Handling, Grip und Eigenschaften bleiben bei K\u00e4lte und N\u00e4sse l\u00e4nger erhalten, &#8211; Einsatz durch Clippen von einem oder zwei Enden m\u00f6glich,<br \/>\n je nach Gel\u00e4nde oder Traktionsmanagement.<br \/>\nEinfacher Griff und Widerstand:<br \/>\n&#8211; hervorragendes Verh\u00e4ltnis von Durchmesser\/Leichtigkeit\/Kompaktheit,<br \/>\n&#8211; Griff von 40 Spindeln f\u00fcr bessere Kontrolle,<br \/>\n&#8211; Verst\u00e4rkte Widerstandsf\u00e4higkeit dank der Duratec Dry-Behandlung,<br \/>\n&#8211; UltraSonic Finish: Der Kern und der Mantel sind an ihren Enden dank einer Ultraschallbeschichtung namens UltraSonic Finish verbunden. Es erm\u00f6glicht eine l\u00e4ngere Lebensdauer und verhindert, dass das Ende des Seils bricht.<br \/>\nBedienkomfort:<br \/>\n&#8211; Middle Mark: Unterscheidung des halben Seils zur Erleichterung der<br \/>\n Man\u00f6ver,- EverFlex-Behandlung: spezifische W\u00e4rmebehandlung, die die Litzen stabilisiert und das Seil homogener macht. Es garantiert einen hervorragenden Grip und eine konstante Handhabung im Laufe der Zeit,<br \/>\n&#8211; ClimbReady-Rollreffanlage: spezielle Rollreffanlage, um das Seil einsatzbereit zu machen. Es verhindert falsche Abrollman\u00f6ver durch den Benutzer und erh\u00f6ht die Langlebigkeit.    <\/p>\n<p>Spezifikationen<br \/>\nZertifizierung(en): CE EN 892, UIAA<br \/>\nDurchmesser: 8 mm<br \/>\nSeiltyp: halb, doppelt<br \/>\nGewicht pro Meter: 44 g<br \/>\nProzentsatz des Mantels: 41 %<br \/>\n Anzahl der St\u00fcrze Faktor 1,77: 7 (halb), 22 (zwilling)<br \/>\nStatische Dehnung: 11 % (halb), 6 % (zwilling)<br \/>\nDynamische Dehnung: 34 % (halb), 34 % (zwilling)<br \/>\nSchlagkraft: 5,9 kN (halb), 9,6 kN (zwilling)<br \/>\nKonstruktion: 40 Spindeln<br \/>\nMaterialien:  Polyamid<\/p>\n","protected":false},"excerpt":{"rendered":"<p>Halbseil mit 8 mm Durchmesser und Duratec Dry-Behandlung f\u00fcr Mehrseill\u00e4ngenrouten und Bergsteigen Das RUMBA 8 mm Halbseil bietet gro\u00dfe Vielseitigkeit,<\/p>\n","protected":false},"featured_media":73101,"template":"","meta":{"_seopress_robots_primary_cat":"","_seopress_titles_title":"","_seopress_titles_desc":"","_seopress_robots_index":""},"product_brand":[3666],"product_cat":[150,1396,1403],"product_tag":[],"class_list":{"0":"post-481096","1":"product","2":"type-product","3":"status-publish","4":"has-post-thumbnail","6":"product_brand-petzl-de","7":"product_cat-ausrustung","8":"product_cat-arbeitsausrustung","9":"product_cat-auffanggurte-und-sicherheitsausrustung","10":"sws-gruppo-abb-libero-de","11":"sws-conto-ricavi-merci-rivendita-abbigliamento-de","12":"sws-gruppo-iva-iva81-de","14":"first","15":"onbackorder","16":"shipping-taxable","17":"purchasable","18":"product-type-variable"},"_links":{"self":[{"href":"https:\/\/lucacastelli.com\/de\/wp-json\/wp\/v2\/product\/481096","targetHints":{"allow":["GET"]}}],"collection":[{"href":"https:\/\/lucacastelli.com\/de\/wp-json\/wp\/v2\/product"}],"about":[{"href":"https:\/\/lucacastelli.com\/de\/wp-json\/wp\/v2\/types\/product"}],"wp:featuredmedia":[{"embeddable":true,"href":"https:\/\/lucacastelli.com\/de\/wp-json\/wp\/v2\/media\/73101"}],"wp:attachment":[{"href":"https:\/\/lucacastelli.com\/de\/wp-json\/wp\/v2\/media?parent=481096"}],"wp:term":[{"taxonomy":"product_brand","embeddable":true,"href":"https:\/\/lucacastelli.com\/de\/wp-json\/wp\/v2\/product_brand?post=481096"},{"taxonomy":"product_cat","embeddable":true,"href":"https:\/\/lucacastelli.com\/de\/wp-json\/wp\/v2\/product_cat?post=481096"},{"taxonomy":"product_tag","embeddable":true,"href":"https:\/\/lucacastelli.com\/de\/wp-json\/wp\/v2\/product_tag?post=481096"}],"curies":[{"name":"wp","href":"https:\/\/api.w.org\/{rel}","templated":true}]}}