{"id":481085,"date":"2022-07-01T11:32:13","date_gmt":"2022-07-01T09:32:13","guid":{"rendered":"https:\/\/lucacastelli.com\/?post_type=product&#038;p=481085"},"modified":"2025-07-29T14:27:57","modified_gmt":"2025-07-29T12:27:57","slug":"petzl-william","status":"publish","type":"product","link":"https:\/\/lucacastelli.com\/de\/produkt\/petzl-william\/","title":{"rendered":"PETZL WILLIAM"},"content":{"rendered":"<p>Leichter asymmetrischer Karabiner mit gro\u00dfem Fassungsverm\u00f6gen<\/p>\n<p>Der leichte, asymmetrische Gro\u00dfraumkarabiner WILLIAM ist aus Aluminium gefertigt. Es hat eine handliche Birnenform, um verschiedene Elemente einfach zu verbinden. Das glatte Innendesign und das Keylock-System erleichtern das Man\u00f6vrieren. Der WILLIAM Karabiner ist in drei Verschlusssystemen erh\u00e4ltlich: dem automatischen TRIACT-LOCK- und BALL-LOCK-System und dem manuellen SCREW-LOCK-System. WILLIAM kann mit der CAPTIV-Stange kombiniert werden, um die Belastung des Karabiners auf der L\u00e4ngsachse zu erleichtern, die Kippgefahr zu verringern und ihn in das Ger\u00e4t zu integrieren.    <\/p>\n<p>Beschreibung<\/p>\n<p>Detaillierte<br \/>\nBeschreibung Birnenf\u00f6rmige Form, die eine betr\u00e4chtliche Kapazit\u00e4t und \u00d6ffnung bietet:<br \/>\n&#8211; erleichtert die Verbindung verschiedener Elemente,- erm\u00f6glicht es Ihnen,<br \/>\n im Falle einer Bergung einen Bootsmann zu machen.<br \/>\nAluminiumkarabiner, dessen Leichtigkeit das Gewicht der vom Arbeiter in der H\u00f6he getragenen Ausr\u00fcstung reduziert.<br \/>\nErleichtert Man\u00f6ver:- flie\u00dfendes Innendesign,<br \/>\n um das Risiko stabiler N\u00e4hte zu verringern und die Drehung des Karabiners zu erleichtern,- Keylock-System,<br \/>\n um ein unbeabsichtigtes Einhaken des Karabiners zu verhindern.<br \/>\nH-Profil:<br \/>\n&#8211; garantiert das beste Verh\u00e4ltnis von Festigkeit zu Leichtigkeit,<br \/>\n&#8211; sch\u00fctzt die Markierungen vor Abrieb.<br \/>\nErh\u00e4ltlich in drei Versionen des Schlie\u00dfsystems:<br \/>\n &#8211; TRIACT-LOCK: automatisches System mit dreifacher \u00d6ffnung,<br \/>\n &#8211; BALL-LOCK: automatisches System mit dreifacher \u00d6ffnung und Verriegelungsanzeige.<br \/>\n&#8211; SCREW-LOCK: manuelles Schraubsystem mit roter optischer Anzeige, wenn der Karabiner nicht verriegelt ist,<br \/>\n auch in schwarz (Versionen TRIACT-LOCK und SCREW-LOCK) und in gold (Versionen TRIACT-LOCK und BALL-LOCK) erh\u00e4ltlich.<\/p>\n<p>Spezifikationen<br \/>\nMaterialien: Aluminium<br \/>\nZertifizierung(en): CE EN 362, EAC, NFPA 1983 Technische Verwendung<\/p>\n","protected":false},"excerpt":{"rendered":"<p>Leichter asymmetrischer Karabiner mit gro\u00dfem Fassungsverm\u00f6gen Der leichte, asymmetrische Gro\u00dfraumkarabiner WILLIAM ist aus Aluminium gefertigt. Es hat eine handliche Birnenform,<\/p>\n","protected":false},"featured_media":73132,"template":"","meta":{"_seopress_robots_primary_cat":"","_seopress_titles_title":"","_seopress_titles_desc":"","_seopress_robots_index":""},"product_brand":[3666],"product_cat":[150,1396,1403,1409,1410],"product_tag":[],"class_list":{"0":"post-481085","1":"product","2":"type-product","3":"status-publish","4":"has-post-thumbnail","6":"product_brand-petzl-de","7":"product_cat-ausrustung","8":"product_cat-arbeitsausrustung","9":"product_cat-auffanggurte-und-sicherheitsausrustung","10":"product_cat-freizeitausrustung","11":"product_cat-auffanggurte-und-sicherheitsausrustung-de","12":"sws-gruppo-abb-libero-de","13":"sws-conto-ricavi-merci-rivendita-abbigliamento-de","14":"sws-gruppo-iva-iva81-de","16":"first","17":"instock","18":"shipping-taxable","19":"purchasable","20":"product-type-variable"},"_links":{"self":[{"href":"https:\/\/lucacastelli.com\/de\/wp-json\/wp\/v2\/product\/481085","targetHints":{"allow":["GET"]}}],"collection":[{"href":"https:\/\/lucacastelli.com\/de\/wp-json\/wp\/v2\/product"}],"about":[{"href":"https:\/\/lucacastelli.com\/de\/wp-json\/wp\/v2\/types\/product"}],"wp:featuredmedia":[{"embeddable":true,"href":"https:\/\/lucacastelli.com\/de\/wp-json\/wp\/v2\/media\/73132"}],"wp:attachment":[{"href":"https:\/\/lucacastelli.com\/de\/wp-json\/wp\/v2\/media?parent=481085"}],"wp:term":[{"taxonomy":"product_brand","embeddable":true,"href":"https:\/\/lucacastelli.com\/de\/wp-json\/wp\/v2\/product_brand?post=481085"},{"taxonomy":"product_cat","embeddable":true,"href":"https:\/\/lucacastelli.com\/de\/wp-json\/wp\/v2\/product_cat?post=481085"},{"taxonomy":"product_tag","embeddable":true,"href":"https:\/\/lucacastelli.com\/de\/wp-json\/wp\/v2\/product_tag?post=481085"}],"curies":[{"name":"wp","href":"https:\/\/api.w.org\/{rel}","templated":true}]}}