{"id":481067,"date":"2022-06-15T00:48:15","date_gmt":"2022-06-14T22:48:15","guid":{"rendered":"https:\/\/lucacastelli.com\/?post_type=product&#038;p=481067"},"modified":"2025-07-29T14:44:01","modified_gmt":"2025-07-29T12:44:01","slug":"petzl-zickzack","status":"publish","type":"product","link":"https:\/\/lucacastelli.com\/de\/produkt\/petzl-zickzack\/","title":{"rendered":"PETZL ZICKZACK"},"content":{"rendered":"<p>Mechanischer Prusik f\u00fcr die Baumarbeit<\/p>\n<p>Die mechanische Prusik ZIGZAG erm\u00f6glicht es Ihnen, sich effektiv auf dem Baum zu bewegen, w\u00e4hrend die spezifische Bewegung des klassischen Prusik-Flaschenzugsystems erhalten bleibt. Die Verschlusskette garantiert Pr\u00e4zision und Flie\u00dff\u00e4higkeit in der Bewegung. Die Umlenkrolle, die auf einem abgedichteten Kugellager montiert ist, erm\u00f6glicht es Ihnen, \u00fcbersch\u00fcssiges Seil leicht zu bergen. Die Verwendung am Doppelseil und Einfachseil garantiert eine hervorragende Vielseitigkeit. Das untere Verbindungsloch ist fixiert, um die Ausrichtung des Ger\u00e4ts auf der Achse des Arbeiters zu gew\u00e4hrleisten und den Griff zu optimieren.    <\/p>\n<p>Beschreibung<br \/>\nIntuitiver Griff:<br \/>\n&#8211; Bewegung identisch mit der des klassischen Prusik-Flaschenzugsystems f\u00fcr sofortigen Halt,<br \/>\n&#8211; automatische Verriegelung der Vorrichtung am Seil, wenn sich die Verriegelungskette \u00f6ffnet.<br \/>\nF\u00fcr effektive Bewegungen am Baum:<br \/>\n &#8211; Sanftes und pr\u00e4zises Einholen des Seils dank des Entriegelungshebels, der eine hohe Pr\u00e4zision der Bewegungen garantiert. Die Druckeinstellung an diesem Hebel erm\u00f6glicht es Ihnen, die Bewegungsgeschwindigkeit zu modulieren,<br \/>\n&#8211; einfaches Einholen des Seils dank der auf einem abgedichteten Kugellager montierten Umlenkrolle und der verbreiterten und gebogenen Flansche,<br \/>\n&#8211; ein festes unteres Verbindungsloch, um die Ausrichtung des Ger\u00e4ts auf der Achse des Arbeiters zu gew\u00e4hrleisten und den Griff zu optimieren.<br \/>\nVielseitigkeit der Verwendung:<br \/>\n&#8211; Es kann sowohl an Doppelseilen als auch an Einfachseilen verwendet werden, dank des CHICANE-Zubeh\u00f6rs, das eine gr\u00f6\u00dfere Bremswirkung garantiert, und der KNEE ASCENT-Pedale, die den Aufstieg erleichtern,<br \/>\n&#8211; oberes Verbindungsloch f\u00fcr die R\u00fcckkehr des Seils bei Verwendung an einem Doppelseil oder die zus\u00e4tzliche CHICANE-Bremse bei Verwendung an einem Einfachseil. Die CAPTIV-Positionierungsstange erleichtert die Positionierung des Verbinders auf der Hauptachse,<br \/>\n &#8211; sekund\u00e4res Verbindungsloch zum Hinzuf\u00fcgen eines ZILLON-Verbindungsmittels oder zum Anschluss eines zweiten Systems.<br \/>\nFestigkeit:<br \/>\n &#8211; Stahlkonstruktion f\u00fcr l\u00e4ngere Haltbarkeit,<br \/>\n &#8211; vergr\u00f6\u00dferte und gebogene Flansche f\u00fcr bessere Verschlei\u00dffestigkeit.<br \/>\nKompatibilit\u00e4t mit Seilen: von 11,5 bis 13 mm Durchmesser.<br \/>\nZIGZAG erm\u00f6glicht es Ihnen, in \u00dcbereinstimmung mit dem ANSI Z133-Standard zu arbeiten.<br \/>\nSpezifikationen<br \/>\nMaterialien: Aluminium, Stahl, Polyamid<br \/>\nGewicht: 365 g<br \/>\nSeilkompatibilit\u00e4t: halbstatisches Seil (EN 1891 Typ A)<br \/>\nMaximale Gebrauchslast: 140 kg<br \/>\nZertifizierung(en): CE, UKCA <\/p>\n","protected":false},"excerpt":{"rendered":"<p>Mechanischer Prusik f\u00fcr die Baumarbeit Die mechanische Prusik ZIGZAG erm\u00f6glicht es Ihnen, sich effektiv auf dem Baum zu bewegen, w\u00e4hrend<\/p>\n","protected":false},"featured_media":69292,"template":"","meta":{"_seopress_robots_primary_cat":"","_seopress_titles_title":"","_seopress_titles_desc":"","_seopress_robots_index":""},"product_brand":[3446],"product_cat":[33,537,814],"product_tag":[],"class_list":{"0":"post-481067","1":"product","2":"type-product","3":"status-publish","4":"has-post-thumbnail","6":"product_brand-petzl","7":"product_cat-attrezzature","8":"product_cat-attrezzatura-da-lavoro","9":"product_cat-imbraghi-e-materiale-di-sicurezza","10":"sws-gruppo-abb-libero-fr","11":"sws-conto-ricavi-merci-rivendita-abbigliamento","12":"sws-gruppo-iva-iva81","14":"first","15":"onbackorder","16":"shipping-taxable","17":"purchasable","18":"product-type-simple"},"_links":{"self":[{"href":"https:\/\/lucacastelli.com\/de\/wp-json\/wp\/v2\/product\/481067","targetHints":{"allow":["GET"]}}],"collection":[{"href":"https:\/\/lucacastelli.com\/de\/wp-json\/wp\/v2\/product"}],"about":[{"href":"https:\/\/lucacastelli.com\/de\/wp-json\/wp\/v2\/types\/product"}],"wp:featuredmedia":[{"embeddable":true,"href":"https:\/\/lucacastelli.com\/de\/wp-json\/wp\/v2\/media\/69292"}],"wp:attachment":[{"href":"https:\/\/lucacastelli.com\/de\/wp-json\/wp\/v2\/media?parent=481067"}],"wp:term":[{"taxonomy":"product_brand","embeddable":true,"href":"https:\/\/lucacastelli.com\/de\/wp-json\/wp\/v2\/product_brand?post=481067"},{"taxonomy":"product_cat","embeddable":true,"href":"https:\/\/lucacastelli.com\/de\/wp-json\/wp\/v2\/product_cat?post=481067"},{"taxonomy":"product_tag","embeddable":true,"href":"https:\/\/lucacastelli.com\/de\/wp-json\/wp\/v2\/product_tag?post=481067"}],"curies":[{"name":"wp","href":"https:\/\/api.w.org\/{rel}","templated":true}]}}