{"id":481066,"date":"2022-06-30T15:04:14","date_gmt":"2022-06-30T13:04:14","guid":{"rendered":"https:\/\/lucacastelli.com\/?post_type=product&#038;p=481066"},"modified":"2025-10-06T10:26:59","modified_gmt":"2025-10-06T08:26:59","slug":"petzl-mambo-seil","status":"publish","type":"product","link":"https:\/\/lucacastelli.com\/de\/produkt\/petzl-mambo-seil\/","title":{"rendered":"PETZL MAMBO Seil"},"content":{"rendered":"<p>Griffiges Einfachseil mit einem Durchmesser von 10,1 mm zum Klettern in der Halle und im Fels<\/p>\n<p>Mit einem gro\u00dfz\u00fcgigen Durchmesser ist das MAMBO 10,1 mm Einfachseil beruhigend f\u00fcr das Klettern in der Halle und im Fels. Sein Durchmesser von 10,1 mm bietet einen hervorragenden Halt, so dass Sie sich schnell mit dem Man\u00f6vrieren und der Verwendung von Sicherungsger\u00e4ten vertraut machen k\u00f6nnen. Auch die Dicke der Socke tr\u00e4gt zu ihrer Widerstandsf\u00e4higkeit bei.  <\/p>\n<p>Beschreibung<\/p>\n<p>Detaillierte Beschreibung<br \/>\nGriff, der Man\u00f6ver erleichtert:<br \/>\n&#8211; gro\u00dfz\u00fcgiger Durchmesser, der eine bessere Kontrolle in den Sicherungsger\u00e4ten garantiert,<br \/>\n&#8211; Griff von 40 Spindeln f\u00fcr eine bessere Kontrolle,<br \/>\n&#8211; Mittlere Markierung: Unterscheidung des halben Seils, um Man\u00f6ver zu erleichtern.<br \/>\nBenutzerkomfort:<br \/>\n&#8211; flexibles Seil, das das Geben des Seils in Sicherungsger\u00e4ten erleichtert,<br \/>\n&#8211; EverFlex-Behandlung: spezifische W\u00e4rmebehandlung, die die Dr\u00e4hte stabilisiert und das Seil homogener macht. Es garantiert einen hervorragenden Grip und eine konstante Handhabung im Laufe der Zeit,<br \/>\n&#8211; ClimbReady-Rollreffanlage: spezielle Rollreffanlage, um das Seil einsatzbereit zu machen. Es verhindert falsche Abrollman\u00f6ver durch den Benutzer und erh\u00f6ht die Langlebigkeit.<br \/>\nBest\u00e4ndigkeit:<br \/>\n&#8211; gro\u00dfer Durchmesser, der eine hohe Widerstandsf\u00e4higkeit erm\u00f6glicht,<br \/>\n&#8211; dicker Mantel, der eine hervorragende Abriebfestigkeit garantiert,<br \/>\n&#8211; UltraSonic Finish: Der Kern und der Mantel sind an ihren Enden dank einer Ultraschallbeschichtung namens UltraSonic Finish verbunden. Es erm\u00f6glicht eine l\u00e4ngere Lebensdauer und verhindert, dass das Ende des Seils bricht.   <\/p>\n<p>Spezifikationen<br \/>\nZertifizierung(en): CE EN 892, UIAA<br \/>\nDurchmesser: 10,1 mm<br \/>\nSeiltyp: Einfachseil<br \/>\nGewicht pro Meter: 65 g<br \/>\nProzentsatz des Mantels: 37 %<br \/>\nAnzahl der St\u00fcrze Faktor 1,77: 7<br \/>\nStatische Dehnung: 8,5 %<br \/>\nDynamische Dehnung: 34 %<br \/>\nSchlagkraft: 8,5 kN<br \/>\nKonstruktion: 40 Spindeln<br \/>\nMaterialien: Polyamid<\/p>\n","protected":false},"excerpt":{"rendered":"<p>Griffiges Einfachseil mit einem Durchmesser von 10,1 mm zum Klettern in der Halle und im Fels Mit einem gro\u00dfz\u00fcgigen Durchmesser<\/p>\n","protected":false},"featured_media":73026,"template":"","meta":{"_seopress_robots_primary_cat":"","_seopress_titles_title":"","_seopress_titles_desc":"","_seopress_robots_index":""},"product_brand":[3666],"product_cat":[150,1396,1403,1409,1410],"product_tag":[],"class_list":{"0":"post-481066","1":"product","2":"type-product","3":"status-publish","4":"has-post-thumbnail","6":"product_brand-petzl-de","7":"product_cat-ausrustung","8":"product_cat-arbeitsausrustung","9":"product_cat-auffanggurte-und-sicherheitsausrustung","10":"product_cat-freizeitausrustung","11":"product_cat-auffanggurte-und-sicherheitsausrustung-de","12":"sws-gruppo-abb-libero-de","13":"sws-conto-ricavi-merci-rivendita-abbigliamento-de","14":"sws-gruppo-iva-iva81-de","16":"first","17":"onbackorder","18":"shipping-taxable","19":"purchasable","20":"product-type-variable"},"_links":{"self":[{"href":"https:\/\/lucacastelli.com\/de\/wp-json\/wp\/v2\/product\/481066","targetHints":{"allow":["GET"]}}],"collection":[{"href":"https:\/\/lucacastelli.com\/de\/wp-json\/wp\/v2\/product"}],"about":[{"href":"https:\/\/lucacastelli.com\/de\/wp-json\/wp\/v2\/types\/product"}],"wp:featuredmedia":[{"embeddable":true,"href":"https:\/\/lucacastelli.com\/de\/wp-json\/wp\/v2\/media\/73026"}],"wp:attachment":[{"href":"https:\/\/lucacastelli.com\/de\/wp-json\/wp\/v2\/media?parent=481066"}],"wp:term":[{"taxonomy":"product_brand","embeddable":true,"href":"https:\/\/lucacastelli.com\/de\/wp-json\/wp\/v2\/product_brand?post=481066"},{"taxonomy":"product_cat","embeddable":true,"href":"https:\/\/lucacastelli.com\/de\/wp-json\/wp\/v2\/product_cat?post=481066"},{"taxonomy":"product_tag","embeddable":true,"href":"https:\/\/lucacastelli.com\/de\/wp-json\/wp\/v2\/product_tag?post=481066"}],"curies":[{"name":"wp","href":"https:\/\/api.w.org\/{rel}","templated":true}]}}