{"id":481062,"date":"2022-06-30T15:02:14","date_gmt":"2022-06-30T13:02:14","guid":{"rendered":"https:\/\/lucacastelli.com\/?post_type=product&#038;p=481062"},"modified":"2025-07-29T13:57:15","modified_gmt":"2025-07-29T11:57:15","slug":"petzl-protec","status":"publish","type":"product","link":"https:\/\/lucacastelli.com\/de\/produkt\/petzl-protec\/","title":{"rendered":"PETZL Protec"},"content":{"rendered":"<p>Flexibler Fixseilschutz<\/p>\n<p>Der PROTEC flexible Protektor wurde entwickelt, um das Fixseil vor einer Scheuerzone bei Arbeiten in der H\u00f6he oder bei der Rettung zu sch\u00fctzen. Es ist einfach zu installieren und robust und f\u00fcr den regelm\u00e4\u00dfigen und intensiven Gebrauch bestimmt. PROTEC ist vielseitig einsetzbar und eignet sich f\u00fcr alle Durchmesser von professionellen Seilen, aber auch f\u00fcr Ankerschlingen.  <\/p>\n<p>Beschreibung<\/p>\n<p>Detaillierte Beschreibung<br \/>\nFester Seilschutz f\u00fcr den regelm\u00e4\u00dfigen und intensiven Gebrauch:<br \/>\n&#8211; flexibles und leichtes Gewebe aus hochfestem TPU (PVC-frei),<br \/>\n&#8211; Klettverschluss.<br \/>\nEinfach zu installieren:<br \/>\n &#8211; einfaches \u00d6ffnen durch zwei Kordelz\u00fcge, mit Handschuhen zu bedienen,<br \/>\n &#8211; guter Halt der Haltepinzette f\u00fcr eine schnelle und einfache Platzierung am Seil.<br \/>\nVielseitig einsetzbar:<br \/>\n&#8211; Es kann in beide Richtungen verwendet werden, eine Pinzette oben oder eine Pinzette unten,<br \/>\n&#8211; es passt sich den verschiedenen Durchmessern von professionellen Seilen an,<br \/>\n&#8211; Es erm\u00f6glicht Ihnen auch, ein Ankergurtband vom Typ CONNEXION zu sch\u00fctzen.<\/p>\n<p>Spezifikationen<br \/>\nMaterialien: TPU, Polyamid, Aluminium<br \/>\nGewicht: 130 g<br \/>\nMa\u00dfe: 56 x 5 x 2,5 cm<\/p>\n<p>3 Jahre Garantie<\/p>\n","protected":false},"excerpt":{"rendered":"<p>Flexibler Fixseilschutz Der PROTEC flexible Protektor wurde entwickelt, um das Fixseil vor einer Scheuerzone bei Arbeiten in der H\u00f6he oder<\/p>\n","protected":false},"featured_media":73009,"template":"","meta":{"_seopress_robots_primary_cat":"","_seopress_titles_title":"","_seopress_titles_desc":"","_seopress_robots_index":""},"product_brand":[3446],"product_cat":[33,537,814,211,818],"product_tag":[],"class_list":{"0":"post-481062","1":"product","2":"type-product","3":"status-publish","4":"has-post-thumbnail","6":"product_brand-petzl","7":"product_cat-attrezzature","8":"product_cat-attrezzatura-da-lavoro","9":"product_cat-imbraghi-e-materiale-di-sicurezza","10":"product_cat-attrezzatura-per-il-tempo-libero","11":"product_cat-imbraghi-e-materiale-di-sicurezza-attrezzatura-per-il-tempo-libero","12":"sws-gruppo-abb-libero-fr","13":"sws-conto-ricavi-merci-rivendita-abbigliamento","14":"sws-gruppo-iva-iva81","16":"first","17":"onbackorder","18":"shipping-taxable","19":"purchasable","20":"product-type-simple"},"_links":{"self":[{"href":"https:\/\/lucacastelli.com\/de\/wp-json\/wp\/v2\/product\/481062","targetHints":{"allow":["GET"]}}],"collection":[{"href":"https:\/\/lucacastelli.com\/de\/wp-json\/wp\/v2\/product"}],"about":[{"href":"https:\/\/lucacastelli.com\/de\/wp-json\/wp\/v2\/types\/product"}],"wp:featuredmedia":[{"embeddable":true,"href":"https:\/\/lucacastelli.com\/de\/wp-json\/wp\/v2\/media\/73009"}],"wp:attachment":[{"href":"https:\/\/lucacastelli.com\/de\/wp-json\/wp\/v2\/media?parent=481062"}],"wp:term":[{"taxonomy":"product_brand","embeddable":true,"href":"https:\/\/lucacastelli.com\/de\/wp-json\/wp\/v2\/product_brand?post=481062"},{"taxonomy":"product_cat","embeddable":true,"href":"https:\/\/lucacastelli.com\/de\/wp-json\/wp\/v2\/product_cat?post=481062"},{"taxonomy":"product_tag","embeddable":true,"href":"https:\/\/lucacastelli.com\/de\/wp-json\/wp\/v2\/product_tag?post=481062"}],"curies":[{"name":"wp","href":"https:\/\/api.w.org\/{rel}","templated":true}]}}