{"id":481055,"date":"2022-06-15T00:43:10","date_gmt":"2022-06-14T22:43:10","guid":{"rendered":"https:\/\/lucacastelli.com\/?post_type=product&#038;p=481055"},"modified":"2025-07-29T17:24:12","modified_gmt":"2025-07-29T15:24:12","slug":"fluggesellschaft-petzl","status":"publish","type":"product","link":"https:\/\/lucacastelli.com\/de\/produkt\/fluggesellschaft-petzl\/","title":{"rendered":"FLUGGESELLSCHAFT PETZL"},"content":{"rendered":"<p>Wurfband<\/p>\n<p>Das AIRLINE-Wurfband bietet einen hervorragenden Kompromiss zwischen Weichheit und Steifigkeit, um einen pr\u00e4zisen Start zu erm\u00f6glichen und die Bildung von Knoten am Ausgang der Tasche zu vermeiden. Die Stabilit\u00e4t des Geflechts auf dem Kern erm\u00f6glicht es Ihnen, eine perfekte Zylindrizit\u00e4t der Schnur und damit ein hervorragendes Gleiten auf dem Schaft zu erhalten. Er ist in zwei L\u00e4ngen erh\u00e4ltlich: 60 und 300 Meter.  <\/p>\n<p>Beschreibung<br \/>\nEs kombiniert Weichheit f\u00fcr pr\u00e4zises Werfen und Steifigkeit, um zu verhindern, dass sich Knoten bilden, wenn es aus der Tasche kommt.<br \/>\nStabilit\u00e4t des Geflechts auf dem Kern, um eine perfekte Zylindrizit\u00e4t der Schnur und damit ein hervorragendes Gleiten auf dem Schaft zu erhalten. Dieses Geflecht besteht aus Dyneema\u00ae f\u00fcr eine hervorragende Abriebfestigkeit.<br \/>\nLeicht, erfordert nicht die Verwendung eines sehr schweren Wurfsacks.<br \/>\nGelbe Farbe f\u00fcr hervorragende Sichtbarkeit.<br \/>\nErh\u00e4ltlich in zwei Versionen: 60 und 300 Meter.<br \/>\nSpezifikationen<br \/>\nFarbe(n): gelb<br \/>\nGewicht pro Meter: 2,1 g <\/p>\n<table>\n<tbody>\n<tr>\n<th class=\"rowTitle\">Referenzen<\/th>\n<th>R02Y 060<\/th>\n<th>R02Y 300<\/th>\n<\/tr>\n<tr>\n<td class=\"rowTitle\">L\u00e4nge<\/td>\n<td>ca. 60 m<\/td>\n<td>ca. 300 m<\/td>\n<\/tr>\n<tr>\n<td class=\"rowTitle\">Garantie<\/td>\n<td>3 Jahre<\/td>\n<td>3 Jahre<\/td>\n<\/tr>\n<tr>\n<td class=\"rowTitle\">Verpackung<\/td>\n<td> <\/td>\n<p> 1<\/p>\n<td>1 <\/td>\n<\/tr>\n<\/tbody>\n<\/table>\n","protected":false},"excerpt":{"rendered":"<p>Wurfband Das AIRLINE-Wurfband bietet einen hervorragenden Kompromiss zwischen Weichheit und Steifigkeit, um einen pr\u00e4zisen Start zu erm\u00f6glichen und die Bildung<\/p>\n","protected":false},"featured_media":69248,"template":"","meta":{"_seopress_robots_primary_cat":"","_seopress_titles_title":"","_seopress_titles_desc":"","_seopress_robots_index":""},"product_brand":[3446],"product_cat":[33,537,814,211],"product_tag":[],"class_list":{"0":"post-481055","1":"product","2":"type-product","3":"status-publish","4":"has-post-thumbnail","6":"product_brand-petzl","7":"product_cat-attrezzature","8":"product_cat-attrezzatura-da-lavoro","9":"product_cat-imbraghi-e-materiale-di-sicurezza","10":"product_cat-attrezzatura-per-il-tempo-libero","11":"sws-gruppo-abb-libero-fr","12":"sws-conto-ricavi-merci-rivendita-abbigliamento","13":"sws-gruppo-iva-iva81","15":"first","16":"onbackorder","17":"shipping-taxable","18":"purchasable","19":"product-type-variable"},"_links":{"self":[{"href":"https:\/\/lucacastelli.com\/de\/wp-json\/wp\/v2\/product\/481055","targetHints":{"allow":["GET"]}}],"collection":[{"href":"https:\/\/lucacastelli.com\/de\/wp-json\/wp\/v2\/product"}],"about":[{"href":"https:\/\/lucacastelli.com\/de\/wp-json\/wp\/v2\/types\/product"}],"wp:featuredmedia":[{"embeddable":true,"href":"https:\/\/lucacastelli.com\/de\/wp-json\/wp\/v2\/media\/69248"}],"wp:attachment":[{"href":"https:\/\/lucacastelli.com\/de\/wp-json\/wp\/v2\/media?parent=481055"}],"wp:term":[{"taxonomy":"product_brand","embeddable":true,"href":"https:\/\/lucacastelli.com\/de\/wp-json\/wp\/v2\/product_brand?post=481055"},{"taxonomy":"product_cat","embeddable":true,"href":"https:\/\/lucacastelli.com\/de\/wp-json\/wp\/v2\/product_cat?post=481055"},{"taxonomy":"product_tag","embeddable":true,"href":"https:\/\/lucacastelli.com\/de\/wp-json\/wp\/v2\/product_tag?post=481055"}],"curies":[{"name":"wp","href":"https:\/\/api.w.org\/{rel}","templated":true}]}}