{"id":481031,"date":"2022-07-07T12:54:09","date_gmt":"2022-07-07T10:54:09","guid":{"rendered":"https:\/\/lucacastelli.com\/?post_type=product&#038;p=481031"},"modified":"2025-07-29T10:06:21","modified_gmt":"2025-07-29T08:06:21","slug":"petzl-stanneau","status":"publish","type":"product","link":"https:\/\/lucacastelli.com\/de\/produkt\/petzl-stanneau\/","title":{"rendered":"PETZL ST&#8217;ANNEAU"},"content":{"rendered":"<p>ST&#8217;ANNEAU ist eine leichtere Alternative zu klassischen Gurtbandschlaufen, die in drei L\u00e4ngen erh\u00e4ltlich ist und mit einem Farbcode zur einfachen Identifizierung der L\u00e4nge versehen ist.<\/p>\n<p>Detaillierte Beschreibung<br \/>\nLeichter und weicher als Polyamidringe.<br \/>\nAusgezeichnete Abriebfestigkeit.<br \/>\nBreite: 12 mm.<br \/>\nErh\u00e4ltlich in 3 Gr\u00f6\u00dfen in verschiedenen Farben, um die Identifizierung zu erleichtern: 24, 60 und 120 cm.<\/p>\n<p>Spezifikationen<br \/>\nMaterialien: Gurtband aus hochdichtem Polyethylen und Polyamid, Polyestern\u00e4hte<br \/>\nZugfestigkeit: 22 kN<br \/>\nZertifizierung(en): CE EN 795 B<\/p>\n","protected":false},"excerpt":{"rendered":"<p>ST&#8217;ANNEAU ist eine leichtere Alternative zu klassischen Gurtbandschlaufen, die in drei L\u00e4ngen erh\u00e4ltlich ist und mit einem Farbcode zur einfachen<\/p>\n","protected":false},"featured_media":74856,"template":"","meta":{"_seopress_robots_primary_cat":"","_seopress_titles_title":"","_seopress_titles_desc":"","_seopress_robots_index":""},"product_brand":[3666],"product_cat":[150,1396,1403,1409,1410],"product_tag":[],"class_list":{"0":"post-481031","1":"product","2":"type-product","3":"status-publish","4":"has-post-thumbnail","6":"product_brand-petzl-de","7":"product_cat-ausrustung","8":"product_cat-arbeitsausrustung","9":"product_cat-auffanggurte-und-sicherheitsausrustung","10":"product_cat-freizeitausrustung","11":"product_cat-auffanggurte-und-sicherheitsausrustung-de","12":"sws-gruppo-abb-libero-de","13":"sws-conto-ricavi-merci-rivendita-abbigliamento-de","14":"sws-gruppo-iva-iva81-de","16":"first","17":"onbackorder","18":"shipping-taxable","19":"purchasable","20":"product-type-variable"},"_links":{"self":[{"href":"https:\/\/lucacastelli.com\/de\/wp-json\/wp\/v2\/product\/481031","targetHints":{"allow":["GET"]}}],"collection":[{"href":"https:\/\/lucacastelli.com\/de\/wp-json\/wp\/v2\/product"}],"about":[{"href":"https:\/\/lucacastelli.com\/de\/wp-json\/wp\/v2\/types\/product"}],"wp:featuredmedia":[{"embeddable":true,"href":"https:\/\/lucacastelli.com\/de\/wp-json\/wp\/v2\/media\/74856"}],"wp:attachment":[{"href":"https:\/\/lucacastelli.com\/de\/wp-json\/wp\/v2\/media?parent=481031"}],"wp:term":[{"taxonomy":"product_brand","embeddable":true,"href":"https:\/\/lucacastelli.com\/de\/wp-json\/wp\/v2\/product_brand?post=481031"},{"taxonomy":"product_cat","embeddable":true,"href":"https:\/\/lucacastelli.com\/de\/wp-json\/wp\/v2\/product_cat?post=481031"},{"taxonomy":"product_tag","embeddable":true,"href":"https:\/\/lucacastelli.com\/de\/wp-json\/wp\/v2\/product_tag?post=481031"}],"curies":[{"name":"wp","href":"https:\/\/api.w.org\/{rel}","templated":true}]}}