{"id":481013,"date":"2022-07-01T19:06:37","date_gmt":"2022-07-01T17:06:37","guid":{"rendered":"https:\/\/lucacastelli.com\/?post_type=product&#038;p=481013"},"modified":"2025-07-29T10:06:38","modified_gmt":"2025-07-29T08:06:38","slug":"petzl-podium","status":"publish","type":"product","link":"https:\/\/lucacastelli.com\/de\/produkt\/petzl-podium\/","title":{"rendered":"PETZL Podium"},"content":{"rendered":"<p>Sitz f\u00fcr verl\u00e4ngerte Federung<\/p>\n<p>Der PODIUM-Sitz bietet optimalen Komfort bei verl\u00e4ngerter Federung. Die breite Sitzfl\u00e4che sorgt f\u00fcr eine hervorragende Stabilit\u00e4t. Die starren Kanten verhindern, dass die Aufh\u00e4ngegurte die Oberschenkel zusammendr\u00fccken. Der Sitz ist einfach zu bedienen und verf\u00fcgt \u00fcber zwei Ger\u00e4teschlaufen und einen hinteren Haken, der das Verstauen erm\u00f6glicht und das Bewegen erleichtert. Er wird dank zweier Sch\u00e4kel (C087AA00) mit den Gurten ASTRO BOD FAST und ASTRO SIT FAST verbunden.    <\/p>\n<p>Beschreibung<\/p>\n<p>Detaillierte Beschreibung<br \/>\nEs garantiert hervorragenden Komfort bei l\u00e4ngerer Federung:<br \/>\n&#8211; breiter Sitz, der eine hervorragende Stabilit\u00e4t garantiert,- starre Kanten, um zu verhindern,<br \/>\n dass die Federungsgurte die Oberschenkel zusammendr\u00fccken.<br \/>\nEinfach zu bedienen:<br \/>\n&#8211; verstellbare Jockstraps mit selbstverriegelnden DOUBLEBACK-Schnallen,<br \/>\n&#8211; zwei vorgeformte Ausr\u00fcstungsschlaufen mit Schutzh\u00fclle,<br \/>\n&#8211; hinterer Haken, mit dem Sie den Sitz bei Nichtgebrauch einfach hinter Ihrem R\u00fccken positionieren k\u00f6nnen.<\/p>\n<p>Spezifikationen<br \/>\nGewicht: 1060 g<\/p>\n<p>Farbe Schwarz\/Gelb<br \/>\nGarantie 3 Jahre<\/p>\n","protected":false},"excerpt":{"rendered":"<p>Sitz f\u00fcr verl\u00e4ngerte Federung Der PODIUM-Sitz bietet optimalen Komfort bei verl\u00e4ngerter Federung. Die breite Sitzfl\u00e4che sorgt f\u00fcr eine hervorragende Stabilit\u00e4t.<\/p>\n","protected":false},"featured_media":518031,"template":"","meta":{"_seopress_robots_primary_cat":"","_seopress_titles_title":"","_seopress_titles_desc":"","_seopress_robots_index":""},"product_brand":[3446],"product_cat":[33,537,814,211,818],"product_tag":[],"class_list":{"0":"post-481013","1":"product","2":"type-product","3":"status-publish","4":"has-post-thumbnail","6":"product_brand-petzl","7":"product_cat-attrezzature","8":"product_cat-attrezzatura-da-lavoro","9":"product_cat-imbraghi-e-materiale-di-sicurezza","10":"product_cat-attrezzatura-per-il-tempo-libero","11":"product_cat-imbraghi-e-materiale-di-sicurezza-attrezzatura-per-il-tempo-libero","12":"sws-gruppo-abb-libero-fr","13":"sws-conto-ricavi-merci-rivendita-abbigliamento","14":"sws-gruppo-iva-iva81","16":"first","17":"onbackorder","18":"shipping-taxable","19":"purchasable","20":"product-type-simple"},"_links":{"self":[{"href":"https:\/\/lucacastelli.com\/de\/wp-json\/wp\/v2\/product\/481013","targetHints":{"allow":["GET"]}}],"collection":[{"href":"https:\/\/lucacastelli.com\/de\/wp-json\/wp\/v2\/product"}],"about":[{"href":"https:\/\/lucacastelli.com\/de\/wp-json\/wp\/v2\/types\/product"}],"wp:featuredmedia":[{"embeddable":true,"href":"https:\/\/lucacastelli.com\/de\/wp-json\/wp\/v2\/media\/518031"}],"wp:attachment":[{"href":"https:\/\/lucacastelli.com\/de\/wp-json\/wp\/v2\/media?parent=481013"}],"wp:term":[{"taxonomy":"product_brand","embeddable":true,"href":"https:\/\/lucacastelli.com\/de\/wp-json\/wp\/v2\/product_brand?post=481013"},{"taxonomy":"product_cat","embeddable":true,"href":"https:\/\/lucacastelli.com\/de\/wp-json\/wp\/v2\/product_cat?post=481013"},{"taxonomy":"product_tag","embeddable":true,"href":"https:\/\/lucacastelli.com\/de\/wp-json\/wp\/v2\/product_tag?post=481013"}],"curies":[{"name":"wp","href":"https:\/\/api.w.org\/{rel}","templated":true}]}}