{"id":481012,"date":"2022-07-01T11:26:04","date_gmt":"2022-07-01T09:26:04","guid":{"rendered":"https:\/\/lucacastelli.com\/?post_type=product&#038;p=481012"},"modified":"2025-07-29T10:24:31","modified_gmt":"2025-07-29T08:24:31","slug":"petzl-sarken","status":"publish","type":"product","link":"https:\/\/lucacastelli.com\/de\/produkt\/petzl-sarken\/","title":{"rendered":"PETZL SARKEN"},"content":{"rendered":"<p>Steigeisen f\u00fcr technisches Bergsteigen<\/p>\n<p>Der Kletterpartner f\u00fcr deine technischen Aufstiege. Mit vorderen, vertikalen und gezackten Spitzen sorgen die SARKEN-Steigeisen f\u00fcr ein besseres Eindringen in hartes Eis und bieten dennoch guten Halt auf Schnee. Die Verteilung der 12 Zacken sorgt f\u00fcr Stabilit\u00e4t und Grip an leichten Steigungen sowie bei den wichtigsten H\u00f6henunterschieden. Durch das LEVERLOCK UNIVERSEL Bindungssystem kann er an alle Stiefel mit Hinterkante angepasst werden.   <\/p>\n<p>Beschreibung<br \/>\nIdeal f\u00fcr technisches Bergsteigen, dank der technischen Qualit\u00e4t der vorderen Spitzen:<br \/>\n&#8211; zwei vertikale und gezackte Frontspitzen f\u00fcr besseren Halt auf Eis und gemischtem Gel\u00e4nde<br \/>\n&#8211; Spitzenverteilung f\u00fcr hervorragenden Halt auf weichem Eis oder hartem Schnee,<br \/>\n&#8211; LEVERLOCK UNIVERSEL-Bindungssystem f\u00fcr alle Stiefel mit Hinterkante,<br \/>\n&#8211; Bi-Position-Verstellstangen zur Anpassung an eine Vielzahl von Gr\u00f6\u00dfen (von 36 bis 50),<br \/>\n&#8211; werkzeuglose Einstellung der Steigeisenl\u00e4nge,<br \/>\n&#8211; Stahlsteigeisen f\u00fcr maximale Festigkeit.<br \/>\nKomfort beim Gehen:<br \/>\n&#8211; 12-Zacken-Steigeisen f\u00fcr besseren Halt und Komfort beim Gehen,<br \/>\n&#8211; optimierte Spitzenl\u00e4nge f\u00fcr pr\u00e4zise Abst\u00fctzungen, die einen effektiven Halt gew\u00e4hrleisten,- ANTISNOW Anti-Huf-System,<br \/>\n um die Bildung von Schneehufen zu reduzieren, unabh\u00e4ngig von den Schneebedingungen.<br \/>\nVollst\u00e4ndige Modularit\u00e4t dank des ALPEN ADAPT-Systems:<br \/>\n&#8211; FIL- oder FIL FLEX-Bindungssystem zur Anpassung an alle vorderen Teile des Stiefels (mit oder ohne Kante),<br \/>\n&#8211; Vordere Spitzen, Stangen, Anti-Huf-System und Bindungssystem, die unabh\u00e4ngig voneinander ausgetauscht werden k\u00f6nnen,<br \/>\n&#8211; Kompatibel mit IRVIS-Frontbl\u00f6cken, um Steigeisen in klassische Steigeisen zum Bergsteigen oder Skibergsteigen zu verwandeln,<br \/>\n&#8211; Kompatibel mit DART-Frontbl\u00f6cken, um Steigeisen in Eissteigeisen zu verwandeln.<\/p>\n<p>Spezifikationen<br \/>\nAnzahl der Bits: 12<br \/>\nGr\u00f6\u00dfen: 36-50<br \/>\nZertifizierung(en): CE, UIAA<\/p>\n","protected":false},"excerpt":{"rendered":"<p>Steigeisen f\u00fcr technisches Bergsteigen Der Kletterpartner f\u00fcr deine technischen Aufstiege. Mit vorderen, vertikalen und gezackten Spitzen sorgen die SARKEN-Steigeisen f\u00fcr<\/p>\n","protected":false},"featured_media":73119,"template":"","meta":{"_seopress_robots_primary_cat":"","_seopress_titles_title":"","_seopress_titles_desc":"","_seopress_robots_index":""},"product_brand":[3446],"product_cat":[33,537,814,211,818],"product_tag":[],"class_list":{"0":"post-481012","1":"product","2":"type-product","3":"status-publish","4":"has-post-thumbnail","6":"product_brand-petzl","7":"product_cat-attrezzature","8":"product_cat-attrezzatura-da-lavoro","9":"product_cat-imbraghi-e-materiale-di-sicurezza","10":"product_cat-attrezzatura-per-il-tempo-libero","11":"product_cat-imbraghi-e-materiale-di-sicurezza-attrezzatura-per-il-tempo-libero","12":"sws-gruppo-abb-libero-fr","13":"sws-conto-ricavi-merci-rivendita-abbigliamento","14":"sws-gruppo-iva-iva81","16":"first","17":"onbackorder","18":"shipping-taxable","19":"purchasable","20":"product-type-simple"},"_links":{"self":[{"href":"https:\/\/lucacastelli.com\/de\/wp-json\/wp\/v2\/product\/481012","targetHints":{"allow":["GET"]}}],"collection":[{"href":"https:\/\/lucacastelli.com\/de\/wp-json\/wp\/v2\/product"}],"about":[{"href":"https:\/\/lucacastelli.com\/de\/wp-json\/wp\/v2\/types\/product"}],"wp:featuredmedia":[{"embeddable":true,"href":"https:\/\/lucacastelli.com\/de\/wp-json\/wp\/v2\/media\/73119"}],"wp:attachment":[{"href":"https:\/\/lucacastelli.com\/de\/wp-json\/wp\/v2\/media?parent=481012"}],"wp:term":[{"taxonomy":"product_brand","embeddable":true,"href":"https:\/\/lucacastelli.com\/de\/wp-json\/wp\/v2\/product_brand?post=481012"},{"taxonomy":"product_cat","embeddable":true,"href":"https:\/\/lucacastelli.com\/de\/wp-json\/wp\/v2\/product_cat?post=481012"},{"taxonomy":"product_tag","embeddable":true,"href":"https:\/\/lucacastelli.com\/de\/wp-json\/wp\/v2\/product_tag?post=481012"}],"curies":[{"name":"wp","href":"https:\/\/api.w.org\/{rel}","templated":true}]}}