{"id":480979,"date":"2025-05-31T22:54:59","date_gmt":"2025-05-31T20:54:59","guid":{"rendered":"https:\/\/lucacastelli.com\/prodotto\/stihl-service-kit-40\/"},"modified":"2026-03-02T14:24:42","modified_gmt":"2026-03-02T13:24:42","slug":"stihl-service-kit-40","status":"publish","type":"product","link":"https:\/\/lucacastelli.com\/de\/produkt\/stihl-service-kit-40\/","title":{"rendered":"STIHL Service Kit 40"},"content":{"rendered":"<p>Mit den Wartungskits f\u00fcr Blasger\u00e4te und Spr\u00fchger\u00e4te sowie Saugh\u00e4cksler mit Benzinmotor von STIHL k\u00f6nnen Sie einfache Wartungsarbeiten selbst durchf\u00fchren. Jedes Kit enth\u00e4lt eine Z\u00fcndkerze, einen Kraftstofffilter und einen Luftfilter. Mit einer proaktiven und regelm\u00e4\u00dfigen Standardwartung sch\u00fctzen Sie nicht nur die Komponenten und Teile Ihres Ger\u00e4ts vor Schmutz oder Besch\u00e4digungen, sondern verl\u00e4ngern gleichzeitig die Lebensdauer Ihrer Motors\u00e4ge. Au\u00dfer dem Kombischl\u00fcssel, den Sie bereits mit Ihrer STIHL Motors\u00e4ge erhalten haben, ben\u00f6tigen Sie keine weiteren Werkzeuge f\u00fcr die Wartung.   <\/p>\n<p>Verwendung f\u00fcr BR 800<\/p>\n","protected":false},"excerpt":{"rendered":"<p>Service Kit 40<\/p>\n","protected":false},"featured_media":423523,"template":"","meta":{"_seopress_robots_primary_cat":"none","_seopress_titles_title":"","_seopress_titles_desc":"","_seopress_robots_index":""},"product_brand":[3366],"product_cat":[29,490],"product_tag":[3265],"class_list":{"0":"post-480979","1":"product","2":"type-product","3":"status-publish","4":"has-post-thumbnail","6":"product_brand-stihl","7":"product_cat-macchinari","8":"product_cat-accessori-e-materiale-di-consumo-soffiatori-e-aspiratori","9":"product_tag-import-stihl","10":"sws-gruppo-macchinari-de","11":"sws-conto-ricavi-merci-rivendita-macchinari-de","12":"sws-gruppo-iva-iva81-de","14":"first","15":"onbackorder","16":"purchasable","17":"product-type-simple"},"_links":{"self":[{"href":"https:\/\/lucacastelli.com\/de\/wp-json\/wp\/v2\/product\/480979","targetHints":{"allow":["GET"]}}],"collection":[{"href":"https:\/\/lucacastelli.com\/de\/wp-json\/wp\/v2\/product"}],"about":[{"href":"https:\/\/lucacastelli.com\/de\/wp-json\/wp\/v2\/types\/product"}],"wp:featuredmedia":[{"embeddable":true,"href":"https:\/\/lucacastelli.com\/de\/wp-json\/wp\/v2\/media\/423523"}],"wp:attachment":[{"href":"https:\/\/lucacastelli.com\/de\/wp-json\/wp\/v2\/media?parent=480979"}],"wp:term":[{"taxonomy":"product_brand","embeddable":true,"href":"https:\/\/lucacastelli.com\/de\/wp-json\/wp\/v2\/product_brand?post=480979"},{"taxonomy":"product_cat","embeddable":true,"href":"https:\/\/lucacastelli.com\/de\/wp-json\/wp\/v2\/product_cat?post=480979"},{"taxonomy":"product_tag","embeddable":true,"href":"https:\/\/lucacastelli.com\/de\/wp-json\/wp\/v2\/product_tag?post=480979"}],"curies":[{"name":"wp","href":"https:\/\/api.w.org\/{rel}","templated":true}]}}