{"id":480967,"date":"2025-05-31T22:54:41","date_gmt":"2025-05-31T20:54:41","guid":{"rendered":"https:\/\/lucacastelli.com\/prodotto\/stihl-service-kit-32\/"},"modified":"2026-03-02T14:19:27","modified_gmt":"2026-03-02T13:19:27","slug":"stihl-service-kit-32","status":"publish","type":"product","link":"https:\/\/lucacastelli.com\/de\/produkt\/stihl-service-kit-32\/","title":{"rendered":"STIHL Service Kit 32"},"content":{"rendered":"<p>Mit den Servicekits f\u00fcr STIHL Benzin-Trennschleifer k\u00f6nnen Sie einfache Wartungsarbeiten selbst durchf\u00fchren. Jedes Kit enth\u00e4lt eine Z\u00fcndkerze, einen Kraftstofffilter sowie einen Papierluftfilter und einen Vorfilter. Durch eine proaktive und regelm\u00e4\u00dfige Standardwartung sch\u00fctzen Sie nicht nur die Komponenten und Ger\u00e4teteile vor Verschmutzung oder Sch\u00e4den, sondern erh\u00f6hen gleichzeitig die Lebensdauer Ihres Trennschleifers. Au\u00dfer dem Kombischl\u00fcssel, den Sie bereits mit Ihrem STIHL Trennschleifer erhalten haben, ben\u00f6tigen Sie kein weiteres Werkzeug f\u00fcr die Wartung.   <\/p>\n<p>Verwendung f\u00fcr TS 700, TS 800<\/p>\n","protected":false},"excerpt":{"rendered":"<p>Service Kit 32<\/p>\n","protected":false},"featured_media":423502,"template":"","meta":{"_seopress_robots_primary_cat":"none","_seopress_titles_title":"","_seopress_titles_desc":"","_seopress_robots_index":""},"product_brand":[3554],"product_cat":[169,1582],"product_tag":[3266],"class_list":{"0":"post-480967","1":"product","2":"type-product","3":"status-publish","4":"has-post-thumbnail","6":"product_brand-stihl-de","7":"product_cat-maschinen","8":"product_cat-zubehor-und-verbrauchsmaterial-de-3","9":"product_tag-import-stihl-de","10":"sws-gruppo-macchinari-de","11":"sws-conto-ricavi-merci-rivendita-macchinari-de","12":"sws-gruppo-iva-iva81-de","14":"first","15":"onbackorder","16":"purchasable","17":"product-type-simple"},"_links":{"self":[{"href":"https:\/\/lucacastelli.com\/de\/wp-json\/wp\/v2\/product\/480967","targetHints":{"allow":["GET"]}}],"collection":[{"href":"https:\/\/lucacastelli.com\/de\/wp-json\/wp\/v2\/product"}],"about":[{"href":"https:\/\/lucacastelli.com\/de\/wp-json\/wp\/v2\/types\/product"}],"wp:featuredmedia":[{"embeddable":true,"href":"https:\/\/lucacastelli.com\/de\/wp-json\/wp\/v2\/media\/423502"}],"wp:attachment":[{"href":"https:\/\/lucacastelli.com\/de\/wp-json\/wp\/v2\/media?parent=480967"}],"wp:term":[{"taxonomy":"product_brand","embeddable":true,"href":"https:\/\/lucacastelli.com\/de\/wp-json\/wp\/v2\/product_brand?post=480967"},{"taxonomy":"product_cat","embeddable":true,"href":"https:\/\/lucacastelli.com\/de\/wp-json\/wp\/v2\/product_cat?post=480967"},{"taxonomy":"product_tag","embeddable":true,"href":"https:\/\/lucacastelli.com\/de\/wp-json\/wp\/v2\/product_tag?post=480967"}],"curies":[{"name":"wp","href":"https:\/\/api.w.org\/{rel}","templated":true}]}}